{"id":6923,"date":"2021-05-14T21:09:54","date_gmt":"2021-05-14T21:09:54","guid":{"rendered":"https:\/\/comercializadoraegs.com\/?page_id=6923"},"modified":"2021-07-03T15:32:17","modified_gmt":"2021-07-03T15:32:17","slug":"blog","status":"publish","type":"page","link":"https:\/\/comercializadoraegs.com\/es\/blog\/","title":{"rendered":"Blog EGS"},"content":{"rendered":"<div data-elementor-type=\"wp-page\" data-elementor-id=\"6923\" class=\"elementor elementor-6923\" data-elementor-settings=\"[]\">\n\t\t\t\t\t\t\t<div class=\"elementor-section-wrap\">\n\t\t\t\t\t\t\t<section class=\"elementor-section elementor-top-section elementor-element elementor-element-2914c6a elementor-section-boxed elementor-section-height-default elementor-section-height-default\" data-id=\"2914c6a\" data-element_type=\"section\">\n\t\t\t\t\t\t<div class=\"elementor-container elementor-column-gap-default\">\n\t\t\t\t\t<div class=\"elementor-column elementor-col-100 elementor-top-column elementor-element elementor-element-8db9a00\" data-id=\"8db9a00\" data-element_type=\"column\">\n\t\t\t<div class=\"elementor-widget-wrap elementor-element-populated\">\n\t\t\t\t\t\t\t\t<div class=\"elementor-element elementor-element-89f2685 elementor-widget elementor-widget-blogmentor_blog_posts\" data-id=\"89f2685\" data-element_type=\"widget\" data-widget_type=\"blogmentor_blog_posts.default\">\n\t\t\t\t<div class=\"elementor-widget-container\">\n\t\t\t\t\t\n\t\t\t\t\t<div class=\"upl-main\">\n\t\t<div class=\"upl-container\">\n\t\t\t\t\t\t\t<div class=\"upl-left-section bm_content_box\">\n\t\t\t\t\t\t\t\t<div class=\"bm-post-image clearfix bm-hover-effect bm-hover-effect-opacity\">\n\t\t\t\t\t<div class=\"upl-image\" style=\"background-image: url('https:\/\/comercializadoraegs.com\/wp-content\/uploads\/2021\/11\/version-de-android-12-para-dispositivos.png')\"><\/div>\n\t\t\t\t<\/div>\n\t\t\t\t<div class=\"upl-author\"><img src=\"https:\/\/comercializadoraegs.com\/wp-content\/plugins\/ultimate-member\/assets\/img\/default_avatar.jpg\"><\/div>\n\t\t\t\t<div class=\"upl-title bm_title\"><a href=\"https:\/\/comercializadoraegs.com\/es\/android-12\/\" rel=\"bookmark\">Android 12<\/a><\/div>\t\t\t\t\t<div class=\"upl-excerpt bm_content\"> Android 12 ya disponible Todos los sistemas operativos deben evolucionar, creando nuevas versiones en un lapso de tiempo corto. La \u00faltima versi\u00f3n de Android es \"Android 12\", en algunos dispositivos&hellip; <\/div>\n\t\t\t\t\t\t\t\t\t<div class=\"upl-cat-date bm_meta\">\n\t\t\t\t\t\tComercializadora | noviembre 18, 2021 \t\t\t\t\t<\/div>\n\t\t\t\t\t\t\t<\/div>\n\t\t\t\n\t\t\t\t\t\t<div class=\"upl-right-section\">\n\t\t\t\t<div class=\"upl-top bm_content_box\">\n\t\t\t\t\t<div class=\"bm-post-image clearfix bm-hover-effect bm-hover-effect-opacity\">\n\t\t\t\t\t\t<div class=\"upl-image\" style=\"background-image: url('https:\/\/comercializadoraegs.com\/wp-content\/uploads\/2021\/10\/Windows-11-Start-Dark-scaled-1.jpg')\"><\/div>\n\t\t\t\t\t<\/div>\n\t\t\t\t\t<div class=\"upl-author\">\n\t\t\t\t\t\t<img src=\"https:\/\/comercializadoraegs.com\/wp-content\/plugins\/ultimate-member\/assets\/img\/default_avatar.jpg\">\n\t\t\t\t\t<\/div>\n\t\t\t\t\t<div class=\"upl-title bm_title\"><a href=\"https:\/\/comercializadoraegs.com\/es\/actualizacion-a-windows-11\/\" rel=\"bookmark\">Actualizaci\u00f3n a Windows 11<\/a><\/div>\t\t\t\t\t\t<div class=\"upl-excerpt bm_content\"> \u00a1Ha llegado la actualizaci\u00f3n a Windows 11! La etapa de Windows 10&hellip; <\/div>\n\t\t\t\t\t\t\t\t\t\t\t<div class=\"upl-cat-date bm_meta\">\n\t\t\t\t\t\tComercializadora | octubre 8, 2021 \t\t\t\t\t\t<\/div>\n\t\t\t\t\t\t\t\t\t<\/div>\n\t\t\t\t\t\t\t<div class=\"upl-bottom bm_content_box\">\n\t\t\t\t\t<div class=\"bm-post-image clearfix bm-hover-effect bm-hover-effect-opacity\">\n\t\t\t\t\t\t<div class=\"upl-image\" style=\"background-image: url('https:\/\/comercializadoraegs.com\/wp-content\/uploads\/2021\/08\/bar-621033_1280.jpg')\"><\/div>\n\t\t\t\t\t<\/div>\n\t\t\t\t\t<div class=\"upl-author\">\n\t\t\t\t\t\t<img src=\"https:\/\/comercializadoraegs.com\/wp-content\/plugins\/ultimate-member\/assets\/img\/default_avatar.jpg\">\n\t\t\t\t\t<\/div>\n\t\t\t\t\t<div class=\"upl-title bm_title\"><a href=\"https:\/\/comercializadoraegs.com\/es\/tabletas-inteligentes\/\" rel=\"bookmark\">Tabletas Inteligentes<\/a><\/div>\t\t\t\t\t\t<div class=\"upl-excerpt bm_content\"> \u00bfQu\u00e9 es una tableta? Una tableta, en muchos lugares tambi\u00e9n llamada por&hellip; <\/div>\n\t\t\t\t\t\t\t\t\t\t\t<div class=\"upl-cat-date bm_meta\">\n\t\t\t\t\t\tComercializadora | agosto 21, 2021 \t\t\t\t\t\t<\/div>\n\t\t\t\t\t\t\t\t\t<\/div>\n\t\t\t\t\t\t<\/div>\n\t\t<\/div>\n\t<\/div>\n\n\t<div class=\"upl-second-section\">\n\t\t\t\t\t<div class=\"upl-second bm_content_box\">\n\t\t\t\t<div class=\"bm-post-image clearfix bm-hover-effect bm-hover-effect-opacity\">\n\t\t\t\t\t<div class=\"upl-image\" style=\"background-image: url('https:\/\/comercializadoraegs.com\/wp-content\/uploads\/2021\/08\/download-1745473_1280.png')\"><\/div>\n\t\t\t\t<\/div>\n\t\t\t\t<div class=\"upl-author\">\n\t\t\t\t\t<img src=\"https:\/\/comercializadoraegs.com\/wp-content\/plugins\/ultimate-member\/assets\/img\/default_avatar.jpg\">\n\t\t\t\t<\/div>\n\t\t\t\t<div class=\"upl-title bm_title\"><a href=\"https:\/\/comercializadoraegs.com\/es\/tipos-de-virus\/\" rel=\"bookmark\">Tipos de Virus<\/a><\/div>\t\t\t\t\t<div class=\"upl-excerpt bm_content\"> Los virus inform\u00e1ticos son una de las grandes amenazas actualmente en la&hellip; <\/div>\n\t\t\t\t\t\t\t\t\t<div class=\"upl-cat-date bm_meta\">Comercializadora | agosto 3, 2021 \t\t\t\t\t<\/div>\n\t\t\t\t\t\t\t<\/div>\n\t\t\t\t\t<div class=\"upl-second bm_content_box\">\n\t\t\t\t<div class=\"bm-post-image clearfix bm-hover-effect bm-hover-effect-opacity\">\n\t\t\t\t\t<div class=\"upl-image\" style=\"background-image: url('https:\/\/comercializadoraegs.com\/wp-content\/uploads\/2021\/08\/crime-1862312_1280.jpg')\"><\/div>\n\t\t\t\t<\/div>\n\t\t\t\t<div class=\"upl-author\">\n\t\t\t\t\t<img src=\"https:\/\/comercializadoraegs.com\/wp-content\/plugins\/ultimate-member\/assets\/img\/default_avatar.jpg\">\n\t\t\t\t<\/div>\n\t\t\t\t<div class=\"upl-title bm_title\"><a href=\"https:\/\/comercializadoraegs.com\/es\/scraping-por-diversion-robo-los-datos-de-700-millones-de-usuarios-de-linkedin\/\" rel=\"bookmark\">Scraping, por diversi\u00f3n \u201crobo los datos de 700 millones de usuarios de LinkedIn\u201d<\/a><\/div>\t\t\t\t\t<div class=\"upl-excerpt bm_content\"> \u00bfQu\u00e9 tanta informaci\u00f3n publicas en las redes sociales? \u00bfNombre, lugar de residencia,&hellip; <\/div>\n\t\t\t\t\t\t\t\t\t<div class=\"upl-cat-date bm_meta\">Comercializadora | agosto 1, 2021 \t\t\t\t\t<\/div>\n\t\t\t\t\t\t\t<\/div>\n\t\t\t\t\t<div class=\"upl-second bm_content_box\">\n\t\t\t\t<div class=\"bm-post-image clearfix bm-hover-effect bm-hover-effect-opacity\">\n\t\t\t\t\t<div class=\"upl-image\" style=\"background-image: url('https:\/\/comercializadoraegs.com\/wp-content\/uploads\/2021\/07\/security-265130_1280.jpg')\"><\/div>\n\t\t\t\t<\/div>\n\t\t\t\t<div class=\"upl-author\">\n\t\t\t\t\t<img src=\"https:\/\/comercializadoraegs.com\/wp-content\/plugins\/ultimate-member\/assets\/img\/default_avatar.jpg\">\n\t\t\t\t<\/div>\n\t\t\t\t<div class=\"upl-title bm_title\"><a href=\"https:\/\/comercializadoraegs.com\/es\/quieres-saber-si-has-sido-hackeado-y-quieres-averiguar-como-solucionarlo\/\" rel=\"bookmark\">\u00bfQuieres saber si has sido hackeado? Y quieres averiguar c\u00f3mo solucionarlo.<\/a><\/div>\t\t\t\t\t<div class=\"upl-excerpt bm_content\"> \u00bfTu tel\u00e9fono consume mucha bater\u00eda? No te preocupes, quiz\u00e1s sea hora de&hellip; <\/div>\n\t\t\t\t\t\t\t\t\t<div class=\"upl-cat-date bm_meta\">Comercializadora | julio 29, 2021 \t\t\t\t\t<\/div>\n\t\t\t\t\t\t\t<\/div>\n\t\t\t\t\t<div class=\"upl-second bm_content_box\">\n\t\t\t\t<div class=\"bm-post-image clearfix bm-hover-effect bm-hover-effect-opacity\">\n\t\t\t\t\t<div class=\"upl-image\" style=\"background-image: url('https:\/\/comercializadoraegs.com\/wp-content\/uploads\/2021\/06\/update-3362089_1280.jpg')\"><\/div>\n\t\t\t\t<\/div>\n\t\t\t\t<div class=\"upl-author\">\n\t\t\t\t\t<img src=\"https:\/\/comercializadoraegs.com\/wp-content\/plugins\/ultimate-member\/assets\/img\/default_avatar.jpg\">\n\t\t\t\t<\/div>\n\t\t\t\t<div class=\"upl-title bm_title\"><a href=\"https:\/\/comercializadoraegs.com\/es\/fecha-de-salida-y-novedades-del-nuevo-windows-11\/\" rel=\"bookmark\">Fecha de salida y novedades del nuevo Windows 11.<\/a><\/div>\t\t\t\t\t<div class=\"upl-excerpt bm_content\"> Microsoft termino de contarnos todas las novedades de Windows 11, que son&hellip; <\/div>\n\t\t\t\t\t\t\t\t\t<div class=\"upl-cat-date bm_meta\">Comercializadora | junio 25, 2021 \t\t\t\t\t<\/div>\n\t\t\t\t\t\t\t<\/div>\n\t\t\t\t\t<div class=\"upl-second bm_content_box\">\n\t\t\t\t<div class=\"bm-post-image clearfix bm-hover-effect bm-hover-effect-opacity\">\n\t\t\t\t\t<div class=\"upl-image\" style=\"background-image: url('https:\/\/comercializadoraegs.com\/wp-content\/uploads\/2021\/06\/cyber-security-1923446_1280.png')\"><\/div>\n\t\t\t\t<\/div>\n\t\t\t\t<div class=\"upl-author\">\n\t\t\t\t\t<img src=\"https:\/\/comercializadoraegs.com\/wp-content\/plugins\/ultimate-member\/assets\/img\/default_avatar.jpg\">\n\t\t\t\t<\/div>\n\t\t\t\t<div class=\"upl-title bm_title\"><a href=\"https:\/\/comercializadoraegs.com\/es\/controvertido-pionero-de-los-antivirus-que-huyo-de-la-justicia-de-ee-uu-john-mcafee\/\" rel=\"bookmark\">Controvertido pionero de los antivirus que huy\u00f3 de la justicia de EE.UU. John McAfee.<\/a><\/div>\t\t\t\t\t<div class=\"upl-excerpt bm_content\"> Leyenda de la tecnolog\u00eda a fugitivo de la ley. De profeta del&hellip; <\/div>\n\t\t\t\t\t\t\t\t\t<div class=\"upl-cat-date bm_meta\">Comercializadora | junio 25, 2021 \t\t\t\t\t<\/div>\n\t\t\t\t\t\t\t<\/div>\n\t\t\t\t\t<div class=\"upl-second bm_content_box\">\n\t\t\t\t<div class=\"bm-post-image clearfix bm-hover-effect bm-hover-effect-opacity\">\n\t\t\t\t\t<div class=\"upl-image\" style=\"background-image: url('https:\/\/comercializadoraegs.com\/wp-content\/uploads\/2021\/06\/android-994910_1280.jpg')\"><\/div>\n\t\t\t\t<\/div>\n\t\t\t\t<div class=\"upl-author\">\n\t\t\t\t\t<img src=\"https:\/\/comercializadoraegs.com\/wp-content\/plugins\/ultimate-member\/assets\/img\/default_avatar.jpg\">\n\t\t\t\t<\/div>\n\t\t\t\t<div class=\"upl-title bm_title\"><a href=\"https:\/\/comercializadoraegs.com\/es\/android-12-sera-personalizado-por-el-usuario\/\" rel=\"bookmark\">Android 12, ser\u00e1 personalizado por el usuario.<\/a><\/div>\t\t\t\t\t<div class=\"upl-excerpt bm_content\"> Google asombra a los espectadores tras presentar algunas de las nuevas caracter\u00edsticas&hellip; <\/div>\n\t\t\t\t\t\t\t\t\t<div class=\"upl-cat-date bm_meta\">Comercializadora | junio 25, 2021 \t\t\t\t\t<\/div>\n\t\t\t\t\t\t\t<\/div>\n\t\t\t\t\t<div class=\"upl-second bm_content_box\">\n\t\t\t\t<div class=\"bm-post-image clearfix bm-hover-effect bm-hover-effect-opacity\">\n\t\t\t\t\t<div class=\"upl-image\" style=\"background-image: url('https:\/\/comercializadoraegs.com\/wp-content\/uploads\/2021\/06\/prolicom.jpg')\"><\/div>\n\t\t\t\t<\/div>\n\t\t\t\t<div class=\"upl-author\">\n\t\t\t\t\t<img src=\"https:\/\/comercializadoraegs.com\/wp-content\/plugins\/ultimate-member\/assets\/img\/default_avatar.jpg\">\n\t\t\t\t<\/div>\n\t\t\t\t<div class=\"upl-title bm_title\"><a href=\"https:\/\/comercializadoraegs.com\/es\/productos-de-limpieza-prolicom\/\" rel=\"bookmark\">Productos de limpieza Prolicom<\/a><\/div>\t\t\t\t\t<div class=\"upl-excerpt bm_content\"> \u00bfPor qu\u00e9 es importante la limpieza de tus equipos de c\u00f3mputo? Tener&hellip; <\/div>\n\t\t\t\t\t\t\t\t\t<div class=\"upl-cat-date bm_meta\">Comercializadora | junio 22, 2021 \t\t\t\t\t<\/div>\n\t\t\t\t\t\t\t<\/div>\n\t\t\t\t\t<div class=\"upl-second bm_content_box\">\n\t\t\t\t<div class=\"bm-post-image clearfix bm-hover-effect bm-hover-effect-opacity\">\n\t\t\t\t\t<div class=\"upl-image\" style=\"background-image: url('https:\/\/comercializadoraegs.com\/wp-content\/uploads\/2021\/06\/pexels-anete-lusina-4792727-1.jpg')\"><\/div>\n\t\t\t\t<\/div>\n\t\t\t\t<div class=\"upl-author\">\n\t\t\t\t\t<img src=\"https:\/\/comercializadoraegs.com\/wp-content\/plugins\/ultimate-member\/assets\/img\/default_avatar.jpg\">\n\t\t\t\t<\/div>\n\t\t\t\t<div class=\"upl-title bm_title\"><a href=\"https:\/\/comercializadoraegs.com\/es\/mantenimiento-a-equipos-de-computo\/\" rel=\"bookmark\">MANTENIMIENTO A EQUIPOS DE COMPUTO<\/a><\/div>\t\t\t\t\t<div class=\"upl-excerpt bm_content\"> \u00bfPor qu\u00e9 es importante el mantenimiento en tu equipo de computo? Un&hellip; <\/div>\n\t\t\t\t\t\t\t\t\t<div class=\"upl-cat-date bm_meta\">Comercializadora | junio 15, 2021 \t\t\t\t\t<\/div>\n\t\t\t\t\t\t\t<\/div>\n\t\t\t\t\t<div class=\"upl-second bm_content_box\">\n\t\t\t\t<div class=\"bm-post-image clearfix bm-hover-effect bm-hover-effect-opacity\">\n\t\t\t\t\t<div class=\"upl-image\" style=\"background-image: url('https:\/\/comercializadoraegs.com\/wp-content\/uploads\/2021\/06\/142-4.jpeg')\"><\/div>\n\t\t\t\t<\/div>\n\t\t\t\t<div class=\"upl-author\">\n\t\t\t\t\t<img src=\"https:\/\/comercializadoraegs.com\/wp-content\/plugins\/ultimate-member\/assets\/img\/default_avatar.jpg\">\n\t\t\t\t<\/div>\n\t\t\t\t<div class=\"upl-title bm_title\"><a href=\"https:\/\/comercializadoraegs.com\/es\/jacks\/\" rel=\"bookmark\">Jack's<\/a><\/div>\t\t\t\t\t<div class=\"upl-excerpt bm_content\"> \u00bfQu\u00e9 son los jack's? Los jack son conectores utilizados en varios dispositivos&hellip; <\/div>\n\t\t\t\t\t\t\t\t\t<div class=\"upl-cat-date bm_meta\">Comercializadora | junio 15, 2021 \t\t\t\t\t<\/div>\n\t\t\t\t\t\t\t<\/div>\n\t\t\t\t\t<div class=\"upl-second bm_content_box\">\n\t\t\t\t<div class=\"bm-post-image clearfix bm-hover-effect bm-hover-effect-opacity\">\n\t\t\t\t\t<div class=\"upl-image\" style=\"background-image: url('https:\/\/comercializadoraegs.com\/wp-content\/uploads\/2021\/06\/hand-4448890_1920.jpg')\"><\/div>\n\t\t\t\t<\/div>\n\t\t\t\t<div class=\"upl-author\">\n\t\t\t\t\t<img src=\"https:\/\/comercializadoraegs.com\/wp-content\/plugins\/ultimate-member\/assets\/img\/default_avatar.jpg\">\n\t\t\t\t<\/div>\n\t\t\t\t<div class=\"upl-title bm_title\"><a href=\"https:\/\/comercializadoraegs.com\/es\/caida-masiva-de-servidores\/\" rel=\"bookmark\">CAIDA MASIVA DE SERVIDORES<\/a><\/div>\t\t\t\t\t<div class=\"upl-excerpt bm_content\"> El d\u00eda martes 8 de junio se registr\u00f3 una ca\u00edda masiva en&hellip; <\/div>\n\t\t\t\t\t\t\t\t\t<div class=\"upl-cat-date bm_meta\">Comercializadora | junio 11, 2021 \t\t\t\t\t<\/div>\n\t\t\t\t\t\t\t<\/div>\n\t\t\t\t\t<div class=\"upl-second bm_content_box\">\n\t\t\t\t<div class=\"bm-post-image clearfix bm-hover-effect bm-hover-effect-opacity\">\n\t\t\t\t\t<div class=\"upl-image\" style=\"background-image: url('https:\/\/comercializadoraegs.com\/wp-content\/uploads\/2021\/06\/pexels-christina-morillo-1181354-1.jpg')\"><\/div>\n\t\t\t\t<\/div>\n\t\t\t\t<div class=\"upl-author\">\n\t\t\t\t\t<img src=\"https:\/\/comercializadoraegs.com\/wp-content\/plugins\/ultimate-member\/assets\/img\/default_avatar.jpg\">\n\t\t\t\t<\/div>\n\t\t\t\t<div class=\"upl-title bm_title\"><a href=\"https:\/\/comercializadoraegs.com\/es\/hosting\/\" rel=\"bookmark\">\u00bfSabes que es un hosting?<\/a><\/div>\t\t\t\t\t<div class=\"upl-excerpt bm_content\"> HOSTING Es un espacio donde se almacena una p\u00e1gina web para poder&hellip; <\/div>\n\t\t\t\t\t\t\t\t\t<div class=\"upl-cat-date bm_meta\">Comercializadora | junio 4, 2021 \t\t\t\t\t<\/div>\n\t\t\t\t\t\t\t<\/div>\n\t\t\t\t\t<div class=\"upl-second bm_content_box\">\n\t\t\t\t<div class=\"bm-post-image clearfix bm-hover-effect bm-hover-effect-opacity\">\n\t\t\t\t\t<div class=\"upl-image\" style=\"background-image: url('https:\/\/comercializadoraegs.com\/wp-content\/uploads\/2021\/06\/smartphone-2568602_1280.jpg')\"><\/div>\n\t\t\t\t<\/div>\n\t\t\t\t<div class=\"upl-author\">\n\t\t\t\t\t<img src=\"https:\/\/comercializadoraegs.com\/wp-content\/plugins\/ultimate-member\/assets\/img\/default_avatar.jpg\">\n\t\t\t\t<\/div>\n\t\t\t\t<div class=\"upl-title bm_title\"><a href=\"https:\/\/comercializadoraegs.com\/es\/ten-en-cuenta-por-que-no-debes-cargar-tu-phone-con-un-cable-ajeno\/\" rel=\"bookmark\">Ten en cuenta por qu\u00e9 no debes cargar tu iPhone con un cable ajeno.<\/a><\/div>\t\t\t\t\t<div class=\"upl-excerpt bm_content\"> Analistas advierten que \u201chackers\u201d usan cables falsos para recaudar datos de los&hellip; <\/div>\n\t\t\t\t\t\t\t\t\t<div class=\"upl-cat-date bm_meta\">Comercializadora | junio 3, 2021 \t\t\t\t\t<\/div>\n\t\t\t\t\t\t\t<\/div>\n\t\t\t\t\t<div class=\"upl-second bm_content_box\">\n\t\t\t\t<div class=\"bm-post-image clearfix bm-hover-effect bm-hover-effect-opacity\">\n\t\t\t\t\t<div class=\"upl-image\" style=\"background-image: url('https:\/\/comercializadoraegs.com\/wp-content\/uploads\/2021\/06\/og-full.jpg')\"><\/div>\n\t\t\t\t<\/div>\n\t\t\t\t<div class=\"upl-author\">\n\t\t\t\t\t<img src=\"https:\/\/comercializadoraegs.com\/wp-content\/plugins\/ultimate-member\/assets\/img\/default_avatar.jpg\">\n\t\t\t\t<\/div>\n\t\t\t\t<div class=\"upl-title bm_title\"><a href=\"https:\/\/comercializadoraegs.com\/es\/el-mejor-editor-de-codigo\/\" rel=\"bookmark\">\u00bfEl mejor editor de c\u00f3digo existe?<\/a><\/div>\t\t\t\t\t<div class=\"upl-excerpt bm_content\"> Dentro del mundo del desarrollo de software cuando se trata de personalizar&hellip; <\/div>\n\t\t\t\t\t\t\t\t\t<div class=\"upl-cat-date bm_meta\">Comercializadora | junio 3, 2021 \t\t\t\t\t<\/div>\n\t\t\t\t\t\t\t<\/div>\n\t\t\t\t\t<div class=\"upl-second bm_content_box\">\n\t\t\t\t<div class=\"bm-post-image clearfix bm-hover-effect bm-hover-effect-opacity\">\n\t\t\t\t\t<div class=\"upl-image\" style=\"background-image: url('https:\/\/comercializadoraegs.com\/wp-content\/uploads\/2021\/06\/upgrade-3727076_1920.jpg')\"><\/div>\n\t\t\t\t<\/div>\n\t\t\t\t<div class=\"upl-author\">\n\t\t\t\t\t<img src=\"https:\/\/comercializadoraegs.com\/wp-content\/plugins\/ultimate-member\/assets\/img\/default_avatar.jpg\">\n\t\t\t\t<\/div>\n\t\t\t\t<div class=\"upl-title bm_title\"><a href=\"https:\/\/comercializadoraegs.com\/es\/nueva-actualizacion-masiva-para-windows\/\" rel=\"bookmark\">Nueva actualizaci\u00f3n masiva para Windows.<\/a><\/div>\t\t\t\t\t<div class=\"upl-excerpt bm_content\"> Microsoft lanzar\u00e1 en este mes la actualizaci\u00f3n m\u00e1s importante para su sistema&hellip; <\/div>\n\t\t\t\t\t\t\t\t\t<div class=\"upl-cat-date bm_meta\">Comercializadora | junio 3, 2021 \t\t\t\t\t<\/div>\n\t\t\t\t\t\t\t<\/div>\n\t\t\t\t\t<div class=\"upl-second bm_content_box\">\n\t\t\t\t<div class=\"bm-post-image clearfix bm-hover-effect bm-hover-effect-opacity\">\n\t\t\t\t\t<div class=\"upl-image\" style=\"background-image: url('https:\/\/comercializadoraegs.com\/wp-content\/uploads\/2021\/06\/SEO-Banner.png')\"><\/div>\n\t\t\t\t<\/div>\n\t\t\t\t<div class=\"upl-author\">\n\t\t\t\t\t<img src=\"https:\/\/comercializadoraegs.com\/wp-content\/plugins\/ultimate-member\/assets\/img\/default_avatar.jpg\">\n\t\t\t\t<\/div>\n\t\t\t\t<div class=\"upl-title bm_title\"><a href=\"https:\/\/comercializadoraegs.com\/es\/seo\/\" rel=\"bookmark\">\u00bfC\u00f3mo posicionar mi sitio web en Google?<\/a><\/div>\t\t\t\t\t<div class=\"upl-excerpt bm_content\"> \u00bfQu\u00e9 significa SEO? Como bien sus siglas hace referencia a la abreviatura&nbsp;&hellip; <\/div>\n\t\t\t\t\t\t\t\t\t<div class=\"upl-cat-date bm_meta\">Comercializadora | junio 2, 2021 \t\t\t\t\t<\/div>\n\t\t\t\t\t\t\t<\/div>\n\t\t\t\t\t<div class=\"upl-second bm_content_box\">\n\t\t\t\t<div class=\"bm-post-image clearfix bm-hover-effect bm-hover-effect-opacity\">\n\t\t\t\t\t<div class=\"upl-image\" style=\"background-image: url('https:\/\/comercializadoraegs.com\/wp-content\/uploads\/2021\/06\/pexels-photomix-company-230544.jpg')\"><\/div>\n\t\t\t\t<\/div>\n\t\t\t\t<div class=\"upl-author\">\n\t\t\t\t\t<img src=\"https:\/\/comercializadoraegs.com\/wp-content\/plugins\/ultimate-member\/assets\/img\/default_avatar.jpg\">\n\t\t\t\t<\/div>\n\t\t\t\t<div class=\"upl-title bm_title\"><a href=\"https:\/\/comercializadoraegs.com\/es\/e-commerce\/\" rel=\"bookmark\">e-commerce llevar mi negocio al internet<\/a><\/div>\t\t\t\t\t<div class=\"upl-excerpt bm_content\"> Entendamos \u00bfQu\u00e9 es e-commerce? El comercio electr\u00f3nico o bien, como muchos lo&hellip; <\/div>\n\t\t\t\t\t\t\t\t\t<div class=\"upl-cat-date bm_meta\">Comercializadora | junio 2, 2021 \t\t\t\t\t<\/div>\n\t\t\t\t\t\t\t<\/div>\n\t\t\t\t\t<div class=\"upl-second bm_content_box\">\n\t\t\t\t<div class=\"bm-post-image clearfix bm-hover-effect bm-hover-effect-opacity\">\n\t\t\t\t\t<div class=\"upl-image\" style=\"background-image: url('https:\/\/comercializadoraegs.com\/wp-content\/uploads\/2021\/05\/pexels-anton-4132538.jpg')\"><\/div>\n\t\t\t\t<\/div>\n\t\t\t\t<div class=\"upl-author\">\n\t\t\t\t\t<img src=\"https:\/\/comercializadoraegs.com\/wp-content\/plugins\/ultimate-member\/assets\/img\/default_avatar.jpg\">\n\t\t\t\t<\/div>\n\t\t\t\t<div class=\"upl-title bm_title\"><a href=\"https:\/\/comercializadoraegs.com\/es\/whatsapp-bussines\/\" rel=\"bookmark\">\u00bfPor qu\u00e9 necesito WhatsApp Business?<\/a><\/div>\t\t\t\t\t<div class=\"upl-excerpt bm_content\"> WhatsApp Business WhatsApp Business es una aplicaci\u00f3n creada para la estrategia de&hellip; <\/div>\n\t\t\t\t\t\t\t\t\t<div class=\"upl-cat-date bm_meta\">Comercializadora | mayo 31, 2021 \t\t\t\t\t<\/div>\n\t\t\t\t\t\t\t<\/div>\n\t\t\t<\/div>\n\t\t<\/div>\n\t\t\t\t<\/div>\n\t\t\t\t\t<\/div>\n\t\t<\/div>\n\t\t\t\t\t\t\t<\/div>\n\t\t<\/section>\n\t\t\t\t\t\t<\/div>\n\t\t\t\t\t<\/div>","protected":false},"excerpt":{"rendered":"<p>Hosting HOSTING Es un espacio donde se almacena una p\u00e1gina web para poder ser visualizado por el usuario atreves de un dominio (DNS) nombre de dominio reservado para tu p\u00e1gina web.\u2026 Comercializadora | junio 4, 2021 Ten en cuenta por qu\u00e9 no debes cargar tu \u00a1Phone con un cable ajeno. Analistas advierten que \u201chackers\u201d usan &hellip;<\/p>\n<p class=\"read-more\"> <a class=\"\" href=\"https:\/\/comercializadoraegs.com\/es\/blog\/\"> <span class=\"screen-reader-text\">Blog EGS<\/span> Read More &raquo;<\/a><\/p>","protected":false},"author":1,"featured_media":5043,"parent":0,"menu_order":0,"comment_status":"closed","ping_status":"closed","template":"","meta":[],"_links":{"self":[{"href":"https:\/\/comercializadoraegs.com\/es\/wp-json\/wp\/v2\/pages\/6923"}],"collection":[{"href":"https:\/\/comercializadoraegs.com\/es\/wp-json\/wp\/v2\/pages"}],"about":[{"href":"https:\/\/comercializadoraegs.com\/es\/wp-json\/wp\/v2\/types\/page"}],"author":[{"embeddable":true,"href":"https:\/\/comercializadoraegs.com\/es\/wp-json\/wp\/v2\/users\/1"}],"replies":[{"embeddable":true,"href":"https:\/\/comercializadoraegs.com\/es\/wp-json\/wp\/v2\/comments?post=6923"}],"version-history":[{"count":1,"href":"https:\/\/comercializadoraegs.com\/es\/wp-json\/wp\/v2\/pages\/6923\/revisions"}],"predecessor-version":[{"id":11316,"href":"https:\/\/comercializadoraegs.com\/es\/wp-json\/wp\/v2\/pages\/6923\/revisions\/11316"}],"wp:featuredmedia":[{"embeddable":true,"href":"https:\/\/comercializadoraegs.com\/es\/wp-json\/wp\/v2\/media\/5043"}],"wp:attachment":[{"href":"https:\/\/comercializadoraegs.com\/es\/wp-json\/wp\/v2\/media?parent=6923"}],"curies":[{"name":"wp","href":"https:\/\/api.w.org\/{rel}","templated":true}]}}