{"id":9692,"date":"2021-06-08T16:28:37","date_gmt":"2021-06-08T16:28:37","guid":{"rendered":"https:\/\/comercializadoraegs.com\/?page_id=9692"},"modified":"2022-07-11T18:37:20","modified_gmt":"2022-07-11T18:37:20","slug":"encuesta","status":"publish","type":"page","link":"https:\/\/comercializadoraegs.com\/es\/encuesta\/","title":{"rendered":"Encuesta"},"content":{"rendered":"<div data-elementor-type=\"wp-page\" data-elementor-id=\"9692\" class=\"elementor elementor-9692\" data-elementor-settings=\"[]\">\n\t\t\t\t\t\t\t<div class=\"elementor-section-wrap\">\n\t\t\t\t\t\t\t<section class=\"elementor-section elementor-top-section elementor-element elementor-element-56bb0ff elementor-section-boxed elementor-section-height-default elementor-section-height-default\" data-id=\"56bb0ff\" data-element_type=\"section\">\n\t\t\t\t\t\t<div class=\"elementor-container elementor-column-gap-default\">\n\t\t\t\t\t<div class=\"elementor-column elementor-col-100 elementor-top-column elementor-element elementor-element-3667c48\" data-id=\"3667c48\" data-element_type=\"column\">\n\t\t\t<div class=\"elementor-widget-wrap elementor-element-populated\">\n\t\t\t\t\t\t\t\t<div class=\"elementor-element elementor-element-923e332 elementor-widget elementor-widget-heading\" data-id=\"923e332\" data-element_type=\"widget\" data-widget_type=\"heading.default\">\n\t\t\t\t<div class=\"elementor-widget-container\">\n\t\t\t<h2 class=\"elementor-heading-title elementor-size-default\">\u00a1No olvides que al finalizar recibir\u00e1s un cup\u00f3n de descuento!<\/h2>\t\t<\/div>\n\t\t\t\t<\/div>\n\t\t\t\t<div class=\"elementor-element elementor-element-4145bc4 elementor-widget elementor-widget-shortcode\" data-id=\"4145bc4\" data-element_type=\"widget\" data-widget_type=\"shortcode.default\">\n\t\t\t\t<div class=\"elementor-widget-container\">\n\t\t\t\t\t<div class=\"elementor-shortcode\">  <div id=\"survey-question-form-9696\" class=\"survey-container\" data-id=\"9696\" data-metadata=\"{&quot;ps_survey_turn_on&quot;:&quot;survey_on&quot;,&quot;ps_survey_turn_off_message&quot;:&quot;Lo sentimos, la encuesta est\\u00e1 actualmente suspendida o en proceso de creaci\\u00f3n, intente de nuevo m\\u00e1s tarde ;)&quot;,&quot;ps_question_submit_complete&quot;:&quot;complete&quot;,&quot;ps_question_submit_type&quot;:&quot;normal&quot;,&quot;ps_pagination_style&quot;:&quot;nopager&quot;,&quot;ps_btn_submit_text&quot;:&quot;Enviar encuesta&quot;,&quot;ps_btn_submit_next_text&quot;:&quot;Ir a la siguiente preguntas&quot;,&quot;ps_boxed_questions&quot;:&quot;no-boxed&quot;,&quot;ps_survey_main_color_frontend_single&quot;:&quot;#38e249&quot;,&quot;ps_success_message_complete&quot;:&quot;Gracias por enviar el cuestionario, sus datos se guardaron con \\u00e9xito.&quot;,&quot;ps_success_message_complete_on&quot;:&quot;message_complete_on&quot;,&quot;ps_success_message_one&quot;:&quot;Gracias por enviar esta pregunta, sus datos se guardaron con \\u00e9xito.&quot;,&quot;ps_success_message_one_on&quot;:&quot;message_one_on&quot;,&quot;ps_survey_stats_frontend_end_survey&quot;:&quot;statistics_frontend_always&quot;,&quot;ps_survey_stats_frontend&quot;:&quot;statistics_frontend_off&quot;,&quot;ps_survey_tables_frontend&quot;:&quot;statistics_table_off&quot;,&quot;ps_success_page_link&quot;:&quot;https:\\\/\\\/comercializadoraegs.com\\\/cuponera\\\/&quot;}\" data-total-questions=\"10\">\n                <div class=\"survey_general_container submit-complete\">\n                  <div class=\"survey_question_container no-boxed text answerable not-answered\">\n            <!-- QUESTION TYPE TEXT -->\n<div id=\"survey_question_13\" class=\"survey_question_box survey_question_type_text\"\n  data-post-id=\"9696\"\n  data-question-id=\"13\"\n  data-validation-required=\"false\"\n  data-validation-message=\"&quot;N\u00famero de orden&quot; Required\"\n  data-question-text=\"N\u00famero de orden\"\n  >\n  <div class=\"survey_queryble\">\n    <h2>N\u00famero de orden <\/h2>\n          <p class=\"question-description\"> El n\u00famero de ticket se encuentra en la parte superior de tu ticket despu\u00e9s de la fecha y hora <\/p>\n    \n    <div class=\"survey_row\">\n  <div class=\"survey_col12\">\n\n    \n      <div class=\"survey-wrap-input\">\n  <label class=\"check-btn-input-custom\">\n          <input type=\"\" name=\"ps_questions[13][29]\">\n\n        <\/label>\n<\/div>\n\n        <\/div>\n<\/div>\n    <\/div>\n<\/div>\n          <\/div>\n                    <div class=\"survey_question_container no-boxed text answerable not-answered\">\n            <!-- QUESTION TYPE TEXT -->\n<div id=\"survey_question_14\" class=\"survey_question_box survey_question_type_text\"\n  data-post-id=\"9696\"\n  data-question-id=\"14\"\n  data-validation-required=\"true\"\n  data-validation-message=\"&quot;Correo electr\u00f3nico&quot; Required\"\n  data-question-text=\"Correo electr\u00f3nico\"\n  >\n  <div class=\"survey_queryble required\">\n    <h2>Correo electr\u00f3nico <span class=\"ps_required\">*<\/span><\/h2>\n    \n    <div class=\"survey_row\">\n  <div class=\"survey_col12\">\n\n    \n      <div class=\"survey-wrap-input\">\n  <label class=\"check-btn-input-custom\">\n          <input type=\"\" name=\"ps_questions[14][30]\">\n\n        <\/label>\n<\/div>\n\n        <\/div>\n<\/div>\n    <\/div>\n<\/div>\n          <\/div>\n                    <div class=\"survey_question_container no-boxed single_choice answerable not-answered\">\n            <!-- QUESTION TYPE SINGLE_CHOICE -->\n<div id=\"survey_question_25\" class=\"survey_question_box survey_question_type_single_choice\"\n  data-post-id=\"9696\"\n  data-question-id=\"25\"\n  data-validation-required=\"true\"\n  data-validation-message=\"&quot;\u00bfQu\u00e9 tan satisfecho est\u00e1 con nuestro servicio?&quot; Required\"\n  data-question-text=\"\u00bfQu\u00e9 tan satisfecho est\u00e1 con nuestro servicio?\"\n  >\n  <div class=\"survey_queryble required\">\n    <h2>\u00bfQu\u00e9 tan satisfecho est\u00e1 con nuestro servicio? <span class=\"ps_required\">*<\/span><\/h2>\n    \n    <div class=\"survey_row\">\n  <div class=\"survey_col12 select\">\n\n          <select name=\"ps_questions[25][]\"  required class=\"ps-select-answer\">\n        <option value=\"\" style=\"font-style: italic;\">--Select--<\/option>\n      \n      <label class=\"radio-btn\">\n      <option value=\"57\">Muy bueno <\/option>\n    <\/label>\n<label class=\"radio-btn\">\n      <option value=\"58\">Bueno<\/option>\n    <\/label>\n<label class=\"radio-btn\">\n      <option value=\"59\">Regular<\/option>\n    <\/label>\n<label class=\"radio-btn\">\n      <option value=\"60\">Malo<\/option>\n    <\/label>\n<label class=\"radio-btn\">\n      <option value=\"61\">Muy malo<\/option>\n    <\/label>\n\n            <\/select>\n      <\/div>\n<\/div>\n    <\/div>\n<\/div>\n          <\/div>\n                    <div class=\"survey_question_container no-boxed single_choice answerable not-answered\">\n            <!-- QUESTION TYPE SINGLE_CHOICE -->\n<div id=\"survey_question_5\" class=\"survey_question_box survey_question_type_single_choice\"\n  data-post-id=\"9696\"\n  data-question-id=\"5\"\n  data-validation-required=\"true\"\n  data-validation-message=\"&quot;\u00bfTu requerimiento fue solucionado?&quot; Required\"\n  data-question-text=\"\u00bfTu requerimiento fue solucionado?\"\n  >\n  <div class=\"survey_queryble required\">\n    <h2>\u00bfTu requerimiento fue solucionado? <span class=\"ps_required\">*<\/span><\/h2>\n    \n    <div class=\"survey_row\">\n  <div class=\"survey_col12 survey_column_settings_layout\">\n\n    \n      <label class=\"radio-btn\">\n      <input type=\"radio\"  name=\"ps_questions[5][]\" value=\"9\" class=\"ps-answers\" \/>\n    <span><\/span>\n    <span class=\"ps_survey_onlyext\">Si<\/span>\n    <\/label>\n<label class=\"radio-btn\">\n      <input type=\"radio\"  name=\"ps_questions[5][]\" value=\"10\" class=\"ps-answers\" \/>\n    <span><\/span>\n    <span class=\"ps_survey_onlyext\">No<\/span>\n    <\/label>\n\n        <\/div>\n<\/div>\n    <\/div>\n<\/div>\n          <\/div>\n                    <div class=\"survey_question_container no-boxed single_choice answerable not-answered\">\n            <!-- QUESTION TYPE SINGLE_CHOICE -->\n<div id=\"survey_question_6\" class=\"survey_question_box survey_question_type_single_choice\"\n  data-post-id=\"9696\"\n  data-question-id=\"6\"\n  data-validation-required=\"true\"\n  data-validation-message=\"&quot;\u00bfC\u00f3mo calificar\u00edas la atenci\u00f3n ofrecida por el asesor?&quot; Required\"\n  data-question-text=\"\u00bfC\u00f3mo calificar\u00edas la atenci\u00f3n ofrecida por el asesor?\"\n  >\n  <div class=\"survey_queryble required\">\n    <h2>\u00bfC\u00f3mo calificar\u00edas la atenci\u00f3n ofrecida por el asesor? <span class=\"ps_required\">*<\/span><\/h2>\n    \n    <div class=\"survey_row\">\n  <div class=\"survey_col12 select\">\n\n          <select name=\"ps_questions[6][]\"  required class=\"ps-select-answer\">\n        <option value=\"\" style=\"font-style: italic;\">--Select--<\/option>\n      \n      <label class=\"radio-btn\">\n      <option value=\"11\">Muy buena<\/option>\n    <\/label>\n<label class=\"radio-btn\">\n      <option value=\"12\">Buena<\/option>\n    <\/label>\n<label class=\"radio-btn\">\n      <option value=\"13\">Regular<\/option>\n    <\/label>\n<label class=\"radio-btn\">\n      <option value=\"14\">Mala<\/option>\n    <\/label>\n<label class=\"radio-btn\">\n      <option value=\"15\">Muy mala<\/option>\n    <\/label>\n\n            <\/select>\n      <\/div>\n<\/div>\n    <\/div>\n<\/div>\n          <\/div>\n                    <div class=\"survey_question_container no-boxed single_choice answerable not-answered\">\n            <!-- QUESTION TYPE SINGLE_CHOICE -->\n<div id=\"survey_question_26\" class=\"survey_question_box survey_question_type_single_choice\"\n  data-post-id=\"9696\"\n  data-question-id=\"26\"\n  data-validation-required=\"false\"\n  data-validation-message=\"&quot;\u00bfC\u00f3mo calificar\u00edas la atenci\u00f3n brindada por el t\u00e9cnico? &quot; Required\"\n  data-question-text=\"\u00bfC\u00f3mo calificar\u00edas la atenci\u00f3n brindada por el t\u00e9cnico? \"\n  >\n  <div class=\"survey_queryble\">\n    <h2>\u00bfC\u00f3mo calificar\u00edas la atenci\u00f3n brindada por el t\u00e9cnico?  <\/h2>\n    \n    <div class=\"survey_row\">\n  <div class=\"survey_col12 select\">\n\n          <select name=\"ps_questions[26][]\"   class=\"ps-select-answer\">\n        <option value=\"\" style=\"font-style: italic;\">--Select--<\/option>\n      \n      <label class=\"radio-btn\">\n      <option value=\"63\">Muy buena<\/option>\n    <\/label>\n<label class=\"radio-btn\">\n      <option value=\"64\">Buena<\/option>\n    <\/label>\n<label class=\"radio-btn\">\n      <option value=\"65\">Regular <\/option>\n    <\/label>\n<label class=\"radio-btn\">\n      <option value=\"66\">Mala <\/option>\n    <\/label>\n<label class=\"radio-btn\">\n      <option value=\"67\">Muy mala<\/option>\n    <\/label>\n\n            <\/select>\n      <\/div>\n<\/div>\n    <\/div>\n<\/div>\n          <\/div>\n                    <div class=\"survey_question_container no-boxed single_choice answerable not-answered\">\n            <!-- QUESTION TYPE SINGLE_CHOICE -->\n<div id=\"survey_question_7\" class=\"survey_question_box survey_question_type_single_choice\"\n  data-post-id=\"9696\"\n  data-question-id=\"7\"\n  data-validation-required=\"true\"\n  data-validation-message=\"&quot;\u00bfQu\u00e9 tan probable es que regreses a nuestra sucursal?&quot; Required\"\n  data-question-text=\"\u00bfQu\u00e9 tan probable es que regreses a nuestra sucursal?\"\n  >\n  <div class=\"survey_queryble required\">\n    <h2>\u00bfQu\u00e9 tan probable es que regreses a nuestra sucursal? <span class=\"ps_required\">*<\/span><\/h2>\n    \n    <div class=\"survey_row\">\n  <div class=\"survey_col12 survey_column_settings_layout\">\n\n    \n      <label class=\"radio-btn\">\n      <input type=\"radio\"  name=\"ps_questions[7][]\" value=\"17\" class=\"ps-answers\" \/>\n    <span><\/span>\n    <span class=\"ps_survey_onlyext\">Muy probable<\/span>\n    <\/label>\n<label class=\"radio-btn\">\n      <input type=\"radio\"  name=\"ps_questions[7][]\" value=\"62\" class=\"ps-answers\" \/>\n    <span><\/span>\n    <span class=\"ps_survey_onlyext\">Probable<\/span>\n    <\/label>\n<label class=\"radio-btn\">\n      <input type=\"radio\"  name=\"ps_questions[7][]\" value=\"18\" class=\"ps-answers\" \/>\n    <span><\/span>\n    <span class=\"ps_survey_onlyext\">Poco probable<\/span>\n    <\/label>\n<label class=\"radio-btn\">\n      <input type=\"radio\"  name=\"ps_questions[7][]\" value=\"19\" class=\"ps-answers\" \/>\n    <span><\/span>\n    <span class=\"ps_survey_onlyext\">Nada probable<\/span>\n    <\/label>\n\n        <\/div>\n<\/div>\n    <\/div>\n<\/div>\n          <\/div>\n                    <div class=\"survey_question_container no-boxed text answerable not-answered\">\n            <!-- QUESTION TYPE TEXT -->\n<div id=\"survey_question_15\" class=\"survey_question_box survey_question_type_text\"\n  data-post-id=\"9696\"\n  data-question-id=\"15\"\n  data-validation-required=\"false\"\n  data-validation-message=\"&quot;Si tu respuesta es Poco o Nada Probable, \u00bfPodr\u00edas indicarnos qu\u00e9 problemas tuviste? Esto nos ayudar\u00eda a mejorar considerablemente&quot; Required\"\n  data-question-text=\"Si tu respuesta es Poco o Nada Probable, \u00bfPodr\u00edas indicarnos qu\u00e9 problemas tuviste? Esto nos ayudar\u00eda a mejorar considerablemente\"\n  >\n  <div class=\"survey_queryble\">\n    <h2>Si tu respuesta es Poco o Nada Probable, \u00bfPodr\u00edas indicarnos qu\u00e9 problemas tuviste? Esto nos ayudar\u00eda a mejorar considerablemente <\/h2>\n    \n    <div class=\"survey_row\">\n  <div class=\"survey_col12\">\n\n    \n      <div class=\"survey-wrap-input\">\n  <label class=\"check-btn-input-custom\">\n          <input type=\"\" name=\"ps_questions[15][31]\">\n\n        <\/label>\n<\/div>\n\n        <\/div>\n<\/div>\n    <\/div>\n<\/div>\n          <\/div>\n                    <div class=\"survey_question_container no-boxed single_choice answerable not-answered\">\n            <!-- QUESTION TYPE SINGLE_CHOICE -->\n<div id=\"survey_question_8\" class=\"survey_question_box survey_question_type_single_choice\"\n  data-post-id=\"9696\"\n  data-question-id=\"8\"\n  data-validation-required=\"true\"\n  data-validation-message=\"&quot;\u00a1Ay\u00fadanos a saber como te enteraste de nosotros!&quot; Required\"\n  data-question-text=\"\u00a1Ay\u00fadanos a saber como te enteraste de nosotros!\"\n  >\n  <div class=\"survey_queryble required\">\n    <h2>\u00a1Ay\u00fadanos a saber como te enteraste de nosotros! <span class=\"ps_required\">*<\/span><\/h2>\n    \n    <div class=\"survey_row\">\n  <div class=\"survey_col12 survey_column_settings_layout\">\n\n    \n      <label class=\"radio-btn\">\n      <input type=\"radio\"  name=\"ps_questions[8][]\" value=\"20\" class=\"ps-answers\" \/>\n    <span><\/span>\n    <span class=\"ps_survey_onlyext\">Facebook<\/span>\n    <\/label>\n<label class=\"radio-btn\">\n      <input type=\"radio\"  name=\"ps_questions[8][]\" value=\"21\" class=\"ps-answers\" \/>\n    <span><\/span>\n    <span class=\"ps_survey_onlyext\">Instagram<\/span>\n    <\/label>\n<label class=\"radio-btn\">\n      <input type=\"radio\"  name=\"ps_questions[8][]\" value=\"22\" class=\"ps-answers\" \/>\n    <span><\/span>\n    <span class=\"ps_survey_onlyext\">Sitio Web<\/span>\n    <\/label>\n<label class=\"radio-btn\">\n      <input type=\"radio\"  name=\"ps_questions[8][]\" value=\"23\" class=\"ps-answers\" \/>\n    <span><\/span>\n    <span class=\"ps_survey_onlyext\">Google Maps<\/span>\n    <\/label>\n<label class=\"radio-btn\">\n      <input type=\"radio\"  name=\"ps_questions[8][]\" value=\"24\" class=\"ps-answers\" \/>\n    <span><\/span>\n    <span class=\"ps_survey_onlyext\">Recomendaci\u00f3n<\/span>\n    <\/label>\n<label class=\"radio-btn\">\n      <input type=\"radio\"  name=\"ps_questions[8][]\" value=\"26\" class=\"ps-answers\" \/>\n    <span><\/span>\n    <span class=\"ps_survey_onlyext\">Otro<\/span>\n    <\/label>\n\n        <\/div>\n<\/div>\n    <\/div>\n<\/div>\n          <\/div>\n                    <div class=\"survey_question_container no-boxed text answerable not-answered\">\n            <!-- QUESTION TYPE TEXT -->\n<div id=\"survey_question_9\" class=\"survey_question_box survey_question_type_text\"\n  data-post-id=\"9696\"\n  data-question-id=\"9\"\n  data-validation-required=\"false\"\n  data-validation-message=\"&quot;Otro&quot; Required\"\n  data-question-text=\"Otro\"\n  >\n  <div class=\"survey_queryble\">\n    <h2>Otro <\/h2>\n          <p class=\"question-description\">Si nos conoces por otro medio diferente a los mencionados ind\u00edcanos cual <\/p>\n    \n    <div class=\"survey_row\">\n  <div class=\"survey_col12\">\n\n    \n      <div class=\"survey-wrap-input\">\n  <label class=\"check-btn-input-custom\">\n          <input type=\"\" name=\"ps_questions[9][27]\">\n\n        <\/label>\n<\/div>\n\n        <\/div>\n<\/div>\n    <\/div>\n<\/div>\n          <\/div>\n                    <div class=\"survey_btns\">\n            <button class=\"post-edit-btn ps_survey_btn_submit survey_submit_btn\">\n              Enviar encuesta            <\/button>\n          <\/div>\n              <\/div>\n      <style type=\"text\/css\">\n      ::placeholder{font-family:Arial, Helvetica, sans-serif;font-size:16px;line-height:25px;font-weight:100;color:;}:-ms-input-placeholder{font-family:Arial, Helvetica, sans-serif;font-size:16px;line-height:25px;font-weight:100;color:;}::-ms-input-placeholder{font-family:Arial, Helvetica, sans-serif;font-size:16px;line-height:25px;font-weight:100;color:;}.survey-container .survey_general_container .survey_question_container.boxed{padding-top:30px;padding-bottom:30px;padding-right:30px;padding-left:30px;margin-top:15px;margin-bottom:15px;margin-right:0px;margin-left:0px;background:#ffffff;border-top-right-radius:5px;border-top-left-radius:5px;border-bottom-right-radius:5px;border-bottom-left-radius:5px;border-width:1px;border-style:solid;border-color:#ffffff;font-family:Arial, Helvetica, sans-serif;font-size:16px;line-height:25px;font-weight:100;letter-spacing:0px;color:#4f4f4f;}.survey_general_container .survey_question_container h2{font-family:Arial, Helvetica, sans-serif;font-size:25px;line-height:35px;font-weight:500;letter-spacing:1px;color:#0f9bd4;}p.question-description{font-family:Arial, Helvetica, sans-serif;font-size:16px;line-height:25px;font-weight:100;letter-spacing:0px;color:#4f4f4f;}button.post-edit-btn.ps_survey_btn_submit.survey_submit_btn,.swal-button{font-family:Arial, Helvetica, sans-serif;font-size:20px;line-height:25px;font-weight:100;letter-spacing:0px;color:#ffffff;padding-top:15px;padding-bottom:15px;padding-right:20px;padding-left:20px;margin-top:20px;margin-bottom:10px;margin-right:0px;margin-left:0px;background:#0f9bd4;border-top-right-radius:3px;border-top-left-radius:3px;border-bottom-right-radius:3px;border-bottom-left-radius:3px;border-width:1px;border-style:solid;border-color:#0f9bd4;}.ui-widget.ui-widget-content.ps_ui_customize_survey , .ps_ui_customize_survey .ui-state-default, .ui-widget-content.ps_ui_customize_survey  .ui-state-default, .ui-datepicker.ps_ui_customize_survey table, .ps_ui_customize_survey .ui-state-highlight, .ui-widget-content.ps_ui_customize_survey .ui-state-highlight, .ps_ui_customize_survey table.ui-datepicker-calendar thead, .ps_ui_customize_survey .ui-widget-header, .ps_ui_customize_survey .ui-state-active, .ui-widget-content.ps_ui_customize_survey  .ui-state-active{background:#0f9bd4;}.survey_general_container select{font-family:Arial, Helvetica, sans-serif;font-size:16px;line-height:25px;font-weight:100;background-color:#f7f7f7;color:#444444;padding-right:10px;padding-left:10px;border-top-right-radius:3px;border-top-left-radius:3px;border-bottom-right-radius:3px;border-bottom-left-radius:3px;border-width:2px;border-style:solid;border-color:#f2f2f2;}.survey_general_container textarea,.survey_general_container input[type=\"date\"],.survey_general_container input[type=\"number\"],.survey_general_container input[type=\"email\"],.survey_general_container input[type=\"text\"]{font-family:Arial, Helvetica, sans-serif;font-size:16px;line-height:25px;font-weight:100;background-color:#f7f7f7;color:#444444;padding-top:10px;padding-bottom:10px;padding-right:10px;padding-left:10px;border-top-right-radius:3px;border-top-left-radius:3px;border-bottom-right-radius:3px;border-bottom-left-radius:3px;border-width:2px;border-style:solid;border-color:#f2f2f2;}.swal-title{color:#0f9bd4;}.survey_general_container select:focus{background-color:#ffffff;color:#0f9bd4;padding-right:10px;padding-left:10px;border-top-right-radius:3px;border-top-left-radius:3px;border-bottom-right-radius:3px;border-bottom-left-radius:3px;border-width:2px;border-style:solid;border-color:#0f9bd4;}.survey_general_container textarea:focus,.survey_general_container input[type=\"date\"]:focus,.survey_general_container input[type=\"number\"]:focus,.survey_general_container input[type=\"email\"]:focus,.survey_general_container input[type=\"text\"]:focus{background-color:#ffffff;color:#0f9bd4;padding-top:10px;padding-bottom:10px;padding-right:10px;padding-left:10px;border-top-right-radius:3px;border-top-left-radius:3px;border-bottom-right-radius:3px;border-bottom-left-radius:3px;border-width:2px;border-style:solid;border-color:#0f9bd4;}.survey-container{background-color:transparent;margin-top:10px;margin-bottom:10px;margin-right:auto;margin-left:auto;padding-top:10px;padding-bottom:10px;padding-right:0px;padding-left:0px;border-top-right-radius:5px;border-top-left-radius:5px;border-bottom-right-radius:5px;border-bottom-left-radius:5px;border-width:1px;border-style:solid;border-color:transparent;}.survey_general_container label, span.ps_span_title, .survey_general_container .ps_resposive_table table th, .survey_general_container .ps_resposive_table table td{font-family:Arial, Helvetica, sans-serif;font-size:16px;line-height:25px;font-weight:100;letter-spacing:0px;color:#4f4f4f;}.survey_general_container .check-btn input[type=\"checkbox\"]:checked ~ span:before, .survey_general_container .radio-btn input[type=\"radio\"]:checked ~ span:before{background-color:#0f9bd4;}.survey_general_container .ps_resposive_table tbody tr:nth-child(odd){background-color:#f4f4f4;}.survey_general_container .ps_resposive_table table{background-color:#ffffff;}.survey_general_container .ps_resposive_table table th,.survey_general_container .ps_resposive_table table td{border-width:1px;border-style:solid;border-color:#efefef;padding-top:10px;padding-bottom:10px;padding-left:10px;padding-right:10px;}.survey_general_container .survey-image-block-frontend{padding-top:10px;padding-bottom:10px;padding-left:10px;padding-right:10px;border-width:1px;border-style:solid;border-color:#eaeaea;background-color:#ffffff;border-top-right-radius:3px;border-top-left-radius:3px;border-bottom-right-radius:3px;border-bottom-left-radius:3px;}.survey_general_container select:focus{color:#38e249;border-color:#38e249;}.survey_general_container .survey_question_container h2 {color: #38e249}.survey_general_container .check-btn input[type=\"checkbox\"]:checked ~ span:before, .survey_general_container .radio-btn input[type=\"radio\"]:checked ~ span:before {background-color: #38e249}button.post-edit-btn.ps_survey_btn_submit.survey_submit_btn, .swal-button {background: #38e249;border-color: #38e249;}.survey_general_container textarea:focus, .survey_general_container input[type=\"date\"]:focus, .survey_general_container input[type=\"number\"]:focus, .survey_general_container input[type=\"email\"]:focus, .survey_general_container input[type=\"text\"]:focus {border-color: #38e249;color: #38e249;}.ui-widget.ui-widget-content.ps_ui_customize_survey, .ps_ui_customize_survey .ui-state-default, .ui-widget-content.ps_ui_customize_survey .ui-state-default, .ui-datepicker.ps_ui_customize_survey table, .ps_ui_customize_survey .ui-state-highlight, .ui-widget-content.ps_ui_customize_survey .ui-state-highlight, .ps_ui_customize_survey table.ui-datepicker-calendar thead, .ps_ui_customize_survey .ui-widget-header, .ps_ui_customize_survey .ui-state-active, .ui-widget-content.ps_ui_customize_survey .ui-state-active {background: #38e249;}.ps_paginator_step ul li.ps_checked.ps_current {background: #38e249;border-color: #38e249;}.ps_paginator_step ul li.ps_checked {background: #ffffff;border-width: 2px;border-style: solid;border-color: #38e249;}button.swal-button.swal-button--confirm:focus {background: #38e249;box-shadow: 0 0 0 1px #fff, 0 0 0 3px #38e249;}button.swal-button.swal-button--confirm:hover {background: #38e249;box-shadow: 0 0 0 1px #fff, 0 0 0 3px #38e249;opacity:0.5}      <\/style>\n      <\/div>\n  <\/div>\n\t\t\t\t<\/div>\n\t\t\t\t<\/div>\n\t\t\t\t\t<\/div>\n\t\t<\/div>\n\t\t\t\t\t\t\t<\/div>\n\t\t<\/section>\n\t\t\t\t\t\t<\/div>\n\t\t\t\t\t<\/div>","protected":false},"excerpt":{"rendered":"<p>\u00a1No olvides que al finalizar recibir\u00e1s un cup\u00f3n de descuento!<\/p>","protected":false},"author":1,"featured_media":0,"parent":0,"menu_order":0,"comment_status":"closed","ping_status":"closed","template":"","meta":[],"_links":{"self":[{"href":"https:\/\/comercializadoraegs.com\/es\/wp-json\/wp\/v2\/pages\/9692"}],"collection":[{"href":"https:\/\/comercializadoraegs.com\/es\/wp-json\/wp\/v2\/pages"}],"about":[{"href":"https:\/\/comercializadoraegs.com\/es\/wp-json\/wp\/v2\/types\/page"}],"author":[{"embeddable":true,"href":"https:\/\/comercializadoraegs.com\/es\/wp-json\/wp\/v2\/users\/1"}],"replies":[{"embeddable":true,"href":"https:\/\/comercializadoraegs.com\/es\/wp-json\/wp\/v2\/comments?post=9692"}],"version-history":[{"count":1,"href":"https:\/\/comercializadoraegs.com\/es\/wp-json\/wp\/v2\/pages\/9692\/revisions"}],"predecessor-version":[{"id":13705,"href":"https:\/\/comercializadoraegs.com\/es\/wp-json\/wp\/v2\/pages\/9692\/revisions\/13705"}],"wp:attachment":[{"href":"https:\/\/comercializadoraegs.com\/es\/wp-json\/wp\/v2\/media?parent=9692"}],"curies":[{"name":"wp","href":"https:\/\/api.w.org\/{rel}","templated":true}]}}