{"id":10568,"date":"2021-06-17T20:54:24","date_gmt":"2021-06-17T20:54:24","guid":{"rendered":"https:\/\/comercializadoraegs.com\/?post_type=product&#038;p=10568"},"modified":"2025-07-31T20:00:23","modified_gmt":"2025-07-31T20:00:23","slug":"regulador-industrias-sola-basic-microvolt-2000-va-negro-hogar-y-oficina-2000-va","status":"publish","type":"product","link":"https:\/\/comercializadoraegs.com\/es\/product\/regulador-industrias-sola-basic-microvolt-2000-va-negro-hogar-y-oficina-2000-va\/","title":{"rendered":"Regulador Industrias Sola Basic MICROVOLT 2000 VA, Negro, Hogar y Oficina, 2000 VA"},"content":{"rendered":"<p>El regulador electr\u00f3nico de voltaje MICROVOLT INET de reducido tama\u00f1o, est\u00e1 dise\u00f1ado para proteger contra picos, variaciones y perturbaciones, tanto de la energ\u00eda el\u00e9ctrica como de la l\u00ednea telef\u00f3nica, a todo equipo electr\u00f3nico como computadoras personales, m\u00f3dems, faxes, cajas registradoras, receptores de TV por sat\u00e9lite, televisiones, est\u00e9reos, sistemas de videojuegos, multifuncionales, etc.<\/p>\n<p>El regulador electr\u00f3nico MICROVOLT INET est\u00e1 desarrollado para trabajar en total silencio y en cualquier lugar, como en oficina, comercio, escuela o el hogar, adem\u00e1s no requiere de mantenimiento alguno.<\/p>\n<p>La gran capacidad de sobrecarga, su bajo peso, el nulo mantenimiento y su bajo costo, hacen del regulador MICROVOLT INET un equipo muy superior a otros existentes en el mercado.<\/p>","protected":false},"excerpt":{"rendered":"<p>&#8211; 4-8 recept\u00e1culos de salida tipo NEMA 5-15R (Var\u00eda en cada modelo);<\/p>\n<p>&#8211; Cable toma corriente con clavija polarizada tipo NEMA 5-15P integrada;<\/p>\n<p>&#8211; 2 conectores telef\u00f3nicos hembra tipo RJ-11 (6P4C);<\/p>\n<p>&#8211; Leds indicadores de funcionamiento (var\u00edan dependiendo el modelo).<\/p>","protected":false},"featured_media":11411,"comment_status":"open","ping_status":"closed","template":"","meta":[],"_links":{"self":[{"href":"https:\/\/comercializadoraegs.com\/es\/wp-json\/wp\/v2\/product\/10568"}],"collection":[{"href":"https:\/\/comercializadoraegs.com\/es\/wp-json\/wp\/v2\/product"}],"about":[{"href":"https:\/\/comercializadoraegs.com\/es\/wp-json\/wp\/v2\/types\/product"}],"replies":[{"embeddable":true,"href":"https:\/\/comercializadoraegs.com\/es\/wp-json\/wp\/v2\/comments?post=10568"}],"version-history":[{"count":1,"href":"https:\/\/comercializadoraegs.com\/es\/wp-json\/wp\/v2\/product\/10568\/revisions"}],"predecessor-version":[{"id":11412,"href":"https:\/\/comercializadoraegs.com\/es\/wp-json\/wp\/v2\/product\/10568\/revisions\/11412"}],"wp:featuredmedia":[{"embeddable":true,"href":"https:\/\/comercializadoraegs.com\/es\/wp-json\/wp\/v2\/media\/11411"}],"wp:attachment":[{"href":"https:\/\/comercializadoraegs.com\/es\/wp-json\/wp\/v2\/media?parent=10568"}],"curies":[{"name":"wp","href":"https:\/\/api.w.org\/{rel}","templated":true}]}}