{"id":10746,"date":"2021-06-22T19:06:35","date_gmt":"2021-06-22T19:06:35","guid":{"rendered":"https:\/\/comercializadoraegs.com\/?post_type=product&#038;p=10746"},"modified":"2022-02-14T16:55:09","modified_gmt":"2022-02-14T16:55:09","slug":"bateria-datashield-mi-4217","status":"publish","type":"product","link":"https:\/\/comercializadoraegs.com\/es\/product\/bateria-datashield-mi-4217\/","title":{"rendered":"Bater\u00eda DATASHIELD MI-4217"},"content":{"rendered":"<ul>\n<li>\u201cLa bater\u00eda tiene una vida \u00fatil de 2 a 3 a\u00f1os en condiciones normales de operaci\u00f3n o aproximadamente 400 ciclos con una descarga mayor al 50% de su capacidad nominal\u201d<\/li>\n<\/ul>","protected":false},"excerpt":{"rendered":"<p>\u201cLa bater\u00eda tiene una vida \u00fatil de 2 a 3 a\u00f1os en condiciones normales de operaci\u00f3n o aproximadamente 400 ciclos con una descarga mayor al 50% de su capacidad nominal\u201d<\/p>","protected":false},"featured_media":10747,"comment_status":"open","ping_status":"closed","template":"","meta":[],"_links":{"self":[{"href":"https:\/\/comercializadoraegs.com\/es\/wp-json\/wp\/v2\/product\/10746"}],"collection":[{"href":"https:\/\/comercializadoraegs.com\/es\/wp-json\/wp\/v2\/product"}],"about":[{"href":"https:\/\/comercializadoraegs.com\/es\/wp-json\/wp\/v2\/types\/product"}],"replies":[{"embeddable":true,"href":"https:\/\/comercializadoraegs.com\/es\/wp-json\/wp\/v2\/comments?post=10746"}],"version-history":[{"count":1,"href":"https:\/\/comercializadoraegs.com\/es\/wp-json\/wp\/v2\/product\/10746\/revisions"}],"predecessor-version":[{"id":13262,"href":"https:\/\/comercializadoraegs.com\/es\/wp-json\/wp\/v2\/product\/10746\/revisions\/13262"}],"wp:featuredmedia":[{"embeddable":true,"href":"https:\/\/comercializadoraegs.com\/es\/wp-json\/wp\/v2\/media\/10747"}],"wp:attachment":[{"href":"https:\/\/comercializadoraegs.com\/es\/wp-json\/wp\/v2\/media?parent=10746"}],"curies":[{"name":"wp","href":"https:\/\/api.w.org\/{rel}","templated":true}]}}