{"id":11328,"date":"2021-07-03T17:21:51","date_gmt":"2021-07-03T17:21:51","guid":{"rendered":"https:\/\/comercializadoraegs.com\/?post_type=product&#038;p=11328"},"modified":"2022-02-14T16:56:59","modified_gmt":"2022-02-14T16:56:59","slug":"ssd-wd-480gb","status":"publish","type":"product","link":"https:\/\/comercializadoraegs.com\/es\/product\/ssd-wd-480gb\/","title":{"rendered":"SSD WD 480GB"},"content":{"rendered":"<p><b>ALMACENAMIENTO MEJORADO PARA SUS NECESIDADES INFORM\u00c1TICAS DEL D\u00cdA A D\u00cdA<\/b><br \/>\nLos SSD WD Green mejoran la experiencia inform\u00e1tica del d\u00eda a d\u00eda en su ordenador de sobremesa o port\u00e1til para un rendimiento r\u00e1pido y una gran fiabilidad.<br \/>\n<b>Rendimiento mejorado para la inform\u00e1tica del d\u00eda a d\u00eda<\/b><br \/>\nCon la mejora del rendimiento del SSD WD Green SATA, puede navegar por internet, jugar o, simplemente, arrancar su sistema en un instante.<br \/>\n<b>Fiabilidad de estado s\u00f3lido<\/b><br \/>\nLigeros y resistentes a los golpes, los SSD WD Green no tienen piezas m\u00f3viles y ayudan a proteger sus datos frente a golpes o ca\u00eddas accidentales.<br \/>\n<b>Menos consumo. M\u00e1s diversi\u00f3n.<\/b><br \/>\nLos SSD WD Green son de los discos que menos energ\u00eda consumen del sector. Y cuando consume menos energ\u00eda, su ordenador port\u00e1til funciona m\u00e1s tiempo.<br \/>\n<b>UNA ACTUALIZACI\u00d3N F\u00c1CIL PARA SU ORDENADOR<\/b><br \/>\nCompatible con la mayor\u00eda de ordenadores de sobremesa y port\u00e1tiles, los SSD WD Green est\u00e1n disponibles en formatos de 2,5 pulgadas \/ 7 mm y en los modelos M.2 2280 para instalarlos de forma sencilla y sin preocupaciones.<br \/>\n<b>PANEL DE CONTROL SSD DE WD DESCARGABLE Y SOFTWARE ACRONIS<\/b><br \/>\nSupervise el estado de su disco con el Panel de control WD SSD gratuito y descargable, y clone discos con el software Acronis\u00ae True Image\u2122 WD Edition.<br \/>\n<b>3 A\u00d1OS DE GARANT\u00cdA LIMITADA<\/b><br \/>\nTodos los SSD WD Green disponen de una garant\u00eda limitada de 3 a\u00f1os, por lo que puede confiar plenamente en WD para todas las necesidades que tenga relacionadas con los datos.<\/p>","protected":false},"excerpt":{"rendered":"<p>Disco Estado Solido WESTERN DIGITAL WDS480G2G0A , 480 GB, Serial ATA III, 545 MB\/s, 6 Gbit\/s<\/p>","protected":false},"featured_media":11329,"comment_status":"open","ping_status":"closed","template":"","meta":[],"_links":{"self":[{"href":"https:\/\/comercializadoraegs.com\/es\/wp-json\/wp\/v2\/product\/11328"}],"collection":[{"href":"https:\/\/comercializadoraegs.com\/es\/wp-json\/wp\/v2\/product"}],"about":[{"href":"https:\/\/comercializadoraegs.com\/es\/wp-json\/wp\/v2\/types\/product"}],"replies":[{"embeddable":true,"href":"https:\/\/comercializadoraegs.com\/es\/wp-json\/wp\/v2\/comments?post=11328"}],"version-history":[{"count":1,"href":"https:\/\/comercializadoraegs.com\/es\/wp-json\/wp\/v2\/product\/11328\/revisions"}],"predecessor-version":[{"id":11330,"href":"https:\/\/comercializadoraegs.com\/es\/wp-json\/wp\/v2\/product\/11328\/revisions\/11330"}],"wp:featuredmedia":[{"embeddable":true,"href":"https:\/\/comercializadoraegs.com\/es\/wp-json\/wp\/v2\/media\/11329"}],"wp:attachment":[{"href":"https:\/\/comercializadoraegs.com\/es\/wp-json\/wp\/v2\/media?parent=11328"}],"curies":[{"name":"wp","href":"https:\/\/api.w.org\/{rel}","templated":true}]}}