{"id":11556,"date":"2021-07-14T18:39:17","date_gmt":"2021-07-14T18:39:17","guid":{"rendered":"https:\/\/comercializadoraegs.com\/?post_type=product&#038;p=11556"},"modified":"2025-04-04T13:43:28","modified_gmt":"2025-04-04T13:43:28","slug":"ssd-kingston-technology-sa400s37-480g-480-gb-serial-ata-iii-500-mb-s-450-mb-s-6-gbit-s","status":"publish","type":"product","link":"https:\/\/comercializadoraegs.com\/es\/product\/ssd-kingston-technology-sa400s37-480g-480-gb-serial-ata-iii-500-mb-s-450-mb-s-6-gbit-s\/","title":{"rendered":"SSD Kingston Technology SA400S37\/480G, 480 GB, Serial ATA III, 500 MB\/s, 450 MB\/s, 6 Gbit\/s"},"content":{"rendered":"<div class=\"panel panel-default\">\n<div id=\"ct_features\" class=\"panel-collapse collapse in\">\n<div class=\"panel-body\"><b>Velocidades incre\u00edbles y tambi\u00e9n fiabilidad extrema.<\/b><br \/>\nLa unidad A400 de estado s\u00f3lido de Kingston ofrece enormes mejoras en la velocidad de respuesta, sin actualizaciones adicionales del hardware. Brinda lapsos de arranque, carga y de transferencia de archivos incre\u00edblemente m\u00e1s breves en comparaci\u00f3n con las unidades de disco duro mec\u00e1nico. Apoyada en su controlador de la m\u00e1s reciente generaci\u00f3n, que ofrece velocidades de lectura y escritura de hasta 500 MB\/s y 450 MB\/s* respectivamente, esta unidad SSD es 10 veces m\u00e1s r\u00e1pida que los discos duros tradicionales* y provee un mejor rendimiento, velocidad de respuesta ultrarr\u00e1pida en el procesamiento multitareas y una aceleraci\u00f3n general del sistema.<br \/>\nAdem\u00e1s es m\u00e1s fiable y duradera que las unidades de disco duro, gracias a su tecnolog\u00eda de memoria Flash. La A400 no incluye piezas m\u00f3viles, lo que la hace menos susceptible a fallos que las unidades mec\u00e1nicas. Es m\u00e1s silenciosa y genera menos calor, y adem\u00e1s su alta resistencia a impactos y vibraciones la hace ideal para port\u00e1tiles y otros dispositivos m\u00f3viles.<br \/>\nLas unidades A400 est\u00e1n disponibles en varias capacidades, que van de 120 GB a 480 GB**, a fin de brindarle todo el espacio que necesita para sus aplicaciones, v\u00eddeos, fotos y otros documentos importantes. Tambi\u00e9n puede sustituir su unidad de disco duro, o su unidad SSD existente de menor capacidad, con una A400 tan grande como haga falta para almacenar todos sus archivos.<br \/>\nEsta unidad SSD est\u00e1 dise\u00f1ada para su uso con cargas de trabajo de equipos de escritorio y port\u00e1tiles, no para los entornos de servidor.<br \/>\n&#8211; Arranques, cargas y transferencias de archivos todos con mayor rapidez<br \/>\n&#8211; M\u00e1s fiable y duradera que las unidades de disco duro<br \/>\n&#8211; Varias capacidades, para almacenar las aplicaciones o sustituir del todo unidades de disco duro<br \/>\n*Cifra basada en el \u201crendimiento tal como viene de f\u00e1brica\u201d, con el uso de una placa base SATA Rev. 3.0. La velocidad podr\u00eda variar seg\u00fan el hardware, software y la utilizaci\u00f3n del equipo con el que se usa. Las cifras de lectura y escritura (4k, aleatoria) est\u00e1n basadas en una partici\u00f3n de 8 GB, y medidas con IOMeter.<br \/>\n** Algunas de las capacidades listadas en un dispositivo de almacenamiento Flash se emplean para formatear y otras funciones, por lo que no est\u00e1n disponibles para el almacenamiento de datos. Por esta raz\u00f3n, la capacidad real de almacenamiento de datos es inferior a la indicada en los productos. Para m\u00e1s informaci\u00f3n, consulte la gu\u00eda de memoria Flash de Kingston en kingston.com\/flashguide.<\/div>\n<\/div>\n<\/div>\n<div id=\"ficha_tecnica_producto\" class=\"panel panel-default ct-technical\">\n<div class=\"panel-heading\">\n<div class=\"row\">\n<div class=\"col-md-6\">\n<h5 class=\"panel-title\"><\/h5>\n<\/div>\n<\/div>\n<\/div>\n<\/div>","protected":false},"excerpt":{"rendered":"<div class=\"row\">\n<div>\n<div class=\"row\">\n<div class=\"col-xs-12 col-sm-6\"><strong>Factor de forma de disco SSD<\/strong><\/div>\n<div class=\"col-xs-12 col-sm-6\">2.5&#8243;<\/div>\n<\/div>\n<div class=\"row\">\n<div class=\"col-xs-12 col-sm-6\"><strong>Color del producto<\/strong><\/div>\n<div class=\"col-xs-12 col-sm-6\">Negro<\/div>\n<\/div>\n<div class=\"row\">\n<div class=\"col-xs-12 col-sm-6\"><strong>Certificaci\u00f3n<\/strong><\/div>\n<div class=\"col-xs-12 col-sm-6\">CE, FCC<\/div>\n<\/div>\n<\/div>\n<div class=\"col-xs-12 col-sm-6\"><strong>Disco de estado s\u00f3lido, capacidad<\/strong><\/div>\n<div class=\"col-xs-12 col-sm-6\">480 GB<\/div>\n<\/div>\n<div class=\"row\">\n<div class=\"col-xs-12 col-sm-6\"><strong>Interfaces de disco de estado s\u00f3lido<\/strong><\/div>\n<div class=\"col-xs-12 col-sm-6\">Serial ATA III<\/div>\n<\/div>\n<div class=\"row\">\n<div class=\"col-xs-12 col-sm-6\"><strong>Velocidad de lectura<\/strong><\/div>\n<div class=\"col-xs-12 col-sm-6\">500 MB\/s<\/div>\n<\/div>\n<div class=\"row\">\n<div class=\"col-xs-12 col-sm-6\"><strong>Velocidad de escritura<\/strong><\/div>\n<div class=\"col-xs-12 col-sm-6\">450 MB\/s<\/div>\n<\/div>\n<div class=\"row\">\n<div class=\"col-xs-12 col-sm-6\"><strong>Componente para<\/strong><\/div>\n<div class=\"col-xs-12 col-sm-6\">PC\/ordenador port\u00e1til<\/div>\n<\/div>\n<div class=\"row\">\n<div class=\"col-xs-12 col-sm-6\"><strong>Compatible con NVM Express (NVMe)<\/strong><\/div>\n<div class=\"col-xs-12 col-sm-6\"><\/div>\n<\/div>\n<div class=\"row\">\n<div class=\"col-xs-12 col-sm-6\"><strong>Velocidad de transferencia de datos<\/strong><\/div>\n<div class=\"col-xs-12 col-sm-6\">6 Gbit\/s<\/div>\n<\/div>\n<div class=\"row\">\n<div class=\"col-xs-12 col-sm-6\"><strong>Tipo de memoria<\/strong><\/div>\n<div class=\"col-xs-12 col-sm-6\">TLC<\/div>\n<\/div>\n<div class=\"row\">\n<div class=\"col-xs-12 col-sm-6\"><strong>Tipo de controlador<\/strong><\/div>\n<div class=\"col-xs-12 col-sm-6\">2Ch<\/div>\n<\/div>\n<div class=\"row\">\n<div class=\"col-xs-12 col-sm-6\"><strong>calificaci\u00f3n TBW<\/strong><\/div>\n<div class=\"col-xs-12 col-sm-6\">160<\/div>\n<\/div>","protected":false},"featured_media":11558,"comment_status":"open","ping_status":"closed","template":"","meta":[],"_links":{"self":[{"href":"https:\/\/comercializadoraegs.com\/es\/wp-json\/wp\/v2\/product\/11556"}],"collection":[{"href":"https:\/\/comercializadoraegs.com\/es\/wp-json\/wp\/v2\/product"}],"about":[{"href":"https:\/\/comercializadoraegs.com\/es\/wp-json\/wp\/v2\/types\/product"}],"replies":[{"embeddable":true,"href":"https:\/\/comercializadoraegs.com\/es\/wp-json\/wp\/v2\/comments?post=11556"}],"version-history":[{"count":2,"href":"https:\/\/comercializadoraegs.com\/es\/wp-json\/wp\/v2\/product\/11556\/revisions"}],"predecessor-version":[{"id":11574,"href":"https:\/\/comercializadoraegs.com\/es\/wp-json\/wp\/v2\/product\/11556\/revisions\/11574"}],"wp:featuredmedia":[{"embeddable":true,"href":"https:\/\/comercializadoraegs.com\/es\/wp-json\/wp\/v2\/media\/11558"}],"wp:attachment":[{"href":"https:\/\/comercializadoraegs.com\/es\/wp-json\/wp\/v2\/media?parent=11556"}],"curies":[{"name":"wp","href":"https:\/\/api.w.org\/{rel}","templated":true}]}}