{"id":11565,"date":"2021-07-17T18:27:33","date_gmt":"2021-07-17T18:27:33","guid":{"rendered":"https:\/\/comercializadoraegs.com\/?post_type=product&#038;p=11565"},"modified":"2026-01-15T22:47:07","modified_gmt":"2026-01-15T22:47:07","slug":"bateria-para-no-break-datashield-mi-4217","status":"publish","type":"product","link":"https:\/\/comercializadoraegs.com\/es\/product\/bateria-para-no-break-datashield-mi-4217\/","title":{"rendered":"BATER\u00cdA PARA NO BREAK, DATASHIELD MI-4217"},"content":{"rendered":"<ul>\n<li><strong>COLOR DEL PRODUCTO: NEGRO<\/strong><\/li>\n<li><strong>DURACI\u00d3N DE BATER\u00cdA: 5 A\u00d1O(S)<\/strong><\/li>\n<li><strong>VOLTAJE DE LA PILA: 12 V<\/strong><\/li>\n<\/ul>","protected":false},"excerpt":{"rendered":"<p><strong>BATER\u00cdA PARA NO BREAK DATASHIELD, NEGRO, 12 V, 5 A\u00d1O(S)<\/strong><\/p>","protected":false},"featured_media":13274,"comment_status":"open","ping_status":"closed","template":"","meta":[],"_links":{"self":[{"href":"https:\/\/comercializadoraegs.com\/es\/wp-json\/wp\/v2\/product\/11565"}],"collection":[{"href":"https:\/\/comercializadoraegs.com\/es\/wp-json\/wp\/v2\/product"}],"about":[{"href":"https:\/\/comercializadoraegs.com\/es\/wp-json\/wp\/v2\/types\/product"}],"replies":[{"embeddable":true,"href":"https:\/\/comercializadoraegs.com\/es\/wp-json\/wp\/v2\/comments?post=11565"}],"version-history":[{"count":3,"href":"https:\/\/comercializadoraegs.com\/es\/wp-json\/wp\/v2\/product\/11565\/revisions"}],"predecessor-version":[{"id":13275,"href":"https:\/\/comercializadoraegs.com\/es\/wp-json\/wp\/v2\/product\/11565\/revisions\/13275"}],"wp:featuredmedia":[{"embeddable":true,"href":"https:\/\/comercializadoraegs.com\/es\/wp-json\/wp\/v2\/media\/13274"}],"wp:attachment":[{"href":"https:\/\/comercializadoraegs.com\/es\/wp-json\/wp\/v2\/media?parent=11565"}],"curies":[{"name":"wp","href":"https:\/\/api.w.org\/{rel}","templated":true}]}}