{"id":11603,"date":"2021-07-30T16:10:20","date_gmt":"2021-07-30T16:10:20","guid":{"rendered":"https:\/\/comercializadoraegs.com\/?post_type=product&#038;p=11603"},"modified":"2021-07-30T16:10:21","modified_gmt":"2021-07-30T16:10:21","slug":"control-de-tiempo-y-asistencia-zktecozk-k40","status":"publish","type":"product","link":"https:\/\/comercializadoraegs.com\/es\/product\/control-de-tiempo-y-asistencia-zktecozk-k40\/","title":{"rendered":"CONTROL DE TIEMPO Y ASISTENCIA ZKTECOZK-K40"},"content":{"rendered":"<p>Control de asistencia, capacidad 1000 huellas, puerto de red y USB<\/p>\n<p>Capacidad de registro: 80000<\/p>\n<p>Bater\u00eda de respaldo integrada hasta 4 horas de energ\u00eda ante fallas el\u00e9ctricas<\/p>\n<p>Comunicaci\u00f3n USB host (descarga directa en formato Excel) y puertos de red TSP\/IP<\/p>\n<p>Pantalla 2.8 pulgadas<\/p>\n<p>24 timbres programables<\/p>\n<p>Dimensiones: 184x136x37.6 ml<\/p>\n<p>Para dar de alta a los empleados, puede realizarse en la terminal o por medio del software, export\u00e1ndolo al equipo<\/p>","protected":false},"excerpt":{"rendered":"<ul>\n<li>Color del producto: gris<\/li>\n<li>Interfaz USB<\/li>\n<li>Lector de c\u00f3digo de acceso<\/li>\n<li>SIM<\/li>\n<li>Lector de huella digital<\/li>\n<\/ul>","protected":false},"featured_media":11605,"comment_status":"open","ping_status":"closed","template":"","meta":[],"_links":{"self":[{"href":"https:\/\/comercializadoraegs.com\/es\/wp-json\/wp\/v2\/product\/11603"}],"collection":[{"href":"https:\/\/comercializadoraegs.com\/es\/wp-json\/wp\/v2\/product"}],"about":[{"href":"https:\/\/comercializadoraegs.com\/es\/wp-json\/wp\/v2\/types\/product"}],"replies":[{"embeddable":true,"href":"https:\/\/comercializadoraegs.com\/es\/wp-json\/wp\/v2\/comments?post=11603"}],"version-history":[{"count":1,"href":"https:\/\/comercializadoraegs.com\/es\/wp-json\/wp\/v2\/product\/11603\/revisions"}],"predecessor-version":[{"id":11606,"href":"https:\/\/comercializadoraegs.com\/es\/wp-json\/wp\/v2\/product\/11603\/revisions\/11606"}],"wp:featuredmedia":[{"embeddable":true,"href":"https:\/\/comercializadoraegs.com\/es\/wp-json\/wp\/v2\/media\/11605"}],"wp:attachment":[{"href":"https:\/\/comercializadoraegs.com\/es\/wp-json\/wp\/v2\/media?parent=11603"}],"curies":[{"name":"wp","href":"https:\/\/api.w.org\/{rel}","templated":true}]}}