{"id":11607,"date":"2021-07-30T16:19:40","date_gmt":"2021-07-30T16:19:40","guid":{"rendered":"https:\/\/comercializadoraegs.com\/?post_type=product&#038;p=11607"},"modified":"2021-07-30T16:19:41","modified_gmt":"2021-07-30T16:19:41","slug":"enclosure-gabinete-para-disco-duro-2-5-y-3-5-sata-usb-2-0","status":"publish","type":"product","link":"https:\/\/comercializadoraegs.com\/es\/product\/enclosure-gabinete-para-disco-duro-2-5-y-3-5-sata-usb-2-0\/","title":{"rendered":"Enclosure Gabinete para disco duro 2.5&#8243; y 3.5&#8243; SATA USB 2.0"},"content":{"rendered":"<p>&#8211; Convierte tu disco duro interno de 2.5&#8243; y 3.5&#8243; pulgadas en uno port\u00e1til con la carcasa HDD-300 de Vorago que adem\u00e1s te permite proteger tu informaci\u00f3n, transport\u00e1ndola de una manera segura para usarla f\u00e1cilmente despu\u00e9s.<\/p>","protected":false},"excerpt":{"rendered":"<div class=\"row\">\n<p>Color del producto: Negro<\/p>\n<\/div>\n<div class=\"row\">\n<div class=\"col-xs-6\">Interfaz:\u00a0 USB 2.0<\/div>\n<\/div>\n<div class=\"row\">\n<div class=\"col-xs-6\">Materiales: Aluminio<\/div>\n<\/div>\n<div class=\"row\">\n<div class=\"col-xs-6\">Tama\u00f1o de la unidad: 2.5&#8243;<\/div>\n<\/div>","protected":false},"featured_media":11609,"comment_status":"open","ping_status":"closed","template":"","meta":[],"_links":{"self":[{"href":"https:\/\/comercializadoraegs.com\/es\/wp-json\/wp\/v2\/product\/11607"}],"collection":[{"href":"https:\/\/comercializadoraegs.com\/es\/wp-json\/wp\/v2\/product"}],"about":[{"href":"https:\/\/comercializadoraegs.com\/es\/wp-json\/wp\/v2\/types\/product"}],"replies":[{"embeddable":true,"href":"https:\/\/comercializadoraegs.com\/es\/wp-json\/wp\/v2\/comments?post=11607"}],"version-history":[{"count":1,"href":"https:\/\/comercializadoraegs.com\/es\/wp-json\/wp\/v2\/product\/11607\/revisions"}],"predecessor-version":[{"id":11610,"href":"https:\/\/comercializadoraegs.com\/es\/wp-json\/wp\/v2\/product\/11607\/revisions\/11610"}],"wp:featuredmedia":[{"embeddable":true,"href":"https:\/\/comercializadoraegs.com\/es\/wp-json\/wp\/v2\/media\/11609"}],"wp:attachment":[{"href":"https:\/\/comercializadoraegs.com\/es\/wp-json\/wp\/v2\/media?parent=11607"}],"curies":[{"name":"wp","href":"https:\/\/api.w.org\/{rel}","templated":true}]}}