{"id":11783,"date":"2021-08-03T16:37:26","date_gmt":"2021-08-03T16:37:26","guid":{"rendered":"https:\/\/comercializadoraegs.com\/?post_type=product&#038;p=11783"},"modified":"2025-06-05T03:25:05","modified_gmt":"2025-06-05T03:25:05","slug":"fuente-de-poder-negro-500-w-acteck-r-500","status":"publish","type":"product","link":"https:\/\/comercializadoraegs.com\/es\/product\/fuente-de-poder-negro-500-w-acteck-r-500\/","title":{"rendered":"FUENTE DE PODER, NEGRO, 500 W,  ACTECK R-500"},"content":{"rendered":"<p>La fuente de poder AF-B500 de Edge Systems ofrece la calidad que buscas, ya que trabaja de forma eficiente y confiable, haci\u00e9ndola una fuente de alimentaci\u00f3n s\u00f3lida de energ\u00eda.<br \/>\nCumple adem\u00e1s con nuestros estrictos est\u00e1ndares de calidad para asegurar un uso prolongado en tu sistema de c\u00f3mputo.<br \/>\nCuenta con formato ATX 2.0 de 20+4 pines.<br \/>\nDi\u00e1metro de ventilador 12 cm<\/p>","protected":false},"excerpt":{"rendered":"<p>Fuente de Poder ACTECK R-500, Negro, 500 W<\/p>","protected":false},"featured_media":11785,"comment_status":"open","ping_status":"closed","template":"","meta":[],"_links":{"self":[{"href":"https:\/\/comercializadoraegs.com\/es\/wp-json\/wp\/v2\/product\/11783"}],"collection":[{"href":"https:\/\/comercializadoraegs.com\/es\/wp-json\/wp\/v2\/product"}],"about":[{"href":"https:\/\/comercializadoraegs.com\/es\/wp-json\/wp\/v2\/types\/product"}],"replies":[{"embeddable":true,"href":"https:\/\/comercializadoraegs.com\/es\/wp-json\/wp\/v2\/comments?post=11783"}],"version-history":[{"count":1,"href":"https:\/\/comercializadoraegs.com\/es\/wp-json\/wp\/v2\/product\/11783\/revisions"}],"predecessor-version":[{"id":11784,"href":"https:\/\/comercializadoraegs.com\/es\/wp-json\/wp\/v2\/product\/11783\/revisions\/11784"}],"wp:featuredmedia":[{"embeddable":true,"href":"https:\/\/comercializadoraegs.com\/es\/wp-json\/wp\/v2\/media\/11785"}],"wp:attachment":[{"href":"https:\/\/comercializadoraegs.com\/es\/wp-json\/wp\/v2\/media?parent=11783"}],"curies":[{"name":"wp","href":"https:\/\/api.w.org\/{rel}","templated":true}]}}