{"id":12338,"date":"2021-09-14T16:08:06","date_gmt":"2021-09-14T16:08:06","guid":{"rendered":"https:\/\/comercializadoraegs.com\/?post_type=product&#038;p=12338"},"modified":"2025-06-11T10:11:13","modified_gmt":"2025-06-11T10:11:13","slug":"camara-de-bala-dahua-technology-hfw1400tn-0280b-s3-4-mp-metal-2-8mm","status":"publish","type":"product","link":"https:\/\/comercializadoraegs.com\/es\/product\/camara-de-bala-dahua-technology-hfw1400tn-0280b-s3-4-mp-metal-2-8mm\/","title":{"rendered":"CAMARA DE BALA DAHUA TECHNOLOGY HFW1400TN-0280B-S3, 4 MP, METAL, 2.8MM"},"content":{"rendered":"<p><strong>AUDIO: <\/strong><\/p>\n<ul>\n<li>RELACI\u00d3N SE\u00d1AL\/RUIDO (SNR)65 DB<\/li>\n<\/ul>\n<p><strong>PUERTOS E INTERFACES: <\/strong><\/p>\n<ul>\n<li>PUERTOS DE SALIDA BNC1<\/li>\n<li>ENCHUFE DE ENTRADA DE CC<\/li>\n<\/ul>\n<p><strong>SISTEMA DE LENTES<\/strong><\/p>\n<ul>\n<li>N\u00daMERO DE LENTES: 1<\/li>\n<li>APERTURA M\u00c1XIMA :2<\/li>\n<li>DISTANCIA FOCAL FIJA : 2,8 MM<\/li>\n<\/ul>\n<p><strong>PESO Y DIMENSIONES:<\/strong><\/p>\n<ul>\n<li>ANCHO: 10.5 CM<\/li>\n<li>ALTURA: 9.5 CM<\/li>\n<li>PROFUNDIDAD: 20.6 CM<\/li>\n<li>PESO: 0.5 KG<\/li>\n<\/ul>\n<p><strong>CONTROL DE ENERG\u00cdA:<\/strong><\/p>\n<ul>\n<li>ALIMENTACI\u00d3NCC<\/li>\n<li>CONSUMO DE ENERG\u00cdA: (MAX)4 W<\/li>\n<li>VOLTAJE DE SALIDA CC : 12<\/li>\n<\/ul>\n<p><strong>CONDICIONES AMBIENTALES<\/strong><\/p>\n<ul>\n<li>INTERVALO DE TEMPERATURA OPERATIVA: -40 &#8211; 60 \u00b0C<\/li>\n<li>INTERVALO DE TEMPERATURA DE ALMACENAJE: -40 &#8211; 60 \u00b0C<\/li>\n<\/ul>\n<p><strong>CONEXI\u00d3N<\/strong><\/p>\n<ul>\n<li>ETHERNET: <strong>\u00d7<\/strong> NO<\/li>\n<li>WIFI: <strong>\u00d7<\/strong> NO<\/li>\n<li>BLUETOOTH: <strong>\u00d7<\/strong> NO<\/li>\n<\/ul>\n<p><strong>V\u00cdDEO<\/strong><\/p>\n<ul>\n<li>M\u00c1XIMA RESOLUCI\u00d3N: 2560 X 1440 PIXELES<\/li>\n<li>TOTAL DE MEGAPIXELES: 4 MP<\/li>\n<\/ul>\n<p><strong>REDUCCI\u00d3N DE RUIDO<\/strong><\/p>\n<ul>\n<li>TECNOLOG\u00cdA DE REDUCCI\u00d3N DE RUIDOREDUCCI\u00d3N DE RUIDO 2D ULTRA<\/li>\n<li>COMPENSACI\u00d3N DE CONTRALUZ (BLC)<\/li>\n<li>COMPENSACI\u00d3N DE LUCES ALTAS (HLC)<\/li>\n<li>AMPLIO RANGO DIN\u00c1MICO DIGITAL (DWDR)<\/li>\n<\/ul>\n<p><strong>MEDIOS DE ALMACENAJE<\/strong><\/p>\n<ul>\n<li>HDD INCORPORADO: <strong>\u00d7<\/strong> NO<\/li>\n<\/ul>\n<p><strong>SENSOR DE LA IMAGEN<\/strong><\/p>\n<ul>\n<li>TIPO DE SENSOR: CMOS<\/li>\n<li>N\u00daMERO DE SENSORES: 1<\/li>\n<li>TAMA\u00d1O DEL SENSOR \u00d3PTICO: 25,4 \/ 2,7 MM (1 \/ 2.7&#8243;)<\/li>\n<li>ESCANEADO PROGRESIVO<\/li>\n<li>N\u00daMERO DE P\u00cdXELES EFECTIVOS: (A X V)2560 X 1440 PIXELES<\/li>\n<\/ul>\n<p><strong>C\u00c1MARA FOTOGR\u00c1FICA<\/strong><\/p>\n<ul>\n<li>CONTROL DE DESPLAZAMIENTO DE LA C\u00c1MARA<\/li>\n<li>CONTROL DE INCLINACI\u00d3N DE LA C\u00c1MARA<\/li>\n<li>ILUMINACI\u00d3N M\u00cdNIMA: 0,03 LX<\/li>\n<li>\u00c1NGULO DE VISI\u00d3N, HORIZONTAL: 76,4\u00b0<\/li>\n<li>\u00c1NGULO DE VISI\u00d3N, VERTICAL: 41,6\u00b0<\/li>\n<li>BALANCE DE BLANCOS: AUTO, MANUAL<\/li>\n<li>VELOCIDAD DE OBTURADOR: 1\/25 &#8211; 100000 S<\/li>\n<\/ul>\n<p><strong>CONTENIDO DEL EMBALAJE<\/strong><\/p>\n<ul>\n<li>N\u00daMERO DE C\u00c1MARAS: 1<\/li>\n<\/ul>\n<p><strong>DISE\u00d1O<\/strong><\/p>\n<ul>\n<li>FACTOR DE FORMA: CAJA<\/li>\n<li>TIPO DE MONTAJE: PARED<\/li>\n<li>COLOR DEL PRODUCTO: BLANCO<\/li>\n<li>MATERIAL DE LA CARCASA: ALUMINIO<\/li>\n<li>C\u00d3DIGO IP (INTERNATIONAL PROTECTION)IP67<\/li>\n<\/ul>\n<p><strong>VISI\u00d3N NOCTURNA<\/strong><\/p>\n<ul>\n<li>VISI\u00d3N NOCTURNA: SI<\/li>\n<li>DISTANCIA DE VISI\u00d3N NOCTURNA: 30 M<\/li>\n<li>TIPO DE LED: IR<\/li>\n<li>N\u00daMERO DE LEDS DE ILUMINACI\u00d3N: 1<\/li>\n<\/ul>\n<p><strong>DESEMPE\u00d1O<\/strong><\/p>\n<ul>\n<li>TIPO: C\u00c1MARA DE SEGURIDAD CCTV<\/li>\n<li>COLOCACI\u00d3N SOPORTADA: INTERIOR Y EXTERIOR<\/li>\n<li>TECNOLOG\u00cdA DE CONECTIVIDAD: AL\u00c1MBRICO<\/li>\n<li>MODO: D\u00cdA \/ NOCHE<\/li>\n<li>CERTIFICACI\u00d3N: CE (EN55032, EN55024, EN50130-4) FCC (CFR 47 FCC PART 15 SUBPARTB, ANSI C63.4-2014) UL (UL60950-1+CAN\/CSA C22.2 NO.60950-1)<\/li>\n<\/ul>","protected":false},"excerpt":{"rendered":"<p>C\u00c1MARA BALA HDCVI DAHUA 4MP HFW1400TN-0280B-S3, LENTE FIJO DE 2.8MM, \u00c1NGULO DE VISI\u00d3N DE 97\u00b0, DWDR, SMART IR DE 30 MTS, PROTECCI\u00d3N IP67, METAL<\/p>","protected":false},"featured_media":12339,"comment_status":"open","ping_status":"closed","template":"","meta":[],"_links":{"self":[{"href":"https:\/\/comercializadoraegs.com\/es\/wp-json\/wp\/v2\/product\/12338"}],"collection":[{"href":"https:\/\/comercializadoraegs.com\/es\/wp-json\/wp\/v2\/product"}],"about":[{"href":"https:\/\/comercializadoraegs.com\/es\/wp-json\/wp\/v2\/types\/product"}],"replies":[{"embeddable":true,"href":"https:\/\/comercializadoraegs.com\/es\/wp-json\/wp\/v2\/comments?post=12338"}],"version-history":[{"count":2,"href":"https:\/\/comercializadoraegs.com\/es\/wp-json\/wp\/v2\/product\/12338\/revisions"}],"predecessor-version":[{"id":12341,"href":"https:\/\/comercializadoraegs.com\/es\/wp-json\/wp\/v2\/product\/12338\/revisions\/12341"}],"wp:featuredmedia":[{"embeddable":true,"href":"https:\/\/comercializadoraegs.com\/es\/wp-json\/wp\/v2\/media\/12339"}],"wp:attachment":[{"href":"https:\/\/comercializadoraegs.com\/es\/wp-json\/wp\/v2\/media?parent=12338"}],"curies":[{"name":"wp","href":"https:\/\/api.w.org\/{rel}","templated":true}]}}