{"id":12347,"date":"2021-09-27T21:29:43","date_gmt":"2021-09-27T21:29:43","guid":{"rendered":"https:\/\/comercializadoraegs.com\/?post_type=product&#038;p=12347"},"modified":"2022-02-14T17:25:30","modified_gmt":"2022-02-14T17:25:30","slug":"convertidor-usb-a-audio-7-1-brobotix-usb-gris","status":"publish","type":"product","link":"https:\/\/comercializadoraegs.com\/es\/product\/convertidor-usb-a-audio-7-1-brobotix-usb-gris\/","title":{"rendered":"CONVERTIDOR USB A AUDIO 7.1 BROBOTIX, USB, GRIS"},"content":{"rendered":"<p><strong>ESPECIFICACIONES:<\/strong><\/p>\n<ul>\n<li>COLOR: GRIS<\/li>\n<li>TECNOLOG\u00cdA DE CONECTIVIDAD: USB<\/li>\n<\/ul>","protected":false},"excerpt":{"rendered":"<p>CONVERTIDOR USB A AUDIO 7.1, GRIS MET\u00c1LICO (263571), BROBOTIX. REEMPLAZA CON FACILIDAD LAS TARJETAS DE SONIDO INSERVIBLES O DA\u00d1ADOS MEJORANDO SU ACCESO SIN NECESIDAD DE CONTROLADORES ESPECIALES O DE SOFTWARE. CREA DE MANERA INSTANT\u00c1NEA UNA CONECTIVIDAD DE AUDIO A TRAV\u00c9S DEL PUERTO USB, IDEAL PARA COMPUTADORAS, PORT\u00c1TILES Y MINI PORT\u00c1TILES. MEJORA EL ACCESO A LA TARJETA DE AUDIO O A LOS PUERTOS DE AUDIO Y ACTUALIZA EL DESEMPE\u00d1O DEL SONIDO DE LA PC. HIFI MAGIC VOICE 7.1 CH. INSTALACI\u00d3N SENCILLA USB QUE NO REQUIERE ALIMENTACI\u00d3N EXTERNA O DE SOFTWARE. PLUG AND PLAY, HOT SWAP, COMPATIBLE CON WINDOWS Y MAC. DISE\u00d1O MET\u00c1LICO. ESPECIFICACIONES. USB V2.0 DE ALTA VELOCIDAD (12 MBPS). COMPATIBLE CON DISPOSITIVOS DE AUDIO USB CLASE 1.0. CONEXIONES: 1 ENTRADA DE MICR\u00d3FONO, 1 SALIDA DE AUDIO, 1 USB V2.0 TIPO MACHO. HIFI MAGIC VOICE 7.1 CH, ALIMENTADO POR BUS, DIMENSIONES: 2.6 X 4.2 X 1.1 CM. REQUERIMIENTOS DE SISTEMA: COMPATIBLE CON WINDOWS 10 \/ WINDOWS 8 \/ WINDOWS 7 \/ WINDOWS XP \/ LINUX \/ ANDROID \/ MAC OSX. COLOR: GRIS MET\u00c1LICO.<\/p>","protected":false},"featured_media":12349,"comment_status":"open","ping_status":"closed","template":"","meta":[],"_links":{"self":[{"href":"https:\/\/comercializadoraegs.com\/es\/wp-json\/wp\/v2\/product\/12347"}],"collection":[{"href":"https:\/\/comercializadoraegs.com\/es\/wp-json\/wp\/v2\/product"}],"about":[{"href":"https:\/\/comercializadoraegs.com\/es\/wp-json\/wp\/v2\/types\/product"}],"replies":[{"embeddable":true,"href":"https:\/\/comercializadoraegs.com\/es\/wp-json\/wp\/v2\/comments?post=12347"}],"version-history":[{"count":2,"href":"https:\/\/comercializadoraegs.com\/es\/wp-json\/wp\/v2\/product\/12347\/revisions"}],"predecessor-version":[{"id":12352,"href":"https:\/\/comercializadoraegs.com\/es\/wp-json\/wp\/v2\/product\/12347\/revisions\/12352"}],"wp:featuredmedia":[{"embeddable":true,"href":"https:\/\/comercializadoraegs.com\/es\/wp-json\/wp\/v2\/media\/12349"}],"wp:attachment":[{"href":"https:\/\/comercializadoraegs.com\/es\/wp-json\/wp\/v2\/media?parent=12347"}],"curies":[{"name":"wp","href":"https:\/\/api.w.org\/{rel}","templated":true}]}}