{"id":12472,"date":"2021-10-14T16:47:48","date_gmt":"2021-10-14T16:47:48","guid":{"rendered":"https:\/\/comercializadoraegs.com\/?post_type=product&#038;p=12472"},"modified":"2026-02-21T08:00:51","modified_gmt":"2026-02-21T08:00:51","slug":"cartucho-epson-dye-cian-inyeccion-de-tinta-epson-caja","status":"publish","type":"product","link":"https:\/\/comercializadoraegs.com\/es\/product\/cartucho-epson-dye-cian-inyeccion-de-tinta-epson-caja\/","title":{"rendered":"CARTUCHO EPSON DYE, CIAN, INYECCI\u00d3N DE TINTA, EPSON, CAJA"},"content":{"rendered":"<ul>\n<li><strong>COLORES DE IMPRESI\u00d3N: CIAN<\/strong><\/li>\n<li><strong>MARCA COMPATIBLE: EPSON<\/strong><\/li>\n<li><strong>TECNOLOG\u00cdA DE IMPRESI\u00d3N: INYECCI\u00d3N DE TINTA<\/strong><\/li>\n<li><strong>SEGMENTO: CAJA<\/strong><\/li>\n<\/ul>","protected":false},"excerpt":{"rendered":"<p><strong>CARTUCHO EPSON DYE, CIAN\u00a0 MODELO DYE (T544220-AL)<\/strong><\/p>","protected":false},"featured_media":12474,"comment_status":"open","ping_status":"closed","template":"","meta":[],"_links":{"self":[{"href":"https:\/\/comercializadoraegs.com\/es\/wp-json\/wp\/v2\/product\/12472"}],"collection":[{"href":"https:\/\/comercializadoraegs.com\/es\/wp-json\/wp\/v2\/product"}],"about":[{"href":"https:\/\/comercializadoraegs.com\/es\/wp-json\/wp\/v2\/types\/product"}],"replies":[{"embeddable":true,"href":"https:\/\/comercializadoraegs.com\/es\/wp-json\/wp\/v2\/comments?post=12472"}],"version-history":[{"count":1,"href":"https:\/\/comercializadoraegs.com\/es\/wp-json\/wp\/v2\/product\/12472\/revisions"}],"predecessor-version":[{"id":12475,"href":"https:\/\/comercializadoraegs.com\/es\/wp-json\/wp\/v2\/product\/12472\/revisions\/12475"}],"wp:featuredmedia":[{"embeddable":true,"href":"https:\/\/comercializadoraegs.com\/es\/wp-json\/wp\/v2\/media\/12474"}],"wp:attachment":[{"href":"https:\/\/comercializadoraegs.com\/es\/wp-json\/wp\/v2\/media?parent=12472"}],"curies":[{"name":"wp","href":"https:\/\/api.w.org\/{rel}","templated":true}]}}