{"id":12649,"date":"2021-11-19T22:55:20","date_gmt":"2021-11-19T22:55:20","guid":{"rendered":"https:\/\/comercializadoraegs.com\/?post_type=product&#038;p=12649"},"modified":"2022-06-20T17:56:35","modified_gmt":"2022-06-20T17:56:35","slug":"impresora-lexmark","status":"publish","type":"product","link":"https:\/\/comercializadoraegs.com\/es\/product\/impresora-lexmark\/","title":{"rendered":"IMPRESORA LEXMARK"},"content":{"rendered":"<ul>\n<li><strong>IMPRESORA L\u00c1SER COLOR CS720 DE LEXMARK<\/strong><\/li>\n<li><strong>UNIDAD DE IMAGEN DEL RETURN PROGRAM HASTA DE 150.000 P\u00c1GINAS<\/strong><\/li>\n<li><strong>CARTUCHOS DE T\u00d3NER NEGRO, CIAN, MAGENTA Y AMARILLO<\/strong><\/li>\n<li><strong>HASTA 3.000 P\u00c1GINAS<\/strong><\/li>\n<li><strong>L\u00c1SER DE COLOR<\/strong><\/li>\n<li><strong>IMPRESI\u00d3N D\u00daPLEX (2 CARAS), D\u00daPLEX INTEGRADO<\/strong><\/li>\n<li><strong>VELOCIDAD DE IMPRESI\u00d3N: HASTA 40 PPM<\/strong><\/li>\n<li><strong>VOLUMEN DE P\u00c1GINAS MENSUAL RECOMENDADO: 1500 &#8211; 15000 P\u00c1GINAS<\/strong><\/li>\n<\/ul>","protected":false},"excerpt":{"rendered":"<p><strong>IMPRESORA L\u00c1SER<\/strong>\u00a0<strong>LEXMARK<\/strong><\/p>","protected":false},"featured_media":12651,"comment_status":"open","ping_status":"closed","template":"","meta":[],"_links":{"self":[{"href":"https:\/\/comercializadoraegs.com\/es\/wp-json\/wp\/v2\/product\/12649"}],"collection":[{"href":"https:\/\/comercializadoraegs.com\/es\/wp-json\/wp\/v2\/product"}],"about":[{"href":"https:\/\/comercializadoraegs.com\/es\/wp-json\/wp\/v2\/types\/product"}],"replies":[{"embeddable":true,"href":"https:\/\/comercializadoraegs.com\/es\/wp-json\/wp\/v2\/comments?post=12649"}],"version-history":[{"count":1,"href":"https:\/\/comercializadoraegs.com\/es\/wp-json\/wp\/v2\/product\/12649\/revisions"}],"predecessor-version":[{"id":12650,"href":"https:\/\/comercializadoraegs.com\/es\/wp-json\/wp\/v2\/product\/12649\/revisions\/12650"}],"wp:featuredmedia":[{"embeddable":true,"href":"https:\/\/comercializadoraegs.com\/es\/wp-json\/wp\/v2\/media\/12651"}],"wp:attachment":[{"href":"https:\/\/comercializadoraegs.com\/es\/wp-json\/wp\/v2\/media?parent=12649"}],"curies":[{"name":"wp","href":"https:\/\/api.w.org\/{rel}","templated":true}]}}