{"id":12783,"date":"2022-02-09T17:12:56","date_gmt":"2022-02-09T17:12:56","guid":{"rendered":"https:\/\/comercializadoraegs.com\/?post_type=product&#038;p=12783"},"modified":"2022-06-20T17:53:56","modified_gmt":"2022-06-20T17:53:56","slug":"impresora-hp-officejet-pro-7740","status":"publish","type":"product","link":"https:\/\/comercializadoraegs.com\/es\/product\/impresora-hp-officejet-pro-7740\/","title":{"rendered":"IMPRESORA HP OFFICEJET PRO 7740"},"content":{"rendered":"<ul>\n<li><strong>IMPRIME, ESCANEA Y HACE COPIAS.<\/strong><\/li>\n<li><strong>IMPRESI\u00d3N DOBLE FAZ AUTOM\u00c1TICA.<\/strong><\/li>\n<li><strong>TECNOLOG\u00cdA DE IMPRESI\u00d3N: INYECCI\u00d3N DE TINTA.<\/strong><\/li>\n<li><strong>SU PANTALLA T\u00c1CTIL HACE QUE EL USO SEA M\u00c1S INTUITIVO.<\/strong><\/li>\n<li><strong>TIENE ENTRADA USB.<\/strong><\/li>\n<li><strong>CUENTA CON 3 BANDEJAS.<\/strong><\/li>\n<li><strong>CAPACIDAD M\u00c1XIMA DE 535 HOJAS.<\/strong><\/li>\n<li><strong>SOPORTA PAPEL TAMA\u00d1O A3, A4, LEGAL, CARTA, EJECUTIVO, LEDGER, <\/strong><\/li>\n<li><strong>PERSONALIZADO (76 X 127 MM &#8211; 297 X 420 MM).<\/strong><\/li>\n<\/ul>","protected":false},"excerpt":{"rendered":"<p><strong>SE VENDE PARA REFACCIONES<\/strong><\/p>","protected":false},"featured_media":12784,"comment_status":"open","ping_status":"closed","template":"","meta":[],"_links":{"self":[{"href":"https:\/\/comercializadoraegs.com\/es\/wp-json\/wp\/v2\/product\/12783"}],"collection":[{"href":"https:\/\/comercializadoraegs.com\/es\/wp-json\/wp\/v2\/product"}],"about":[{"href":"https:\/\/comercializadoraegs.com\/es\/wp-json\/wp\/v2\/types\/product"}],"replies":[{"embeddable":true,"href":"https:\/\/comercializadoraegs.com\/es\/wp-json\/wp\/v2\/comments?post=12783"}],"version-history":[{"count":2,"href":"https:\/\/comercializadoraegs.com\/es\/wp-json\/wp\/v2\/product\/12783\/revisions"}],"predecessor-version":[{"id":12787,"href":"https:\/\/comercializadoraegs.com\/es\/wp-json\/wp\/v2\/product\/12783\/revisions\/12787"}],"wp:featuredmedia":[{"embeddable":true,"href":"https:\/\/comercializadoraegs.com\/es\/wp-json\/wp\/v2\/media\/12784"}],"wp:attachment":[{"href":"https:\/\/comercializadoraegs.com\/es\/wp-json\/wp\/v2\/media?parent=12783"}],"curies":[{"name":"wp","href":"https:\/\/api.w.org\/{rel}","templated":true}]}}