{"id":13547,"date":"2022-05-24T17:11:17","date_gmt":"2022-05-24T17:11:17","guid":{"rendered":"https:\/\/comercializadoraegs.com\/?post_type=product&#038;p=13547"},"modified":"2026-01-15T22:47:43","modified_gmt":"2026-01-15T22:47:43","slug":"bobina-intellinet-305-m-azul","status":"publish","type":"product","link":"https:\/\/comercializadoraegs.com\/es\/product\/bobina-intellinet-305-m-azul\/","title":{"rendered":"BOBINA INTELLINET, 305 M, AZUL"},"content":{"rendered":"<p><strong>LA BOBINA DE CABLE UTP CCA CAT 6 INTELLINET NETWORK SOLUTIONS OFRECE UNA <\/strong><strong>BUENA RELACI\u00d3N SE\u00d1AL A RUIDO CON P\u00c9RDIDAS M\u00cdNIMAS, LO QUE SE TRADUCE EN <\/strong><strong>APLICACIONES DE RED M\u00c1S VELOCES Y CONFIABLES.<\/strong><br \/>\n<strong>LA BOBINA DE CABLE CAT6 CUMPLE CON LOS EST\u00c1NDARES EIA\/TIA.<\/strong><\/p>\n<ul>\n<li><strong>EST\u00c1NDARES PROBADOS: CUMPLE CON LOS EST\u00c1NDARES DE LA CAT6 PARA TENDIDOS DE CABLE DE HASTA 60\u00a0<\/strong><\/li>\n<li><strong> BIT\u00c1CORA DE USO EN LA CAJA <\/strong><strong>CATEGORIA 6<\/strong><\/li>\n<\/ul>","protected":false},"excerpt":{"rendered":"<ul>\n<li><strong>COLOR DEL PRODUCTO: AZUL<\/strong><\/li>\n<li><strong>LONGITUD DE CABLE: 305 M<\/strong><\/li>\n<\/ul>","protected":false},"featured_media":13548,"comment_status":"open","ping_status":"closed","template":"","meta":[],"_links":{"self":[{"href":"https:\/\/comercializadoraegs.com\/es\/wp-json\/wp\/v2\/product\/13547"}],"collection":[{"href":"https:\/\/comercializadoraegs.com\/es\/wp-json\/wp\/v2\/product"}],"about":[{"href":"https:\/\/comercializadoraegs.com\/es\/wp-json\/wp\/v2\/types\/product"}],"replies":[{"embeddable":true,"href":"https:\/\/comercializadoraegs.com\/es\/wp-json\/wp\/v2\/comments?post=13547"}],"version-history":[{"count":1,"href":"https:\/\/comercializadoraegs.com\/es\/wp-json\/wp\/v2\/product\/13547\/revisions"}],"predecessor-version":[{"id":13550,"href":"https:\/\/comercializadoraegs.com\/es\/wp-json\/wp\/v2\/product\/13547\/revisions\/13550"}],"wp:featuredmedia":[{"embeddable":true,"href":"https:\/\/comercializadoraegs.com\/es\/wp-json\/wp\/v2\/media\/13548"}],"wp:attachment":[{"href":"https:\/\/comercializadoraegs.com\/es\/wp-json\/wp\/v2\/media?parent=13547"}],"curies":[{"name":"wp","href":"https:\/\/api.w.org\/{rel}","templated":true}]}}