{"id":13563,"date":"2022-06-01T18:08:08","date_gmt":"2022-06-01T18:08:08","guid":{"rendered":"https:\/\/comercializadoraegs.com\/?post_type=product&#038;p=13563"},"modified":"2022-06-20T17:44:20","modified_gmt":"2022-06-20T17:44:20","slug":"fuente-de-poder-acteck-atx-700-w","status":"publish","type":"product","link":"https:\/\/comercializadoraegs.com\/es\/product\/fuente-de-poder-acteck-atx-700-w\/","title":{"rendered":"FUENTE DE PODER ACTECK ATX 700 W"},"content":{"rendered":"<p><strong>LA FUENTE DE PODER AF-B700 DE EDGE SYSTEMS CUENTA CON UN SISTEMA DE VENTILACI\u00d3N PARA FACILITAR EL ENFRIAMIENTO DEL CPU, YA QUE SU VENTILADOR DE 12 CM PERMITE EXTRAER EL CALOR QUE PRODUCE EL FUNCIONAMIENTO DE LA MISMA. CUMPLE ADEM\u00c1S CON ESTRICTOS EST\u00c1NDARES DE CALIDAD PARA ASEGURAR UN USO PROLONGADO EN TU SISTEMA DE C\u00d3MPUTO.<\/strong><\/p>\n<ul>\n<li><strong>BAJO NIVEL DE RUIDO<\/strong><\/li>\n<li><strong>SISTEMA DE VENTILACI\u00d3N<\/strong><\/li>\n<li><strong>BUENA DISTRIBUCI\u00d3N DEL CABLEADO<\/strong><\/li>\n<li><strong>DESCRIPCI\u00d3N DE CONECTORES: (1) 20+4 PINES, (1) PCI-E 6 PINES, (1) PCI-E 6+2 PINES, (1) 12V 4+4 PINES, (3) SATA (ENERG\u00cdA), (1) FLOPPY, (2) MOLEX<\/strong><\/li>\n<li><strong>VENTILADOR DE 12CM<\/strong><\/li>\n<li><strong>INCLUYE UN CABLE DE 12V PARA BRINDAR MAYOR ESTABILIDAD AL SISTEMA<\/strong><\/li>\n<\/ul>","protected":false},"excerpt":{"rendered":"<p><strong>FUENTE DE PODER ACTECK ATX 700 W 1X20+4 PIN -1XEPS 4+4 -2XPCIE 6+2 PIN -3XSATA -2XMOLEX-1XFLOPPY LED BLAZAR FT700<\/strong><\/p>","protected":false},"featured_media":13564,"comment_status":"open","ping_status":"closed","template":"","meta":[],"_links":{"self":[{"href":"https:\/\/comercializadoraegs.com\/es\/wp-json\/wp\/v2\/product\/13563"}],"collection":[{"href":"https:\/\/comercializadoraegs.com\/es\/wp-json\/wp\/v2\/product"}],"about":[{"href":"https:\/\/comercializadoraegs.com\/es\/wp-json\/wp\/v2\/types\/product"}],"replies":[{"embeddable":true,"href":"https:\/\/comercializadoraegs.com\/es\/wp-json\/wp\/v2\/comments?post=13563"}],"version-history":[{"count":1,"href":"https:\/\/comercializadoraegs.com\/es\/wp-json\/wp\/v2\/product\/13563\/revisions"}],"predecessor-version":[{"id":13569,"href":"https:\/\/comercializadoraegs.com\/es\/wp-json\/wp\/v2\/product\/13563\/revisions\/13569"}],"wp:featuredmedia":[{"embeddable":true,"href":"https:\/\/comercializadoraegs.com\/es\/wp-json\/wp\/v2\/media\/13564"}],"wp:attachment":[{"href":"https:\/\/comercializadoraegs.com\/es\/wp-json\/wp\/v2\/media?parent=13563"}],"curies":[{"name":"wp","href":"https:\/\/api.w.org\/{rel}","templated":true}]}}