{"id":3111,"date":"2021-03-04T19:53:54","date_gmt":"2021-03-04T19:53:54","guid":{"rendered":"https:\/\/inicio.comercializadoraegs.com\/?post_type=product&#038;p=3111"},"modified":"2021-05-21T21:55:15","modified_gmt":"2021-05-21T21:55:15","slug":"laptop-acer-a5155182we","status":"publish","type":"product","link":"https:\/\/comercializadoraegs.com\/es\/product\/laptop-acer-a5155182we\/","title":{"rendered":"LAPTOP ACER A5155182WE"},"content":{"rendered":"<p>PANTALLA 15,6 PULGADAS, INTEL CORE I7, 8GB DE RAM, WINDOWS 10 HOME Y 2TB DE DISCO DURO<\/p>\n<p>Computadora port\u00e1til Acer Aspire 3 A315-56-30C6 NX.HS5AL.003: Procesador Intel Core i3 1005G1 dual core 1.20GHz hasta 3.40 GHz 4MB smart Cach\u00e9 4GT\/s, Memoria de 8GB DDR4 (4GB soldados en motherboard) expandible hasta 12GB en un modulo soDIMM, Disco Duro de 1TB Expandible hasta 512 GB SSD PCIe Gen 3 NVMe M.2 + 2TB HDD 2.5\u201d, Pantalla de 15.6&#8243; resoluci\u00f3n 1366&#215;768 relaci\u00f3n 16:9 LED, Video UHD Graphics, Sistema Operativo Windows 10 Home (64 Bits), color Negro, 1 a\u00f1o de garant\u00eda en Centro de servicio.<\/p>","protected":false},"excerpt":{"rendered":"<p>PANTALLA 15,6 PULGADAS, INTEL CORE I7, 8GB DE RAM, WINDOWS 10 HOME Y 2TB DE DISCO DURO<\/p>\n<div class=\"row\">\n<div class=\"col-xs-6\">Capacidad de disco duro: <strong>1 TB<\/strong><\/div>\n<\/div>\n<div class=\"row\">\n<div class=\"col-xs-6\">Diagonal de la pantalla: <strong>15.6 pulgadas<\/strong><\/div>\n<\/div>\n<div class=\"row\">\n<div class=\"col-xs-6\">Familia de procesador: <strong>Intel Core i3<\/strong><\/div>\n<\/div>\n<div class=\"row\">\n<div class=\"col-xs-6\">Memoria interna: <strong>8 GB<\/strong><\/div>\n<\/div>\n<div class=\"row\">\n<div class=\"col-xs-6\">Sistema operativo instalado: <strong>Windows 10 Home<\/strong><\/div>\n<\/div>","protected":false},"featured_media":3116,"comment_status":"open","ping_status":"closed","template":"","meta":[],"_links":{"self":[{"href":"https:\/\/comercializadoraegs.com\/es\/wp-json\/wp\/v2\/product\/3111"}],"collection":[{"href":"https:\/\/comercializadoraegs.com\/es\/wp-json\/wp\/v2\/product"}],"about":[{"href":"https:\/\/comercializadoraegs.com\/es\/wp-json\/wp\/v2\/types\/product"}],"replies":[{"embeddable":true,"href":"https:\/\/comercializadoraegs.com\/es\/wp-json\/wp\/v2\/comments?post=3111"}],"version-history":[{"count":0,"href":"https:\/\/comercializadoraegs.com\/es\/wp-json\/wp\/v2\/product\/3111\/revisions"}],"wp:featuredmedia":[{"embeddable":true,"href":"https:\/\/comercializadoraegs.com\/es\/wp-json\/wp\/v2\/media\/3116"}],"wp:attachment":[{"href":"https:\/\/comercializadoraegs.com\/es\/wp-json\/wp\/v2\/media?parent=3111"}],"curies":[{"name":"wp","href":"https:\/\/api.w.org\/{rel}","templated":true}]}}