{"id":3278,"date":"2021-03-08T19:33:09","date_gmt":"2021-03-08T19:33:09","guid":{"rendered":"https:\/\/inicio.comercializadoraegs.com\/?post_type=product&#038;p=3278"},"modified":"2026-03-09T01:32:43","modified_gmt":"2026-03-09T01:32:43","slug":"fuente-edge-systems-700w","status":"publish","type":"product","link":"https:\/\/comercializadoraegs.com\/es\/product\/fuente-edge-systems-700w\/","title":{"rendered":"FUENTE EDGE SYSTEMS 700W"},"content":{"rendered":"<p>La fuente de poder AF-B700 de Edge Systems cuenta con un sistema de ventilaci\u00f3n para facilitar el enfriamiento del CPU, ya que su ventilador de 12 cm permite extraer el calor que produce el funcionamiento de la misma. Cumple adem\u00e1s con estrictos est\u00e1ndares de calidad para asegurar un uso prolongado en tu sistema de c\u00f3mputo.<\/p>\n<p>&#8211; Bajo nivel de ruido<\/p>\n<p>&#8211; Sistema de ventilaci\u00f3n<\/p>\n<p>&#8211; Buena distribuci\u00f3n del cableado<\/p>\n<p>&#8211; Descripci\u00f3n de conectores: (1) 20+4 pines, (1) pci-e 6 pines, (1) pci-e 6+2 pines, (1) 12V 4+4 pines, (3) SATA (energ\u00eda), (1) floppy, (2) molex<\/p>\n<p>&#8211; Ventilador de 12cm<\/p>\n<p>&#8211; Incluye un cable de 12V para brindar mayor estabilidad al sistema<\/p>\n<p>CONTROL DE ENERG\u00cdA<br \/>\nPotencia nominal 700 W<\/p>\n<p>N\u00famero de conectores de energ\u00eda SATA 3<br \/>\nConectores de poder (4 pin) periferales (Molex) 2<\/p>\n<p>Conectores de poder PCI Express (6 pin) 1<br \/>\nConectores de poder PCI Express (6 + 2 pin) 1<\/p>\n<p>CPU conector de alimentaci\u00f3n (4 +4 pines)<\/p>\n<p>Conector de poder ATX (20 + 4 pin)<\/p>","protected":false},"excerpt":{"rendered":"<p>Fuente de Poder ACTECK Z-700, Gris, 700 W<\/p>","protected":false},"featured_media":4372,"comment_status":"open","ping_status":"closed","template":"","meta":[],"_links":{"self":[{"href":"https:\/\/comercializadoraegs.com\/es\/wp-json\/wp\/v2\/product\/3278"}],"collection":[{"href":"https:\/\/comercializadoraegs.com\/es\/wp-json\/wp\/v2\/product"}],"about":[{"href":"https:\/\/comercializadoraegs.com\/es\/wp-json\/wp\/v2\/types\/product"}],"replies":[{"embeddable":true,"href":"https:\/\/comercializadoraegs.com\/es\/wp-json\/wp\/v2\/comments?post=3278"}],"version-history":[{"count":1,"href":"https:\/\/comercializadoraegs.com\/es\/wp-json\/wp\/v2\/product\/3278\/revisions"}],"predecessor-version":[{"id":12810,"href":"https:\/\/comercializadoraegs.com\/es\/wp-json\/wp\/v2\/product\/3278\/revisions\/12810"}],"wp:featuredmedia":[{"embeddable":true,"href":"https:\/\/comercializadoraegs.com\/es\/wp-json\/wp\/v2\/media\/4372"}],"wp:attachment":[{"href":"https:\/\/comercializadoraegs.com\/es\/wp-json\/wp\/v2\/media?parent=3278"}],"curies":[{"name":"wp","href":"https:\/\/api.w.org\/{rel}","templated":true}]}}