{"id":3347,"date":"2021-03-08T23:13:49","date_gmt":"2021-03-08T23:13:49","guid":{"rendered":"https:\/\/inicio.comercializadoraegs.com\/?post_type=product&#038;p=3347"},"modified":"2025-06-05T03:28:38","modified_gmt":"2025-06-05T03:28:38","slug":"mini-teclado-blackpcs-eo10-bl","status":"publish","type":"product","link":"https:\/\/comercializadoraegs.com\/es\/product\/mini-teclado-blackpcs-eo10-bl\/","title":{"rendered":"MINI TECLADO BLACKPCS"},"content":{"rendered":"<p>Air Mouse Mini Teclado Blackpcs EO10S BL QWERTY Negro Dise\u00f1o elegante y port\u00e1til con 2 4 GHz 3D Air mouse inal\u00e1mbrico con USB nano receptor Giroscopio de 6 ejes control remoto infrarrojo luz indicadora LED velocidad ajustable reposo autom\u00e1tico ideal para pc, tablet y telefono<\/p>","protected":false},"excerpt":{"rendered":"<p>Air Mouse &#8211; Mini Teclado Black pcs EO10S-BL, QWERTY, Negro, PC\/Tablet\/Tel\u00e9fono, Inal\u00e1mbrico<\/p>","protected":false},"featured_media":3348,"comment_status":"open","ping_status":"closed","template":"","meta":[],"_links":{"self":[{"href":"https:\/\/comercializadoraegs.com\/es\/wp-json\/wp\/v2\/product\/3347"}],"collection":[{"href":"https:\/\/comercializadoraegs.com\/es\/wp-json\/wp\/v2\/product"}],"about":[{"href":"https:\/\/comercializadoraegs.com\/es\/wp-json\/wp\/v2\/types\/product"}],"replies":[{"embeddable":true,"href":"https:\/\/comercializadoraegs.com\/es\/wp-json\/wp\/v2\/comments?post=3347"}],"version-history":[{"count":1,"href":"https:\/\/comercializadoraegs.com\/es\/wp-json\/wp\/v2\/product\/3347\/revisions"}],"predecessor-version":[{"id":12816,"href":"https:\/\/comercializadoraegs.com\/es\/wp-json\/wp\/v2\/product\/3347\/revisions\/12816"}],"wp:featuredmedia":[{"embeddable":true,"href":"https:\/\/comercializadoraegs.com\/es\/wp-json\/wp\/v2\/media\/3348"}],"wp:attachment":[{"href":"https:\/\/comercializadoraegs.com\/es\/wp-json\/wp\/v2\/media?parent=3347"}],"curies":[{"name":"wp","href":"https:\/\/api.w.org\/{rel}","templated":true}]}}