{"id":3351,"date":"2021-03-08T23:27:28","date_gmt":"2021-03-08T23:27:28","guid":{"rendered":"https:\/\/inicio.comercializadoraegs.com\/?post_type=product&#038;p=3351"},"modified":"2022-02-10T16:36:00","modified_gmt":"2022-02-10T16:36:00","slug":"kit-mouse-y-teclado-logitech","status":"publish","type":"product","link":"https:\/\/comercializadoraegs.com\/es\/product\/kit-mouse-y-teclado-logitech\/","title":{"rendered":"KIT MOUSE Y TECLADO LOGITECH"},"content":{"rendered":"<p>Interfaz del dispositivo USB<br \/>\nUso recomendado Oficina<br \/>\nUtilizar con PC\/server<br \/>\nFormato del teclado Est\u00e1ndar<br \/>\nEstilo de teclado Derecho<br \/>\nTeclado resistente a l\u00edquidos<br \/>\nAltura de teclado ajustable<\/p>\n<p>RAT\u00d3N<br \/>\nRat\u00f3n incluido<br \/>\nTecnolog\u00eda de detecci\u00f3n de movimientos \u00d3ptico<br \/>\nResoluci\u00f3n de movimiento 1000 DPI<br \/>\nRueda de desplazamiento<\/p>","protected":false},"excerpt":{"rendered":"<p>KIT LOG MOUSE-TEC MK120 920-004428<\/p>","protected":false},"featured_media":3352,"comment_status":"open","ping_status":"closed","template":"","meta":[],"_links":{"self":[{"href":"https:\/\/comercializadoraegs.com\/es\/wp-json\/wp\/v2\/product\/3351"}],"collection":[{"href":"https:\/\/comercializadoraegs.com\/es\/wp-json\/wp\/v2\/product"}],"about":[{"href":"https:\/\/comercializadoraegs.com\/es\/wp-json\/wp\/v2\/types\/product"}],"replies":[{"embeddable":true,"href":"https:\/\/comercializadoraegs.com\/es\/wp-json\/wp\/v2\/comments?post=3351"}],"version-history":[{"count":1,"href":"https:\/\/comercializadoraegs.com\/es\/wp-json\/wp\/v2\/product\/3351\/revisions"}],"predecessor-version":[{"id":12817,"href":"https:\/\/comercializadoraegs.com\/es\/wp-json\/wp\/v2\/product\/3351\/revisions\/12817"}],"wp:featuredmedia":[{"embeddable":true,"href":"https:\/\/comercializadoraegs.com\/es\/wp-json\/wp\/v2\/media\/3352"}],"wp:attachment":[{"href":"https:\/\/comercializadoraegs.com\/es\/wp-json\/wp\/v2\/media?parent=3351"}],"curies":[{"name":"wp","href":"https:\/\/api.w.org\/{rel}","templated":true}]}}