{"id":3420,"date":"2021-03-10T23:24:11","date_gmt":"2021-03-10T23:24:11","guid":{"rendered":"https:\/\/inicio.comercializadoraegs.com\/?post_type=product&#038;p=3420"},"modified":"2022-02-10T16:40:36","modified_gmt":"2022-02-10T16:40:36","slug":"diadema-perfect-choice-pc","status":"publish","type":"product","link":"https:\/\/comercializadoraegs.com\/es\/product\/diadema-perfect-choice-pc\/","title":{"rendered":"DIADEMA PERFECT CHOICE PC"},"content":{"rendered":"<div class=\"panel panel-default\">\n<div id=\"ct_features\" class=\"panel-collapse collapse in\">\n<p>Aud\u00edfono el mas completos para mantener una alta fidelidad d\u00e1ndote la m\u00e1xima potencia en sonido con un dise\u00f1o c\u00f3modo que te permite disfrutar mas de tu m\u00fasica o de lo que est\u00e9s escuchando cumpliendo las necesidades en imagen al gusto que ti te agrada, con la mayor calidad en audio, ideal para conversaciones en Internet y red. De diadema flexible para adaptarse a tu cabeza. El control de volumen esta dise\u00f1ado para mantener el mejor nivel en lo que t\u00fa escuchas para darte mayor satisfacci\u00f3n en sonido, manteniendo la mejor calidad que Perfect Choice\u00ae te ofrece.<\/p>\n<\/div>\n<\/div>","protected":false},"excerpt":{"rendered":"<div class=\"row\">\n<div class=\"col-xs-12 col-sm-6\"><strong>Tecnolog\u00eda de conectividad<\/strong><\/div>\n<div class=\"col-xs-12 col-sm-6\">Al\u00e1mbrico<\/div>\n<\/div>\n<div class=\"row\">\n<div class=\"col-xs-12 col-sm-6\"><strong>Interfaz del dispositivo<\/strong><\/div>\n<div class=\"col-xs-12 col-sm-6\">3.5 mm (1\/8 &#8220;)<\/div>\n<\/div>\n<div class=\"row\">\n<div class=\"col-xs-12 col-sm-6\"><strong>Longitud de cable<\/strong><\/div>\n<div class=\"col-xs-12 col-sm-6\">2 m<\/div>\n<\/div>","protected":false},"featured_media":4362,"comment_status":"open","ping_status":"closed","template":"","meta":[],"_links":{"self":[{"href":"https:\/\/comercializadoraegs.com\/es\/wp-json\/wp\/v2\/product\/3420"}],"collection":[{"href":"https:\/\/comercializadoraegs.com\/es\/wp-json\/wp\/v2\/product"}],"about":[{"href":"https:\/\/comercializadoraegs.com\/es\/wp-json\/wp\/v2\/types\/product"}],"replies":[{"embeddable":true,"href":"https:\/\/comercializadoraegs.com\/es\/wp-json\/wp\/v2\/comments?post=3420"}],"version-history":[{"count":1,"href":"https:\/\/comercializadoraegs.com\/es\/wp-json\/wp\/v2\/product\/3420\/revisions"}],"predecessor-version":[{"id":12826,"href":"https:\/\/comercializadoraegs.com\/es\/wp-json\/wp\/v2\/product\/3420\/revisions\/12826"}],"wp:featuredmedia":[{"embeddable":true,"href":"https:\/\/comercializadoraegs.com\/es\/wp-json\/wp\/v2\/media\/4362"}],"wp:attachment":[{"href":"https:\/\/comercializadoraegs.com\/es\/wp-json\/wp\/v2\/media?parent=3420"}],"curies":[{"name":"wp","href":"https:\/\/api.w.org\/{rel}","templated":true}]}}