{"id":3423,"date":"2021-03-10T23:36:01","date_gmt":"2021-03-10T23:36:01","guid":{"rendered":"https:\/\/inicio.comercializadoraegs.com\/?post_type=product&#038;p=3423"},"modified":"2022-02-10T16:41:19","modified_gmt":"2022-02-10T16:41:19","slug":"mouse-vorago-mo-207-inalam-usb-azul","status":"publish","type":"product","link":"https:\/\/comercializadoraegs.com\/es\/product\/mouse-vorago-mo-207-inalam-usb-azul\/","title":{"rendered":"MOUSE VORAGO MO 207 INALAM USB AZUL"},"content":{"rendered":"<table id=\"DataTables_Table_0\" class=\"table table-bordered table-striped dt-responsive tablaProductos dataTable no-footer dtr-inline collapsed\" role=\"grid\" width=\"100%\" aria-describedby=\"DataTables_Table_0_info\">\n<tbody>\n<tr class=\"odd parent\" role=\"row\">\n<td><b>Ergon\u00f3mico y durable<\/b><br \/>\nEl mouse inalambrico MO-207 de Vorago es el mejor aliado para trabajos que requieren del uso constante, adem\u00e1s se conecta por medio del puerto USB y tiene una precisi\u00f3n de 1000\/ 1600 CPI.<br \/>\n<b>PRECISO<\/b><br \/>\nSus dpis son configurables y van de los 1000\/1600 que te permiten un desplazamiento suave y f\u00e1cil mientras trabajas.<br \/>\n<b>DURABLE<\/b><br \/>\nDurable. Est\u00e1 fabricado con pl\u00e1stico ABS que es doblemente resistente a golpes y ca\u00eddas inesperadas.<br \/>\n<b>CONFORT<\/b><br \/>\nSu dise\u00f1o ergon\u00f3mico reduce la tensi\u00f3n de la mu\u00f1eca para mayor comodidad y arrastre para esas largas sesiones de trabajo.<br \/>\n<b>FUNCIONAL<\/b><br \/>\nDos pilas AAA son suficientes para tomar el control de tu mouse y hacer hasta un mill\u00f3n de clicks.<br \/>\nPLUG AND PLAY<br \/>\nS\u00f3lo conecta el nano receptor al puerto USB de tu equipo y estar\u00e1 listo para utilizarlo en un rango de hasta 10 metros<\/td>\n<\/tr>\n<\/tbody>\n<\/table>","protected":false},"excerpt":{"rendered":"<p>MOUSE VORAGO MO-207 INALAMBRICO COLOR AZUL<\/p>","protected":false},"featured_media":3425,"comment_status":"open","ping_status":"closed","template":"","meta":[],"_links":{"self":[{"href":"https:\/\/comercializadoraegs.com\/es\/wp-json\/wp\/v2\/product\/3423"}],"collection":[{"href":"https:\/\/comercializadoraegs.com\/es\/wp-json\/wp\/v2\/product"}],"about":[{"href":"https:\/\/comercializadoraegs.com\/es\/wp-json\/wp\/v2\/types\/product"}],"replies":[{"embeddable":true,"href":"https:\/\/comercializadoraegs.com\/es\/wp-json\/wp\/v2\/comments?post=3423"}],"version-history":[{"count":1,"href":"https:\/\/comercializadoraegs.com\/es\/wp-json\/wp\/v2\/product\/3423\/revisions"}],"predecessor-version":[{"id":12827,"href":"https:\/\/comercializadoraegs.com\/es\/wp-json\/wp\/v2\/product\/3423\/revisions\/12827"}],"wp:featuredmedia":[{"embeddable":true,"href":"https:\/\/comercializadoraegs.com\/es\/wp-json\/wp\/v2\/media\/3425"}],"wp:attachment":[{"href":"https:\/\/comercializadoraegs.com\/es\/wp-json\/wp\/v2\/media?parent=3423"}],"curies":[{"name":"wp","href":"https:\/\/api.w.org\/{rel}","templated":true}]}}