{"id":3443,"date":"2021-03-11T21:30:48","date_gmt":"2021-03-11T21:30:48","guid":{"rendered":"https:\/\/inicio.comercializadoraegs.com\/?post_type=product&#038;p=3443"},"modified":"2022-02-10T16:47:05","modified_gmt":"2022-02-10T16:47:05","slug":"cartucho-brother-magenta-lc3017m","status":"publish","type":"product","link":"https:\/\/comercializadoraegs.com\/es\/product\/cartucho-brother-magenta-lc3017m\/","title":{"rendered":"CARTUCHO BROTHER MAGENTA LC3017M"},"content":{"rendered":"<table id=\"DataTables_Table_0\" class=\"table table-bordered table-striped dt-responsive tablaProductos dataTable no-footer dtr-inline collapsed\" role=\"grid\" width=\"100%\" aria-describedby=\"DataTables_Table_0_info\">\n<tbody>\n<tr class=\"odd parent\" role=\"row\">\n<td>Marca compatibleBrother<br \/>\nColores de impresi\u00f3n Magenta<br \/>\nProductos compatibles MFC-J5330DW, MFC-J6530DW, MFC-J6930DW<br \/>\nCantidad de cartuchos de tinta de color 1<br \/>\nTipo de cartucho de tinta Alto<br \/>\nRendimiento de impresi\u00f3n de p\u00e1gina con tinta de color 550 p\u00e1ginas<br \/>\nTecnolog\u00eda de impresi\u00f3n Inyecci\u00f3n de tinta<\/td>\n<\/tr>\n<\/tbody>\n<\/table>","protected":false},"excerpt":{"rendered":"<table id=\"DataTables_Table_0\" class=\"table table-bordered table-striped dt-responsive tablaProductos dataTable no-footer dtr-inline collapsed\" role=\"grid\" width=\"100%\" aria-describedby=\"DataTables_Table_0_info\">\n<tbody>\n<tr class=\"odd parent\" role=\"row\">\n<td>Cartucho BROTHER LC3017M, Magenta, Brother<\/td>\n<\/tr>\n<\/tbody>\n<\/table>","protected":false},"featured_media":3444,"comment_status":"open","ping_status":"closed","template":"","meta":[],"_links":{"self":[{"href":"https:\/\/comercializadoraegs.com\/es\/wp-json\/wp\/v2\/product\/3443"}],"collection":[{"href":"https:\/\/comercializadoraegs.com\/es\/wp-json\/wp\/v2\/product"}],"about":[{"href":"https:\/\/comercializadoraegs.com\/es\/wp-json\/wp\/v2\/types\/product"}],"replies":[{"embeddable":true,"href":"https:\/\/comercializadoraegs.com\/es\/wp-json\/wp\/v2\/comments?post=3443"}],"version-history":[{"count":1,"href":"https:\/\/comercializadoraegs.com\/es\/wp-json\/wp\/v2\/product\/3443\/revisions"}],"predecessor-version":[{"id":12834,"href":"https:\/\/comercializadoraegs.com\/es\/wp-json\/wp\/v2\/product\/3443\/revisions\/12834"}],"wp:featuredmedia":[{"embeddable":true,"href":"https:\/\/comercializadoraegs.com\/es\/wp-json\/wp\/v2\/media\/3444"}],"wp:attachment":[{"href":"https:\/\/comercializadoraegs.com\/es\/wp-json\/wp\/v2\/media?parent=3443"}],"curies":[{"name":"wp","href":"https:\/\/api.w.org\/{rel}","templated":true}]}}