{"id":3469,"date":"2021-03-11T23:11:51","date_gmt":"2021-03-11T23:11:51","guid":{"rendered":"https:\/\/inicio.comercializadoraegs.com\/?post_type=product&#038;p=3469"},"modified":"2025-05-27T16:58:55","modified_gmt":"2025-05-27T16:58:55","slug":"botella-de-tinta-hp","status":"publish","type":"product","link":"https:\/\/comercializadoraegs.com\/es\/product\/botella-de-tinta-hp\/","title":{"rendered":"BOTELLA DE TINTA HP"},"content":{"rendered":"<table id=\"DataTables_Table_0\" class=\"table table-bordered table-striped dt-responsive tablaProductos dataTable no-footer dtr-inline collapsed\" role=\"grid\" width=\"100%\" aria-describedby=\"DataTables_Table_0_info\">\n<tbody>\n<tr class=\"odd parent\" role=\"row\">\n<td>TipoOriginal<br \/>\nTipo de tinta Tinta a base de pigmentos<br \/>\nColores de impresi\u00f3n Negro<br \/>\nMarca compatible HP<br \/>\nCompatibilidad Smart Tank 510, Smart Tank Plus 550, Smart Tank Plus 610<br \/>\nCantidad por paquete 1 pieza(s)<br \/>\nCantidad de cartuchos de tinta negra 1<br \/>\nTipo de cartucho de tinta Rendimiento est\u00e1ndar<br \/>\nRendimiento de impresi\u00f3n de p\u00e1gina con tinta negra4000 p\u00e1ginas<\/td>\n<\/tr>\n<\/tbody>\n<\/table>","protected":false},"excerpt":{"rendered":"<table id=\"DataTables_Table_0\" class=\"table table-bordered table-striped dt-responsive tablaProductos dataTable no-footer dtr-inline collapsed\" role=\"grid\" width=\"100%\" aria-describedby=\"DataTables_Table_0_info\">\n<tbody>\n<tr class=\"odd parent\" role=\"row\">\n<td>Botella de tinta. HP GT53 Negro (4,000 P\u00e1gs.). 1VV22AL<\/td>\n<\/tr>\n<\/tbody>\n<\/table>","protected":false},"featured_media":3470,"comment_status":"open","ping_status":"closed","template":"","meta":[],"_links":{"self":[{"href":"https:\/\/comercializadoraegs.com\/es\/wp-json\/wp\/v2\/product\/3469"}],"collection":[{"href":"https:\/\/comercializadoraegs.com\/es\/wp-json\/wp\/v2\/product"}],"about":[{"href":"https:\/\/comercializadoraegs.com\/es\/wp-json\/wp\/v2\/types\/product"}],"replies":[{"embeddable":true,"href":"https:\/\/comercializadoraegs.com\/es\/wp-json\/wp\/v2\/comments?post=3469"}],"version-history":[{"count":1,"href":"https:\/\/comercializadoraegs.com\/es\/wp-json\/wp\/v2\/product\/3469\/revisions"}],"predecessor-version":[{"id":12838,"href":"https:\/\/comercializadoraegs.com\/es\/wp-json\/wp\/v2\/product\/3469\/revisions\/12838"}],"wp:featuredmedia":[{"embeddable":true,"href":"https:\/\/comercializadoraegs.com\/es\/wp-json\/wp\/v2\/media\/3470"}],"wp:attachment":[{"href":"https:\/\/comercializadoraegs.com\/es\/wp-json\/wp\/v2\/media?parent=3469"}],"curies":[{"name":"wp","href":"https:\/\/api.w.org\/{rel}","templated":true}]}}