{"id":3478,"date":"2021-03-11T23:44:15","date_gmt":"2021-03-11T23:44:15","guid":{"rendered":"https:\/\/inicio.comercializadoraegs.com\/?post_type=product&#038;p=3478"},"modified":"2025-10-13T05:41:48","modified_gmt":"2025-10-13T05:41:48","slug":"aire-comprimido-naceb-440ml","status":"publish","type":"product","link":"https:\/\/comercializadoraegs.com\/es\/product\/aire-comprimido-naceb-440ml\/","title":{"rendered":"AIRE COMPRIMIDO NACEB 440ML"},"content":{"rendered":"<p>AIRE COMPRIMIDO NACEB 440ML<\/p>\n<p>Aire Comprimido Removedor de Polvo, reduce los problemas de acumulaci\u00f3n de polvo y part\u00edculas extra\u00f1as en los equipos de c\u00f3mputo.<\/p>\n<p>V\u00e1lvula de 360\u00ba que permite colocar el envase en cualquier posici\u00f3n.<\/p>\n<p>No quema los componentes del equipo,<\/p>\n<p>No da\u00f1a capa de ozono<\/p>\n<p>No flamable.<\/p>","protected":false},"excerpt":{"rendered":"<p>AIRE COMPRIMIDO NACEB 440ML<\/p>\n<div class=\"row\">\n<div class=\"col-xs-12 col-sm-6\"><strong>Volumen: <\/strong>440 ml<\/div>\n<\/div>\n<div class=\"row\">\n<div class=\"col-xs-12 col-sm-6\"><strong>Sustancia: <\/strong>Limpiador de aire de presi\u00f3n<\/div>\n<\/div>\n<div class=\"row\">\n<div class=\"col-xs-12 col-sm-6\"><strong>Color del producto: <\/strong>Multicolor<\/div>\n<\/div>","protected":false},"featured_media":3479,"comment_status":"open","ping_status":"closed","template":"","meta":[],"_links":{"self":[{"href":"https:\/\/comercializadoraegs.com\/es\/wp-json\/wp\/v2\/product\/3478"}],"collection":[{"href":"https:\/\/comercializadoraegs.com\/es\/wp-json\/wp\/v2\/product"}],"about":[{"href":"https:\/\/comercializadoraegs.com\/es\/wp-json\/wp\/v2\/types\/product"}],"replies":[{"embeddable":true,"href":"https:\/\/comercializadoraegs.com\/es\/wp-json\/wp\/v2\/comments?post=3478"}],"version-history":[{"count":1,"href":"https:\/\/comercializadoraegs.com\/es\/wp-json\/wp\/v2\/product\/3478\/revisions"}],"predecessor-version":[{"id":12840,"href":"https:\/\/comercializadoraegs.com\/es\/wp-json\/wp\/v2\/product\/3478\/revisions\/12840"}],"wp:featuredmedia":[{"embeddable":true,"href":"https:\/\/comercializadoraegs.com\/es\/wp-json\/wp\/v2\/media\/3479"}],"wp:attachment":[{"href":"https:\/\/comercializadoraegs.com\/es\/wp-json\/wp\/v2\/media?parent=3478"}],"curies":[{"name":"wp","href":"https:\/\/api.w.org\/{rel}","templated":true}]}}