{"id":3481,"date":"2021-03-16T17:06:31","date_gmt":"2021-03-16T17:06:31","guid":{"rendered":"https:\/\/inicio.comercializadoraegs.com\/?post_type=product&#038;p=3481"},"modified":"2025-09-17T00:54:43","modified_gmt":"2025-09-17T00:54:43","slug":"alcohol-isopropilico","status":"publish","type":"product","link":"https:\/\/comercializadoraegs.com\/es\/product\/alcohol-isopropilico\/","title":{"rendered":"ALCOHOL ISOPROPILICO 500ML"},"content":{"rendered":"<p>ALCOHOL ISOPROPILICO IDEAL PARA USO EN EQUIPOS DE COMPUTO Y ELECTRONICOS 500ML<\/p>\n<p>Alcohol isoprop\u00edlico para limpieza interna de equipos de c\u00f3mputo y electr\u00f3nica.<br \/>\nLimpia tarjetas electr\u00f3nicas y arneses de equipos de c\u00f3mputo, video, telef\u00f3nicos, as\u00ed como circuitos electr\u00f3nicos de cualquier tipo.<br \/>\nNo necesita agitarlo antes de usar. Debe aplicar el producto a una distancia de 15 a 20 cm de la superficie a tratar. Puede auxiliarse de una brocha si hay exceso de suciedad. Este producto se evapora a los pocos minutos.<br \/>\nMantenga el envase en un lugar fresco y ventilado. No se ingiera en caso de ingesti\u00f3n consulte a su m\u00e9dico. Producto inflamable. Evite el contacto con los ojos. No se deje al alcance de los ni\u00f1os.<\/p>","protected":false},"excerpt":{"rendered":"<p>ALCOHOL ISOPROPILICO IDEAL PARA USO EN EQUIPOS DE COMPUTO Y ELECTRONICOS 500ML<\/p>\n<div class=\"row\">\n<div class=\"col-xs-12 col-sm-6\"><strong>Tipo de producto: <\/strong>L\u00edquido para limpieza de equipos<\/div>\n<\/div>\n<div class=\"row\">\n<div class=\"col-xs-12 col-sm-6\"><strong>Uso adecuado: <\/strong>PC<\/div>\n<\/div>\n<div class=\"row\">\n<div class=\"col-xs-12 col-sm-6\"><strong>Volumen: <\/strong>500 ml<\/div>\n<\/div>\n<div class=\"row\">\n<div class=\"col-xs-12 col-sm-6\"><strong>Color del producto: <\/strong>Azul, Blanco<\/div>\n<\/div>\n<div class=\"row\">\n<div class=\"col-xs-12 col-sm-6\"><strong>Aplicabilidad: <\/strong>Universal<\/div>\n<\/div>","protected":false},"featured_media":3488,"comment_status":"open","ping_status":"closed","template":"","meta":[],"_links":{"self":[{"href":"https:\/\/comercializadoraegs.com\/es\/wp-json\/wp\/v2\/product\/3481"}],"collection":[{"href":"https:\/\/comercializadoraegs.com\/es\/wp-json\/wp\/v2\/product"}],"about":[{"href":"https:\/\/comercializadoraegs.com\/es\/wp-json\/wp\/v2\/types\/product"}],"replies":[{"embeddable":true,"href":"https:\/\/comercializadoraegs.com\/es\/wp-json\/wp\/v2\/comments?post=3481"}],"version-history":[{"count":1,"href":"https:\/\/comercializadoraegs.com\/es\/wp-json\/wp\/v2\/product\/3481\/revisions"}],"predecessor-version":[{"id":12841,"href":"https:\/\/comercializadoraegs.com\/es\/wp-json\/wp\/v2\/product\/3481\/revisions\/12841"}],"wp:featuredmedia":[{"embeddable":true,"href":"https:\/\/comercializadoraegs.com\/es\/wp-json\/wp\/v2\/media\/3488"}],"wp:attachment":[{"href":"https:\/\/comercializadoraegs.com\/es\/wp-json\/wp\/v2\/media?parent=3481"}],"curies":[{"name":"wp","href":"https:\/\/api.w.org\/{rel}","templated":true}]}}