{"id":3491,"date":"2021-03-16T18:06:11","date_gmt":"2021-03-16T18:06:11","guid":{"rendered":"https:\/\/inicio.comercializadoraegs.com\/?post_type=product&#038;p=3491"},"modified":"2025-10-31T11:10:53","modified_gmt":"2025-10-31T11:10:53","slug":"locion-limpiadora","status":"publish","type":"product","link":"https:\/\/comercializadoraegs.com\/es\/product\/locion-limpiadora\/","title":{"rendered":"LOCION LIMPIADORA"},"content":{"rendered":"<p>LOCION LIMPIADORA PARA COMPUTADORAS COMPUCARE CON GRAN CALIDAD Y PRECIO<\/p>\n<p>Loci\u00f3n limpiadora de uso exclusivamente externo, limpia todo tipo de superficies pl\u00e1sticas, de equipo de c\u00f3mputo, audio, v\u00eddeo y telefon\u00eda.<\/p>","protected":false},"excerpt":{"rendered":"<p>LOCION LIMPIADORA PARA COMPUTADORAS COMPUCARE CON GRAN CALIDAD Y PRECIO<\/p>\n<p><strong>Especificaciones<\/strong><\/p>\n<div class=\"row\">\n<div class=\"col-xs-6\">Color del producto: Azul<\/div>\n<\/div>\n<div class=\"row\">\n<div class=\"col-xs-6\">Uso adecuado: Carcasas pl\u00e1sticas y met\u00e1licas<\/div>\n<\/div>","protected":false},"featured_media":3492,"comment_status":"open","ping_status":"closed","template":"","meta":[],"_links":{"self":[{"href":"https:\/\/comercializadoraegs.com\/es\/wp-json\/wp\/v2\/product\/3491"}],"collection":[{"href":"https:\/\/comercializadoraegs.com\/es\/wp-json\/wp\/v2\/product"}],"about":[{"href":"https:\/\/comercializadoraegs.com\/es\/wp-json\/wp\/v2\/types\/product"}],"replies":[{"embeddable":true,"href":"https:\/\/comercializadoraegs.com\/es\/wp-json\/wp\/v2\/comments?post=3491"}],"version-history":[{"count":1,"href":"https:\/\/comercializadoraegs.com\/es\/wp-json\/wp\/v2\/product\/3491\/revisions"}],"predecessor-version":[{"id":12843,"href":"https:\/\/comercializadoraegs.com\/es\/wp-json\/wp\/v2\/product\/3491\/revisions\/12843"}],"wp:featuredmedia":[{"embeddable":true,"href":"https:\/\/comercializadoraegs.com\/es\/wp-json\/wp\/v2\/media\/3492"}],"wp:attachment":[{"href":"https:\/\/comercializadoraegs.com\/es\/wp-json\/wp\/v2\/media?parent=3491"}],"curies":[{"name":"wp","href":"https:\/\/api.w.org\/{rel}","templated":true}]}}