{"id":3550,"date":"2021-03-17T17:52:31","date_gmt":"2021-03-17T17:52:31","guid":{"rendered":"https:\/\/inicio.comercializadoraegs.com\/?post_type=product&#038;p=3550"},"modified":"2022-02-10T16:55:08","modified_gmt":"2022-02-10T16:55:08","slug":"kit-dahua-4ch-kit","status":"publish","type":"product","link":"https:\/\/comercializadoraegs.com\/es\/product\/kit-dahua-4ch-kit\/","title":{"rendered":"KIT DE 4 CANALES 1080p DAHUA"},"content":{"rendered":"<p>kit armado con sistema de grabaci\u00f3n digital con soporte para c\u00e1maras HDCVI, XVR de 4 canales Penta hibrido  1080p Lite (1.3MP), Resoluci\u00f3n de grabaci\u00f3n 1080P, incluye 4 c\u00e1maras bala 1080P B1A21, gabinete IP67 100% exterior,4x cables armados de 20 mts, fuente de poder, 1 a\u00f1o de garant\u00eda.<\/p>","protected":false},"excerpt":{"rendered":"<p>Cantidad de canales4<br \/>\nFormatos compresi\u00f3n de videoH265+<br \/>\nMaterial de la carcasa Policarbonato<br \/>\nMaxima Resolucion1080p (2MP)<\/p>","protected":false},"featured_media":3551,"comment_status":"open","ping_status":"closed","template":"","meta":[],"_links":{"self":[{"href":"https:\/\/comercializadoraegs.com\/es\/wp-json\/wp\/v2\/product\/3550"}],"collection":[{"href":"https:\/\/comercializadoraegs.com\/es\/wp-json\/wp\/v2\/product"}],"about":[{"href":"https:\/\/comercializadoraegs.com\/es\/wp-json\/wp\/v2\/types\/product"}],"replies":[{"embeddable":true,"href":"https:\/\/comercializadoraegs.com\/es\/wp-json\/wp\/v2\/comments?post=3550"}],"version-history":[{"count":1,"href":"https:\/\/comercializadoraegs.com\/es\/wp-json\/wp\/v2\/product\/3550\/revisions"}],"predecessor-version":[{"id":12853,"href":"https:\/\/comercializadoraegs.com\/es\/wp-json\/wp\/v2\/product\/3550\/revisions\/12853"}],"wp:featuredmedia":[{"embeddable":true,"href":"https:\/\/comercializadoraegs.com\/es\/wp-json\/wp\/v2\/media\/3551"}],"wp:attachment":[{"href":"https:\/\/comercializadoraegs.com\/es\/wp-json\/wp\/v2\/media?parent=3550"}],"curies":[{"name":"wp","href":"https:\/\/api.w.org\/{rel}","templated":true}]}}