{"id":3577,"date":"2021-03-17T19:15:30","date_gmt":"2021-03-17T19:15:30","guid":{"rendered":"https:\/\/inicio.comercializadoraegs.com\/?post_type=product&#038;p=3577"},"modified":"2025-09-17T00:58:12","modified_gmt":"2025-09-17T00:58:12","slug":"ssd-western-digital-480gb","status":"publish","type":"product","link":"https:\/\/comercializadoraegs.com\/es\/product\/ssd-western-digital-480gb\/","title":{"rendered":"SSD WESTERN DIGITAL 480GB"},"content":{"rendered":"<p>Factor de forma de disco &#8220;SSD2.5&#8221;<br \/>\nColor del producto Negro<br \/>\nCertificaci\u00f3n FCC, UL, TUV, KC, BSMI, VCCI<br \/>\nDisco de estado s\u00f3lido, capacidad 480 GB<br \/>\nInterfaces de disco de estado s\u00f3lido Serial ATA III<br \/>\nVelocidad de lectura 545 MB\/s<br \/>\nComponente para PC\/ordenador port\u00e1til<br \/>\nCompatible con NVM Express (NVMe)<br \/>\nTipo de memoria SLC<br \/>\nVelocidad de transferencia de datos 6 Gbit\/s<br \/>\nTiempo medio entre fallos 1000000 h<\/p>\n<p><b>ALMACENAMIENTO MEJORADO PARA SUS NECESIDADES INFORM\u00c1TICAS DEL D\u00cdA A D\u00cdA<\/b><br \/>\nLos SSD WD Green mejoran la experiencia inform\u00e1tica del d\u00eda a d\u00eda en su ordenador de sobremesa o port\u00e1til para un rendimiento r\u00e1pido y una gran fiabilidad.<br \/>\n<b>Rendimiento mejorado para la inform\u00e1tica del d\u00eda a d\u00eda<\/b><br \/>\nCon la mejora del rendimiento del SSD WD Green SATA, puede navegar por internet, jugar o, simplemente, arrancar su sistema en un instante.<br \/>\n<b>Fiabilidad de estado s\u00f3lido<\/b><br \/>\nLigeros y resistentes a los golpes, los SSD WD Green no tienen piezas m\u00f3viles y ayudan a proteger sus datos frente a golpes o ca\u00eddas accidentales.<br \/>\n<b>Menos consumo. M\u00e1s diversi\u00f3n.<\/b><br \/>\nLos SSD WD Green son de los discos que menos energ\u00eda consumen del sector. Y cuando consume menos energ\u00eda, su ordenador port\u00e1til funciona m\u00e1s tiempo.<br \/>\n<b>UNA ACTUALIZACI\u00d3N F\u00c1CIL PARA SU ORDENADOR<\/b><br \/>\nCompatible con la mayor\u00eda de ordenadores de sobremesa y port\u00e1tiles, los SSD WD Green est\u00e1n disponibles en formatos de 2,5 pulgadas \/ 7 mm y en los modelos M.2 2280 para instalarlos de forma sencilla y sin preocupaciones.<br \/>\n<b>PANEL DE CONTROL SSD DE WD DESCARGABLE Y SOFTWARE ACRONIS<\/b><br \/>\nSupervise el estado de su disco con el Panel de control WD SSD gratuito y descargable, y clone discos con el software Acronis\u00ae True Image\u2122 WD Edition.<\/p>","protected":false},"excerpt":{"rendered":"<p>Disco Estado Solido WESTERN DIGITAL WDS480G2G0A , 480 GB, Serial ATA III, 545 MB\/s, 6 Gbit\/s<\/p>","protected":false},"featured_media":3578,"comment_status":"open","ping_status":"closed","template":"","meta":[],"_links":{"self":[{"href":"https:\/\/comercializadoraegs.com\/es\/wp-json\/wp\/v2\/product\/3577"}],"collection":[{"href":"https:\/\/comercializadoraegs.com\/es\/wp-json\/wp\/v2\/product"}],"about":[{"href":"https:\/\/comercializadoraegs.com\/es\/wp-json\/wp\/v2\/types\/product"}],"replies":[{"embeddable":true,"href":"https:\/\/comercializadoraegs.com\/es\/wp-json\/wp\/v2\/comments?post=3577"}],"version-history":[{"count":1,"href":"https:\/\/comercializadoraegs.com\/es\/wp-json\/wp\/v2\/product\/3577\/revisions"}],"predecessor-version":[{"id":12858,"href":"https:\/\/comercializadoraegs.com\/es\/wp-json\/wp\/v2\/product\/3577\/revisions\/12858"}],"wp:featuredmedia":[{"embeddable":true,"href":"https:\/\/comercializadoraegs.com\/es\/wp-json\/wp\/v2\/media\/3578"}],"wp:attachment":[{"href":"https:\/\/comercializadoraegs.com\/es\/wp-json\/wp\/v2\/media?parent=3577"}],"curies":[{"name":"wp","href":"https:\/\/api.w.org\/{rel}","templated":true}]}}