{"id":3581,"date":"2021-03-17T19:34:17","date_gmt":"2021-03-17T19:34:17","guid":{"rendered":"https:\/\/inicio.comercializadoraegs.com\/?post_type=product&#038;p=3581"},"modified":"2025-11-29T16:25:42","modified_gmt":"2025-11-29T16:25:42","slug":"disco-duro-externo-adata-1tb","status":"publish","type":"product","link":"https:\/\/comercializadoraegs.com\/es\/product\/disco-duro-externo-adata-1tb\/","title":{"rendered":"DISCO DURO EXTERNO ADATA 1TB"},"content":{"rendered":"<p>Capacidad de disco duro 1 TB<br \/>\nColor del producto Negro<br \/>\nInterfaz del disco duro USB 3.0 (USB 2.0)<br \/>\nTama\u00f1o de disco duro 2.5<br \/>\nVelocidad de lectura y escritura 90MB\/s<br \/>\nTextura pl\u00e1stico \/ goma<\/p>\n<p>El HD650 combina materiales de \u00faltima generaci\u00f3n con ingenier\u00eda precisa para crear una soluci\u00f3n de almacenamiento externo precisa que proporciona mayor rigidez y seguridad para los datos. La unidad utiliza una interfaz USB 3.0 ultrarr\u00e1pida para una mayor velocidad de transferencia y un LED azul para indicar el estado de la alimentaci\u00f3n y transferencia. Sus l\u00edneas fluidas y colores llamativos hacen que sea una gran opci\u00f3n de almacenamiento para archivos importantes, especialmente para las personas con estilos de vida activos y al aire libre.<\/p>\n<p><b>Dise\u00f1ada para absorber los golpes m\u00e1s duros<\/b><\/p>\n<p>La construcci\u00f3n de triple capa de el HD650 incorpora un material de goma \u00fanico con una elasticidad excepcional que ofrece gran absorci\u00f3n en todos los ejes.<\/p>\n<p><b>La capacidad que necesita<\/b><\/p>\n<p>Puesto que la cantidad de fotos y v\u00eddeos valiosos de alta definici\u00f3n contin\u00faa aumentando en el consumidor medio, el HD650 viene con capacidades de 500 gigabytes y 1 terabyte, proporcionando un amplio espacio de almacenamiento para las vidas digitales modernas.<\/p>\n<p><b>Indicador LED azul resplandeciente<\/b><\/p>\n<p>El disco duro port\u00e1til HD650 incluye un indicador LEZ azul brillante para el estado de la alimentaci\u00f3n y transferencia de datos.<\/p>\n<p><b>Superficie protegida<\/b><\/p>\n<p>La carcasa es de material pl\u00e1stico compuesto duradero, altamente resistente a rayas y desgaste.<\/p>\n<p><b>Especificaciones del \u00faltimo hardware e interfaz<\/b><\/p>\n<p>La interfaz Super Speed USB 3.0 ofrece una velocidad de transferencia de datos impresionante, indicada con un LED azul. El HD650 es completamente compatible con el sistema operativo Windows 8.x (y versiones anteriores).<\/p>","protected":false},"excerpt":{"rendered":"<p>Disco duro externo ADATA HD650, 1000 GB, USB 3.0 (USB 2.0), 2.5<\/p>","protected":false},"featured_media":3590,"comment_status":"open","ping_status":"closed","template":"","meta":[],"_links":{"self":[{"href":"https:\/\/comercializadoraegs.com\/es\/wp-json\/wp\/v2\/product\/3581"}],"collection":[{"href":"https:\/\/comercializadoraegs.com\/es\/wp-json\/wp\/v2\/product"}],"about":[{"href":"https:\/\/comercializadoraegs.com\/es\/wp-json\/wp\/v2\/types\/product"}],"replies":[{"embeddable":true,"href":"https:\/\/comercializadoraegs.com\/es\/wp-json\/wp\/v2\/comments?post=3581"}],"version-history":[{"count":2,"href":"https:\/\/comercializadoraegs.com\/es\/wp-json\/wp\/v2\/product\/3581\/revisions"}],"predecessor-version":[{"id":13266,"href":"https:\/\/comercializadoraegs.com\/es\/wp-json\/wp\/v2\/product\/3581\/revisions\/13266"}],"wp:featuredmedia":[{"embeddable":true,"href":"https:\/\/comercializadoraegs.com\/es\/wp-json\/wp\/v2\/media\/3590"}],"wp:attachment":[{"href":"https:\/\/comercializadoraegs.com\/es\/wp-json\/wp\/v2\/media?parent=3581"}],"curies":[{"name":"wp","href":"https:\/\/api.w.org\/{rel}","templated":true}]}}