{"id":3643,"date":"2021-03-18T16:30:50","date_gmt":"2021-03-18T16:30:50","guid":{"rendered":"https:\/\/inicio.comercializadoraegs.com\/?post_type=product&#038;p=3643"},"modified":"2022-02-10T16:58:37","modified_gmt":"2022-02-10T16:58:37","slug":"memoria-usb-adata-16-gb-c008","status":"publish","type":"product","link":"https:\/\/comercializadoraegs.com\/es\/product\/memoria-usb-adata-16-gb-c008\/","title":{"rendered":"MEMORIA USB ADATA 16 GB"},"content":{"rendered":"<p>Memoria USB ADATA C008 Negro 16 GB Su elegante dise\u00f1o incluye un conector USB deslizante que sale suavemente desde la unidad con la pulsaci\u00f3n del dedo El dise\u00f1o mec\u00e1nico sin tapa elimina el problema de perder la tapa de la unidad El conector USB puede estar listo para su uso con s\u00f3lo una mano para mayor comodidad<\/p>","protected":false},"excerpt":{"rendered":"<p>Memoria USB ADATA C008 Negro 16 GB Su elegante dise\u00f1o incluye un conector USB deslizante que sale suavemente desde la unidad con la pulsaci\u00f3n del dedo El dise\u00f1o mec\u00e1nico sin tapa elimina el problema de perder la tapa de la unidad El conector USB puede estar listo para su uso con s\u00f3lo una mano para mayor comodidad<\/p>","protected":false},"featured_media":3644,"comment_status":"open","ping_status":"closed","template":"","meta":[],"_links":{"self":[{"href":"https:\/\/comercializadoraegs.com\/es\/wp-json\/wp\/v2\/product\/3643"}],"collection":[{"href":"https:\/\/comercializadoraegs.com\/es\/wp-json\/wp\/v2\/product"}],"about":[{"href":"https:\/\/comercializadoraegs.com\/es\/wp-json\/wp\/v2\/types\/product"}],"replies":[{"embeddable":true,"href":"https:\/\/comercializadoraegs.com\/es\/wp-json\/wp\/v2\/comments?post=3643"}],"version-history":[{"count":1,"href":"https:\/\/comercializadoraegs.com\/es\/wp-json\/wp\/v2\/product\/3643\/revisions"}],"predecessor-version":[{"id":12865,"href":"https:\/\/comercializadoraegs.com\/es\/wp-json\/wp\/v2\/product\/3643\/revisions\/12865"}],"wp:featuredmedia":[{"embeddable":true,"href":"https:\/\/comercializadoraegs.com\/es\/wp-json\/wp\/v2\/media\/3644"}],"wp:attachment":[{"href":"https:\/\/comercializadoraegs.com\/es\/wp-json\/wp\/v2\/media?parent=3643"}],"curies":[{"name":"wp","href":"https:\/\/api.w.org\/{rel}","templated":true}]}}