{"id":3664,"date":"2021-03-18T18:31:06","date_gmt":"2021-03-18T18:31:06","guid":{"rendered":"https:\/\/inicio.comercializadoraegs.com\/?post_type=product&#038;p=3664"},"modified":"2022-02-10T17:00:57","modified_gmt":"2022-02-10T17:00:57","slug":"regulador-emartbitt-efectivo","status":"publish","type":"product","link":"https:\/\/comercializadoraegs.com\/es\/product\/regulador-emartbitt-efectivo\/","title":{"rendered":"REGULADOR SMARTBITT"},"content":{"rendered":"<p>Dise\u00f1ados para brindar una excelente calidad y alto desempe\u00f1o, fabricados con lo \u00faltimo en<br \/>\necnolog\u00eda AVR, los reguladores cuentan en todos sus contactos con regulaci\u00f3n y supresi\u00f3n de picos. Pensados para un desempe\u00f1o ideal en el hogar y en la oficina..<\/p>\n<p>-1200 VA, 600 W<br \/>\n&#8211; 1- 4 Contactos con regulaci\u00f3n y supresi\u00f3n de picos<br \/>\n&#8211; 2- Indicadores LED de estado<br \/>\n&#8211; 3- Protecci\u00f3n de sobrecarga<\/p>\n<p>&nbsp;<\/p>","protected":false},"excerpt":{"rendered":"<p>Dise\u00f1ados para brindar una excelente calidad y alto desempe\u00f1o, fabricados con lo \u00faltimo en<br \/>\necnolog\u00eda AVR, los reguladores cuentan en todos sus contactos con regulaci\u00f3n y supresi\u00f3n de picos. Pensados para un desempe\u00f1o ideal en el hogar y en la oficina.<\/p>","protected":false},"featured_media":3665,"comment_status":"open","ping_status":"closed","template":"","meta":[],"_links":{"self":[{"href":"https:\/\/comercializadoraegs.com\/es\/wp-json\/wp\/v2\/product\/3664"}],"collection":[{"href":"https:\/\/comercializadoraegs.com\/es\/wp-json\/wp\/v2\/product"}],"about":[{"href":"https:\/\/comercializadoraegs.com\/es\/wp-json\/wp\/v2\/types\/product"}],"replies":[{"embeddable":true,"href":"https:\/\/comercializadoraegs.com\/es\/wp-json\/wp\/v2\/comments?post=3664"}],"version-history":[{"count":1,"href":"https:\/\/comercializadoraegs.com\/es\/wp-json\/wp\/v2\/product\/3664\/revisions"}],"predecessor-version":[{"id":12870,"href":"https:\/\/comercializadoraegs.com\/es\/wp-json\/wp\/v2\/product\/3664\/revisions\/12870"}],"wp:featuredmedia":[{"embeddable":true,"href":"https:\/\/comercializadoraegs.com\/es\/wp-json\/wp\/v2\/media\/3665"}],"wp:attachment":[{"href":"https:\/\/comercializadoraegs.com\/es\/wp-json\/wp\/v2\/media?parent=3664"}],"curies":[{"name":"wp","href":"https:\/\/api.w.org\/{rel}","templated":true}]}}