{"id":3675,"date":"2021-03-18T20:04:40","date_gmt":"2021-03-18T20:04:40","guid":{"rendered":"https:\/\/inicio.comercializadoraegs.com\/?post_type=product&#038;p=3675"},"modified":"2025-08-11T03:34:26","modified_gmt":"2025-08-11T03:34:26","slug":"memoria-ram-adata-4gb","status":"publish","type":"product","link":"https:\/\/comercializadoraegs.com\/es\/product\/memoria-ram-adata-4gb\/","title":{"rendered":"MEMORIA RAM ADATA DDR4 4GB"},"content":{"rendered":"<p style=\"color: #000000; font-family: Arial; font-size: large;\">DDR4 ofrece m\u00faltiples ventajas sobre generaciones anteriores DRAM y ADATA ofrece la m\u00e1s alta calidad y el rendimiento m\u00e1s r\u00e1pido. Nuestros m\u00f3dulos de memoria SO-DIMM DDR4 2666 Premier para port\u00e1tiles llegan con 8GB a 16GB para una actualizaci\u00f3n r\u00e1pida y f\u00e1cil en cualquier port\u00e1til compatible. Ofrecen transferencias de datos m\u00e1s r\u00e1pidas que DDR3, adem\u00e1s de un menor consumo energ\u00e9tico que reduce el calor y aumenta la duraci\u00f3n de la bater\u00eda. Nuestra DDR4 tambi\u00e9n est\u00e1 optimizada para dar rienda suelta a la potencia de los \u00faltimos procesadores Intel.<\/p>\n<section>\n<p style=\"color: #000000; font-family: Arial; font-size: large;\"><b>Muy r\u00e1pida y ultra eficiente<\/b><br \/>\nLos m\u00f3dulos DDR4 ADATA para port\u00e1tiles aprovechan ventajas de la nueva generaci\u00f3n de productos econ\u00f3micos y de alta fiabilidad. DDR4 ofrece un mayor rendimiento gracias a frecuencias m\u00e1s r\u00e1pidas en comparaci\u00f3n con DDR3, subiendo hasta 2666MHz. Esto lo consigue operando a tan s\u00f3lo 1.2V, que es 20% menos que DDR3 en t\u00e9rminos de consumo energ\u00e9tico.<br \/>\nCumple los exigentes est\u00e1ndares de las plataformas de nueva generaci\u00f3n<\/p>\n<\/section>\n<section>\n<ul style=\"color: #000000; font-family: Arial; font-size: large;\">\n<li>Cumple con los est\u00e1ndares JEDEC<\/li>\n<li>Compatible con RoHS<\/li>\n<li>Soporta las plataformas Intel Skylake y Coffee Lake, preparado para futuras plataformas Kaby Lake y Cannon Lake<\/li>\n<\/ul>\n<\/section>\n<section>\n<p style=\"color: #000000; font-family: Arial; font-size: large;\"><b>Garant\u00eda de por vida<\/b><br \/>\nTodos los m\u00f3dulos de memoria ADATA han sido producidos y probados usando rigurosos procesos de control de calidad para un procesamiento r\u00e1pido y una operaci\u00f3n estable. Adem\u00e1s, los m\u00f3dulos de memoria ADATA ofrecen a los clientes una garant\u00eda de por vida para asegurar al m\u00e1ximo un servicio excelente.<\/p>\n<\/section>","protected":false},"excerpt":{"rendered":"<p>Memoria RAM DDR4 4GB ADATA Premier, 4 GB, DDR4, 2666 MHz, 260-pin SO-DIMM, Port\u00e1til<\/p>","protected":false},"featured_media":4520,"comment_status":"open","ping_status":"closed","template":"","meta":[],"_links":{"self":[{"href":"https:\/\/comercializadoraegs.com\/es\/wp-json\/wp\/v2\/product\/3675"}],"collection":[{"href":"https:\/\/comercializadoraegs.com\/es\/wp-json\/wp\/v2\/product"}],"about":[{"href":"https:\/\/comercializadoraegs.com\/es\/wp-json\/wp\/v2\/types\/product"}],"replies":[{"embeddable":true,"href":"https:\/\/comercializadoraegs.com\/es\/wp-json\/wp\/v2\/comments?post=3675"}],"version-history":[{"count":1,"href":"https:\/\/comercializadoraegs.com\/es\/wp-json\/wp\/v2\/product\/3675\/revisions"}],"predecessor-version":[{"id":12873,"href":"https:\/\/comercializadoraegs.com\/es\/wp-json\/wp\/v2\/product\/3675\/revisions\/12873"}],"wp:featuredmedia":[{"embeddable":true,"href":"https:\/\/comercializadoraegs.com\/es\/wp-json\/wp\/v2\/media\/4520"}],"wp:attachment":[{"href":"https:\/\/comercializadoraegs.com\/es\/wp-json\/wp\/v2\/media?parent=3675"}],"curies":[{"name":"wp","href":"https:\/\/api.w.org\/{rel}","templated":true}]}}