{"id":3795,"date":"2021-03-19T18:23:57","date_gmt":"2021-03-19T18:23:57","guid":{"rendered":"https:\/\/comercializadoraegs.com\/?post_type=product&#038;p=3795"},"modified":"2025-08-22T23:16:10","modified_gmt":"2025-08-22T23:16:10","slug":"ram-adata-4gb","status":"publish","type":"product","link":"https:\/\/comercializadoraegs.com\/es\/product\/ram-adata-4gb\/","title":{"rendered":"MEMORIA RAM ADATA 4 GB"},"content":{"rendered":"<p>Memoria interna 4 GB<br \/>\nTipo de memoria interna DDR3L<br \/>\nVelocidad de memoria del reloj 1600 MHz<br \/>\nForma de factor de memoria 204-pin SO-DIMM<br \/>\nDise\u00f1o de memoria (m\u00f3dulos x tama\u00f1o) 1 x 4 GB<br \/>\nLatencia CAS 11<br \/>\nVoltaje de memoria 1.35 V<\/p>","protected":false},"excerpt":{"rendered":"<p>Memoria RAM ADATA PC3L , 4 GB, DDR3L, 1600 MHz, 204-pin SO-DIMM, Port\u00e1til<\/p>","protected":false},"featured_media":3797,"comment_status":"open","ping_status":"closed","template":"","meta":[],"_links":{"self":[{"href":"https:\/\/comercializadoraegs.com\/es\/wp-json\/wp\/v2\/product\/3795"}],"collection":[{"href":"https:\/\/comercializadoraegs.com\/es\/wp-json\/wp\/v2\/product"}],"about":[{"href":"https:\/\/comercializadoraegs.com\/es\/wp-json\/wp\/v2\/types\/product"}],"replies":[{"embeddable":true,"href":"https:\/\/comercializadoraegs.com\/es\/wp-json\/wp\/v2\/comments?post=3795"}],"version-history":[{"count":1,"href":"https:\/\/comercializadoraegs.com\/es\/wp-json\/wp\/v2\/product\/3795\/revisions"}],"predecessor-version":[{"id":12875,"href":"https:\/\/comercializadoraegs.com\/es\/wp-json\/wp\/v2\/product\/3795\/revisions\/12875"}],"wp:featuredmedia":[{"embeddable":true,"href":"https:\/\/comercializadoraegs.com\/es\/wp-json\/wp\/v2\/media\/3797"}],"wp:attachment":[{"href":"https:\/\/comercializadoraegs.com\/es\/wp-json\/wp\/v2\/media?parent=3795"}],"curies":[{"name":"wp","href":"https:\/\/api.w.org\/{rel}","templated":true}]}}