{"id":4135,"date":"2021-03-25T16:34:34","date_gmt":"2021-03-25T16:34:34","guid":{"rendered":"https:\/\/comercializadoraegs.com\/?post_type=product&#038;p=4135"},"modified":"2022-02-10T17:39:51","modified_gmt":"2022-02-10T17:39:51","slug":"camara-provision","status":"publish","type":"product","link":"https:\/\/comercializadoraegs.com\/es\/product\/camara-provision\/","title":{"rendered":"CAMARA RESOLUCION 1920*1080PX, PROVISION-ISR"},"content":{"rendered":"<table id=\"DataTables_Table_0\" class=\"table table-bordered table-striped dt-responsive tablaProductos dataTable no-footer dtr-inline collapsed\" role=\"grid\" width=\"100%\" aria-describedby=\"DataTables_Table_0_info\">\n<tbody>\n<tr class=\"even parent\" role=\"row\">\n<td>Formato: 4 En 1 (Ahd \/ Cvi \/ Tvi \/ Cvbs + Pal\/Ntsc) Factor de forma: Bala Tama\u00f1o del sensor \u00f3ptico: 1 \/ 3pulg. M\u00e1xima resoluci\u00f3n: 1920 x 1080 Pixeles Formatos gr\u00e1ficos soportados: 1920 x 1080 (HD 1080) Tecnolog\u00eda de conectividad: Al\u00e1mbrico Colocaci\u00f3n soportada: Interior y exterior Visi\u00f3n nocturna: si<\/td>\n<\/tr>\n<\/tbody>\n<\/table>","protected":false},"excerpt":{"rendered":"<table id=\"DataTables_Table_0\" class=\"table table-bordered table-striped dt-responsive tablaProductos dataTable no-footer dtr-inline collapsed\" role=\"grid\" width=\"100%\" aria-describedby=\"DataTables_Table_0_info\">\n<tbody>\n<tr class=\"even parent\" role=\"row\">\n<td>Formato: 4 En 1 (Ahd \/ Cvi \/ Tvi \/ Cvbs + Pal\/Ntsc) Factor de forma: Bala Tama\u00f1o del sensor \u00f3ptico: 1 \/ 3pulg. M\u00e1xima resoluci\u00f3n: 1920 x 1080 Pixeles Formatos gr\u00e1ficos soportados: 1920 x 1080 (HD 1080) Tecnolog\u00eda de conectividad: Al\u00e1mbrico Colocaci\u00f3n soportada: Interior y exterior Visi\u00f3n nocturna: si<\/td>\n<\/tr>\n<\/tbody>\n<\/table>","protected":false},"featured_media":4136,"comment_status":"open","ping_status":"closed","template":"","meta":[],"_links":{"self":[{"href":"https:\/\/comercializadoraegs.com\/es\/wp-json\/wp\/v2\/product\/4135"}],"collection":[{"href":"https:\/\/comercializadoraegs.com\/es\/wp-json\/wp\/v2\/product"}],"about":[{"href":"https:\/\/comercializadoraegs.com\/es\/wp-json\/wp\/v2\/types\/product"}],"replies":[{"embeddable":true,"href":"https:\/\/comercializadoraegs.com\/es\/wp-json\/wp\/v2\/comments?post=4135"}],"version-history":[{"count":1,"href":"https:\/\/comercializadoraegs.com\/es\/wp-json\/wp\/v2\/product\/4135\/revisions"}],"predecessor-version":[{"id":12902,"href":"https:\/\/comercializadoraegs.com\/es\/wp-json\/wp\/v2\/product\/4135\/revisions\/12902"}],"wp:featuredmedia":[{"embeddable":true,"href":"https:\/\/comercializadoraegs.com\/es\/wp-json\/wp\/v2\/media\/4136"}],"wp:attachment":[{"href":"https:\/\/comercializadoraegs.com\/es\/wp-json\/wp\/v2\/media?parent=4135"}],"curies":[{"name":"wp","href":"https:\/\/api.w.org\/{rel}","templated":true}]}}