{"id":4146,"date":"2021-03-25T17:06:12","date_gmt":"2021-03-25T17:06:12","guid":{"rendered":"https:\/\/comercializadoraegs.com\/?post_type=product&#038;p=4146"},"modified":"2025-09-17T00:55:29","modified_gmt":"2025-09-17T00:55:29","slug":"camara-de-vigilancia-wifi-360","status":"publish","type":"product","link":"https:\/\/comercializadoraegs.com\/es\/product\/camara-de-vigilancia-wifi-360\/","title":{"rendered":"C\u00c1MARA DE VIGILANCIA v380 WIFI 360"},"content":{"rendered":"<table id=\"DataTables_Table_0\" class=\"table table-bordered table-striped dt-responsive tablaProductos dataTable no-footer dtr-inline collapsed\" role=\"grid\" width=\"100%\" aria-describedby=\"DataTables_Table_0_info\">\n<tbody>\n<tr class=\"odd parent\" role=\"row\">\n<td>Camara de vigilancia v380 , C\u00e1mara de seguridad IP Wifi WIFI HD 720p, Controles Pan \/ Tilt: Giro: 355 grados, inclinaci\u00f3n: 90 grados Resoluci\u00f3n 720p HD, proporciona una imagen clara Lente Infra Roja, soporta visi\u00f3n nocturna<\/td>\n<\/tr>\n<\/tbody>\n<\/table>","protected":false},"excerpt":{"rendered":"<table id=\"DataTables_Table_0\" class=\"table table-bordered table-striped dt-responsive tablaProductos dataTable no-footer dtr-inline collapsed\" role=\"grid\" width=\"100%\" aria-describedby=\"DataTables_Table_0_info\">\n<tbody>\n<tr class=\"odd parent\" role=\"row\">\n<td>Camara de vigilancia v380 , C\u00e1mara de seguridad IP Wifi WIFI HD 720p, Controles Pan \/ Tilt: Giro: 355 grados, inclinaci\u00f3n: 90 grados Resoluci\u00f3n 720p HD, proporciona una imagen clara Lente Infra Roja, soporta visi\u00f3n nocturna<\/td>\n<\/tr>\n<\/tbody>\n<\/table>","protected":false},"featured_media":4184,"comment_status":"open","ping_status":"closed","template":"","meta":[],"_links":{"self":[{"href":"https:\/\/comercializadoraegs.com\/es\/wp-json\/wp\/v2\/product\/4146"}],"collection":[{"href":"https:\/\/comercializadoraegs.com\/es\/wp-json\/wp\/v2\/product"}],"about":[{"href":"https:\/\/comercializadoraegs.com\/es\/wp-json\/wp\/v2\/types\/product"}],"replies":[{"embeddable":true,"href":"https:\/\/comercializadoraegs.com\/es\/wp-json\/wp\/v2\/comments?post=4146"}],"version-history":[{"count":1,"href":"https:\/\/comercializadoraegs.com\/es\/wp-json\/wp\/v2\/product\/4146\/revisions"}],"predecessor-version":[{"id":12905,"href":"https:\/\/comercializadoraegs.com\/es\/wp-json\/wp\/v2\/product\/4146\/revisions\/12905"}],"wp:featuredmedia":[{"embeddable":true,"href":"https:\/\/comercializadoraegs.com\/es\/wp-json\/wp\/v2\/media\/4184"}],"wp:attachment":[{"href":"https:\/\/comercializadoraegs.com\/es\/wp-json\/wp\/v2\/media?parent=4146"}],"curies":[{"name":"wp","href":"https:\/\/api.w.org\/{rel}","templated":true}]}}