{"id":4186,"date":"2021-03-25T17:12:19","date_gmt":"2021-03-25T17:12:19","guid":{"rendered":"https:\/\/comercializadoraegs.com\/?post_type=product&#038;p=4186"},"modified":"2025-10-31T11:08:07","modified_gmt":"2025-10-31T11:08:07","slug":"camara-domo","status":"publish","type":"product","link":"https:\/\/comercializadoraegs.com\/es\/product\/camara-domo\/","title":{"rendered":"C\u00c1MARA DOMO HDCVI-1080P, DAHUA"},"content":{"rendered":"<p style=\"color: #000000; font-family: Arial; font-size: large;\">Alta definici\u00f3n HDCVI-1080P para interior\/exterior marca DAHUA (HAC-T1A21N 2.8MM), resoluci\u00f3n 2 Megap\u00edxel, IP67, con visi\u00f3n nocturna (SMART IR alcance 20 mts), incluye lente fijo de 2.8mm, soporta 12VCD, 1 a\u00f1o de garant\u00eda. PLASTICO<\/p>","protected":false},"excerpt":{"rendered":"<table id=\"DataTables_Table_0\" class=\"table table-bordered table-striped dt-responsive tablaProductos dataTable no-footer dtr-inline collapsed\" role=\"grid\" width=\"100%\" aria-describedby=\"DataTables_Table_0_info\">\n<tbody>\n<tr class=\"odd parent\" role=\"row\">\n<td>CAMARA DOMO HAC-T1A21 CON GRAN CALIDAD Y PRECIO<\/td>\n<\/tr>\n<\/tbody>\n<\/table>","protected":false},"featured_media":4187,"comment_status":"open","ping_status":"closed","template":"","meta":[],"_links":{"self":[{"href":"https:\/\/comercializadoraegs.com\/es\/wp-json\/wp\/v2\/product\/4186"}],"collection":[{"href":"https:\/\/comercializadoraegs.com\/es\/wp-json\/wp\/v2\/product"}],"about":[{"href":"https:\/\/comercializadoraegs.com\/es\/wp-json\/wp\/v2\/types\/product"}],"replies":[{"embeddable":true,"href":"https:\/\/comercializadoraegs.com\/es\/wp-json\/wp\/v2\/comments?post=4186"}],"version-history":[{"count":1,"href":"https:\/\/comercializadoraegs.com\/es\/wp-json\/wp\/v2\/product\/4186\/revisions"}],"predecessor-version":[{"id":12906,"href":"https:\/\/comercializadoraegs.com\/es\/wp-json\/wp\/v2\/product\/4186\/revisions\/12906"}],"wp:featuredmedia":[{"embeddable":true,"href":"https:\/\/comercializadoraegs.com\/es\/wp-json\/wp\/v2\/media\/4187"}],"wp:attachment":[{"href":"https:\/\/comercializadoraegs.com\/es\/wp-json\/wp\/v2\/media?parent=4186"}],"curies":[{"name":"wp","href":"https:\/\/api.w.org\/{rel}","templated":true}]}}