{"id":5083,"date":"2021-04-06T16:57:12","date_gmt":"2021-04-06T16:57:12","guid":{"rendered":"https:\/\/comercializadoraegs.com\/?post_type=product&#038;p=5083"},"modified":"2022-02-10T17:53:23","modified_gmt":"2022-02-10T17:53:23","slug":"espuma-limpiadora","status":"publish","type":"product","link":"https:\/\/comercializadoraegs.com\/es\/product\/espuma-limpiadora\/","title":{"rendered":"ESPUMA LIMPIADORA 400G, PERFECT-CHOICE"},"content":{"rendered":"<p>E-foam esta especialmente dise\u00f1ado para limpiar de manera r\u00e1pida y profunda todo tipo de superficies de pl\u00e1stico como tecl\u00e1dos, computadoras, impresoras, m\u00e1quinas de escribir, electrodom\u00e9sticos, etc. por sus propiedades antiest\u00e1ticas, e-foam ayuda a repeler el polvo, manteniendo sus equipos limpios por m\u00e1s tiempo.<br \/>\nCARACTER\u00cdSTICAS<br \/>\nUso adecuadon Pantallas \/ Pl\u00e1sticos<\/p>","protected":false},"excerpt":{"rendered":"<p><strong>Especificaciones:\u00a0<\/strong><\/p>\n<p>Peso: 400 g<br \/>\nUso adecuado Pantallas \/ Pl\u00e1sticos<\/p>","protected":false},"featured_media":5085,"comment_status":"open","ping_status":"closed","template":"","meta":[],"_links":{"self":[{"href":"https:\/\/comercializadoraegs.com\/es\/wp-json\/wp\/v2\/product\/5083"}],"collection":[{"href":"https:\/\/comercializadoraegs.com\/es\/wp-json\/wp\/v2\/product"}],"about":[{"href":"https:\/\/comercializadoraegs.com\/es\/wp-json\/wp\/v2\/types\/product"}],"replies":[{"embeddable":true,"href":"https:\/\/comercializadoraegs.com\/es\/wp-json\/wp\/v2\/comments?post=5083"}],"version-history":[{"count":1,"href":"https:\/\/comercializadoraegs.com\/es\/wp-json\/wp\/v2\/product\/5083\/revisions"}],"predecessor-version":[{"id":12929,"href":"https:\/\/comercializadoraegs.com\/es\/wp-json\/wp\/v2\/product\/5083\/revisions\/12929"}],"wp:featuredmedia":[{"embeddable":true,"href":"https:\/\/comercializadoraegs.com\/es\/wp-json\/wp\/v2\/media\/5085"}],"wp:attachment":[{"href":"https:\/\/comercializadoraegs.com\/es\/wp-json\/wp\/v2\/media?parent=5083"}],"curies":[{"name":"wp","href":"https:\/\/api.w.org\/{rel}","templated":true}]}}