{"id":5088,"date":"2021-04-06T17:14:40","date_gmt":"2021-04-06T17:14:40","guid":{"rendered":"https:\/\/comercializadoraegs.com\/?post_type=product&#038;p=5088"},"modified":"2022-02-10T17:53:33","modified_gmt":"2022-02-10T17:53:33","slug":"memoria-usb-16gb","status":"publish","type":"product","link":"https:\/\/comercializadoraegs.com\/es\/product\/memoria-usb-16gb\/","title":{"rendered":"MEMORIA USB 16GB, ADATA"},"content":{"rendered":"<p>\u00bfNo lo odia cuando pierde la capucha de su unidad USB? No lo odiar\u00e1 m\u00e1s. Presentamos la unidad flash USB ADATA UV240 con una pr\u00e1ctica capucha abatible que nunca perder\u00e1.<br \/>\nAbrir con un simple movimiento<br \/>\nEl dise\u00f1o de la capucha abatible de la unidad UV240 no solo evita que extrav\u00ede la propia capucha, sino que tambi\u00e9n permite que se abra f\u00e1cilmente con solo mover el dedo pulgar.<br \/>\nTres colores para elegir<br \/>\nLa unidad UV240 viene en negro, rojo y blanco. Elija el color que m\u00e1s le vaya.<br \/>\nAmplia gama de capacidades<br \/>\nLa unidad UV240 viene en capacidades que van desde 8 GB hasta 64 GB. Grande o peque\u00f1a, hay una capacidad para usted.<br \/>\nQu\u00e9date con una<br \/>\nUn agujero para cord\u00f3n ofrece comodidad y personalizaci\u00f3n. Acople la unidad UV240 a un cord\u00f3n o llavero para transportarla f\u00e1cilmente, o a\u00f1\u00e1dal algo que sea de su exclusividad.<br \/>\nCompatibilidad pr\u00e1cticamente universal<br \/>\nLa lista de dispositivos compatibles con la unidad UV240 contin\u00faa hasta donde alcanza la vista. PC, tabletas, TV inteligentes, sistemas para veh\u00edculo, consolas de juego, sistemas de ocio en casa, etc.<\/p>","protected":false},"excerpt":{"rendered":"<p><strong>Especificaciones<\/strong><br \/>\nCapacidad: 16 GB<br \/>\nColor del producto: Rojo<br \/>\nTipo de interfaz: USB 2.0<\/p>","protected":false},"featured_media":5089,"comment_status":"open","ping_status":"closed","template":"","meta":[],"_links":{"self":[{"href":"https:\/\/comercializadoraegs.com\/es\/wp-json\/wp\/v2\/product\/5088"}],"collection":[{"href":"https:\/\/comercializadoraegs.com\/es\/wp-json\/wp\/v2\/product"}],"about":[{"href":"https:\/\/comercializadoraegs.com\/es\/wp-json\/wp\/v2\/types\/product"}],"replies":[{"embeddable":true,"href":"https:\/\/comercializadoraegs.com\/es\/wp-json\/wp\/v2\/comments?post=5088"}],"version-history":[{"count":1,"href":"https:\/\/comercializadoraegs.com\/es\/wp-json\/wp\/v2\/product\/5088\/revisions"}],"predecessor-version":[{"id":12930,"href":"https:\/\/comercializadoraegs.com\/es\/wp-json\/wp\/v2\/product\/5088\/revisions\/12930"}],"wp:featuredmedia":[{"embeddable":true,"href":"https:\/\/comercializadoraegs.com\/es\/wp-json\/wp\/v2\/media\/5089"}],"wp:attachment":[{"href":"https:\/\/comercializadoraegs.com\/es\/wp-json\/wp\/v2\/media?parent=5088"}],"curies":[{"name":"wp","href":"https:\/\/api.w.org\/{rel}","templated":true}]}}