{"id":5092,"date":"2021-04-06T17:22:33","date_gmt":"2021-04-06T17:22:33","guid":{"rendered":"https:\/\/comercializadoraegs.com\/?post_type=product&#038;p=5092"},"modified":"2022-02-10T17:53:46","modified_gmt":"2022-02-10T17:53:46","slug":"bateria-para-nobreak-2","status":"publish","type":"product","link":"https:\/\/comercializadoraegs.com\/es\/product\/bateria-para-nobreak-2\/","title":{"rendered":"BATERIA PARA NOBREAK VOLTAJE 12V, DATASHIELD"},"content":{"rendered":"<p>\u201cLa bater\u00eda tiene una vida \u00fatil de 2 a 3 a\u00f1os en condiciones normales de operaci\u00f3n o aproximadamente 400 ciclos con una descarga mayor al 50% de su capacidad nominal\u201d<br \/>\n<strong>CONDICIONES AMBIENTALES<\/strong><br \/>\nIntervalo de temperatura operativa0 &#8211; 25 \u00b0C<br \/>\nIntervalo de humedad relativa para funcionamiento0 &#8211; 90%<br \/>\n<strong>COLOR<\/strong><br \/>\nColor del producto: Negro<br \/>\n<strong>BATER\u00cdA<\/strong><br \/>\nCapacidad de la bater\u00eda: 4,5 Ah<br \/>\nVoltaje de la pila: 12 V<br \/>\nDuraci\u00f3n de bater\u00eda: 5 a\u00f1o(s)<\/p>","protected":false},"excerpt":{"rendered":"<p><strong>Especificaciones<\/strong><\/p>\n<p>mi4217<br \/>\nColor del producto Negro<br \/>\nDuraci\u00f3n de bater\u00eda5 A\u00f1o(s)<br \/>\nVoltaje de la pila12 V<\/p>","protected":false},"featured_media":5093,"comment_status":"open","ping_status":"closed","template":"","meta":[],"_links":{"self":[{"href":"https:\/\/comercializadoraegs.com\/es\/wp-json\/wp\/v2\/product\/5092"}],"collection":[{"href":"https:\/\/comercializadoraegs.com\/es\/wp-json\/wp\/v2\/product"}],"about":[{"href":"https:\/\/comercializadoraegs.com\/es\/wp-json\/wp\/v2\/types\/product"}],"replies":[{"embeddable":true,"href":"https:\/\/comercializadoraegs.com\/es\/wp-json\/wp\/v2\/comments?post=5092"}],"version-history":[{"count":1,"href":"https:\/\/comercializadoraegs.com\/es\/wp-json\/wp\/v2\/product\/5092\/revisions"}],"predecessor-version":[{"id":12931,"href":"https:\/\/comercializadoraegs.com\/es\/wp-json\/wp\/v2\/product\/5092\/revisions\/12931"}],"wp:featuredmedia":[{"embeddable":true,"href":"https:\/\/comercializadoraegs.com\/es\/wp-json\/wp\/v2\/media\/5093"}],"wp:attachment":[{"href":"https:\/\/comercializadoraegs.com\/es\/wp-json\/wp\/v2\/media?parent=5092"}],"curies":[{"name":"wp","href":"https:\/\/api.w.org\/{rel}","templated":true}]}}