{"id":5100,"date":"2021-04-06T17:41:48","date_gmt":"2021-04-06T17:41:48","guid":{"rendered":"https:\/\/comercializadoraegs.com\/?post_type=product&#038;p=5100"},"modified":"2022-02-10T17:54:09","modified_gmt":"2022-02-10T17:54:09","slug":"adaptador-de-red","status":"publish","type":"product","link":"https:\/\/comercializadoraegs.com\/es\/product\/adaptador-de-red\/","title":{"rendered":"ADAPTADOR DE RED VELOCIDAD INAL\u00c1MBRICA 150MBPS, TP-LINK"},"content":{"rendered":"<p>Dise\u00f1o miniatura &#8211; Enchufe y olv\u00eddate<br \/>\nCon su tama\u00f1o miniatura y elegante dise\u00f1o, los usuarios pueden conectar el adaptador nano a cualquier puerto USB y dejarlo all\u00ed. No hay necesidad de preocuparse por el bloqueo de puertos USB adyacentes o que el adaptador puede caerse cuando se mueve un ordenador port\u00e1til conectado de un lugar A a B, con la peque\u00f1a ras dispositivo contra el puerto USB.<\/p>\n<p>Modo SoftAP<br \/>\nEnciende una conexi\u00f3n a internet por cable a un PC o port\u00e1til en un hotspot Wi-Fi<\/p>\n<p>Alto rendimiento<br \/>\nVelocidad Inal\u00e1mbrica 150Mbps<br \/>\nIdeal para el streaming de v\u00eddeo sin problemas, transmisi\u00f3n de voz y juegos en l\u00ednea<br \/>\nSeguridad Avanzada<br \/>\nSoporta Seguridad 64\/128 WEP, WPA\/WPA2, WPA-PSK\/WPA2-PSK<\/p>","protected":false},"excerpt":{"rendered":"<p><strong>Especificaciones<\/strong><br \/>\nColor del producto Negro<br \/>\nInterfaz de host USB<br \/>\nTasa de transferencia (m\u00e1x)150 Mbit\/s<\/p>","protected":false},"featured_media":5101,"comment_status":"open","ping_status":"closed","template":"","meta":[],"_links":{"self":[{"href":"https:\/\/comercializadoraegs.com\/es\/wp-json\/wp\/v2\/product\/5100"}],"collection":[{"href":"https:\/\/comercializadoraegs.com\/es\/wp-json\/wp\/v2\/product"}],"about":[{"href":"https:\/\/comercializadoraegs.com\/es\/wp-json\/wp\/v2\/types\/product"}],"replies":[{"embeddable":true,"href":"https:\/\/comercializadoraegs.com\/es\/wp-json\/wp\/v2\/comments?post=5100"}],"version-history":[{"count":1,"href":"https:\/\/comercializadoraegs.com\/es\/wp-json\/wp\/v2\/product\/5100\/revisions"}],"predecessor-version":[{"id":12933,"href":"https:\/\/comercializadoraegs.com\/es\/wp-json\/wp\/v2\/product\/5100\/revisions\/12933"}],"wp:featuredmedia":[{"embeddable":true,"href":"https:\/\/comercializadoraegs.com\/es\/wp-json\/wp\/v2\/media\/5101"}],"wp:attachment":[{"href":"https:\/\/comercializadoraegs.com\/es\/wp-json\/wp\/v2\/media?parent=5100"}],"curies":[{"name":"wp","href":"https:\/\/api.w.org\/{rel}","templated":true}]}}