{"id":5130,"date":"2021-04-06T18:36:02","date_gmt":"2021-04-06T18:36:02","guid":{"rendered":"https:\/\/comercializadoraegs.com\/?post_type=product&#038;p=5130"},"modified":"2025-09-06T18:27:46","modified_gmt":"2025-09-06T18:27:46","slug":"cable-usb-a-otg","status":"publish","type":"product","link":"https:\/\/comercializadoraegs.com\/es\/product\/cable-usb-a-otg\/","title":{"rendered":"CABLE USB A OTG 1M, BROBOTIX"},"content":{"rendered":"<p>Desate el poder de su tel\u00e9fono o Tablet, d\u00e1ndole acceso a los mismos perif\u00e9ricos USB que hacen que su PC m\u00e1s f\u00e1cil de usar &#8211; teclados, unidades flash y dispositivos de juego &#8211; con este USB On-The-Go.<\/p>\n<p><strong>CARACTER\u00cdSTICAS<\/strong><br \/>\nLongitud de cable0,1 m<br \/>\nVersi\u00f3n USB2.0<br \/>\nConector 1Micro-USB B<br \/>\nConector 2USB A<br \/>\nTipo de g\u00e9neroMacho\/hembra<br \/>\nColor del productoNegro<br \/>\nTasa de transferencia (m\u00e1x)480 Mbit\/s<\/p>","protected":false},"excerpt":{"rendered":"<p><strong>Especificaciones<\/strong><br \/>\nColor del producto: Negro<br \/>\nConector 1: USB<\/p>","protected":false},"featured_media":5131,"comment_status":"open","ping_status":"closed","template":"","meta":[],"_links":{"self":[{"href":"https:\/\/comercializadoraegs.com\/es\/wp-json\/wp\/v2\/product\/5130"}],"collection":[{"href":"https:\/\/comercializadoraegs.com\/es\/wp-json\/wp\/v2\/product"}],"about":[{"href":"https:\/\/comercializadoraegs.com\/es\/wp-json\/wp\/v2\/types\/product"}],"replies":[{"embeddable":true,"href":"https:\/\/comercializadoraegs.com\/es\/wp-json\/wp\/v2\/comments?post=5130"}],"version-history":[{"count":1,"href":"https:\/\/comercializadoraegs.com\/es\/wp-json\/wp\/v2\/product\/5130\/revisions"}],"predecessor-version":[{"id":12938,"href":"https:\/\/comercializadoraegs.com\/es\/wp-json\/wp\/v2\/product\/5130\/revisions\/12938"}],"wp:featuredmedia":[{"embeddable":true,"href":"https:\/\/comercializadoraegs.com\/es\/wp-json\/wp\/v2\/media\/5131"}],"wp:attachment":[{"href":"https:\/\/comercializadoraegs.com\/es\/wp-json\/wp\/v2\/media?parent=5130"}],"curies":[{"name":"wp","href":"https:\/\/api.w.org\/{rel}","templated":true}]}}