{"id":5151,"date":"2021-04-06T22:02:37","date_gmt":"2021-04-06T22:02:37","guid":{"rendered":"https:\/\/comercializadoraegs.com\/?post_type=product&#038;p=5151"},"modified":"2022-02-10T17:56:59","modified_gmt":"2022-02-10T17:56:59","slug":"procesador-athlon","status":"publish","type":"product","link":"https:\/\/comercializadoraegs.com\/es\/product\/procesador-athlon\/","title":{"rendered":"PROCESADOR ATHLON 3.2 GHz, ADM"},"content":{"rendered":"<p><strong>PROCESADOR<\/strong><br \/>\nFamilia de procesador AMD Athlon<br \/>\nFrecuencia del procesador: 3,2 GHz<br \/>\nN\u00famero de n\u00facleos de procesador: 2<br \/>\nSocket de procesador Z\u00f3calo AM: 4<br \/>\nComponente para PC<br \/>\nLitograf\u00eda del procesador: 14 nm<br \/>\nN\u00famero de filamentos de procesador: 4<br \/>\nCach\u00e9 del procesador4 MB<br \/>\nTipo de cache en procesador: L3<br \/>\nFrecuencia del procesador turbo: 3,2 GHz<br \/>\n<strong>MEMORIA<\/strong><br \/>\nCanales de memoria que admite el procesador Dual<br \/>\nVelocidad de reloj de memoria que admite el procesador2667 MHz<br \/>\n<strong>GR\u00c1FICOS<\/strong><br \/>\nAdaptador gr\u00e1fico incorporado<br \/>\nModelo de adaptador gr\u00e1fico incorporado AMD Radeon Vega 3<br \/>\nModelo de adaptador de gr\u00e1ficos discretos No disponible<br \/>\nFrecuencia base de gr\u00e1ficos incorporada1000 MHz<br \/>\nUnidades de c\u00f3mputo<\/p>","protected":false},"excerpt":{"rendered":"<p><strong>Especificaciones<\/strong><\/p>\n<ul>\n<li>200GE<\/li>\n<li>Cach\u00e9 del procesador:4 MB<\/li>\n<li>Familia de procesador: AMD Athlon<\/li>\n<li>Frecuencia del procesador: 3,2 GHz<\/li>\n<li>N\u00fam de n\u00facleos de procesador: 2 n\u00facleos<\/li>\n<li>Socket de procesadorSocket: AM4<\/li>\n<\/ul>","protected":false},"featured_media":5152,"comment_status":"open","ping_status":"closed","template":"","meta":[],"_links":{"self":[{"href":"https:\/\/comercializadoraegs.com\/es\/wp-json\/wp\/v2\/product\/5151"}],"collection":[{"href":"https:\/\/comercializadoraegs.com\/es\/wp-json\/wp\/v2\/product"}],"about":[{"href":"https:\/\/comercializadoraegs.com\/es\/wp-json\/wp\/v2\/types\/product"}],"replies":[{"embeddable":true,"href":"https:\/\/comercializadoraegs.com\/es\/wp-json\/wp\/v2\/comments?post=5151"}],"version-history":[{"count":1,"href":"https:\/\/comercializadoraegs.com\/es\/wp-json\/wp\/v2\/product\/5151\/revisions"}],"predecessor-version":[{"id":12943,"href":"https:\/\/comercializadoraegs.com\/es\/wp-json\/wp\/v2\/product\/5151\/revisions\/12943"}],"wp:featuredmedia":[{"embeddable":true,"href":"https:\/\/comercializadoraegs.com\/es\/wp-json\/wp\/v2\/media\/5152"}],"wp:attachment":[{"href":"https:\/\/comercializadoraegs.com\/es\/wp-json\/wp\/v2\/media?parent=5151"}],"curies":[{"name":"wp","href":"https:\/\/api.w.org\/{rel}","templated":true}]}}