{"id":5164,"date":"2021-04-06T22:22:16","date_gmt":"2021-04-06T22:22:16","guid":{"rendered":"https:\/\/comercializadoraegs.com\/?post_type=product&#038;p=5164"},"modified":"2025-11-29T16:25:18","modified_gmt":"2025-11-29T16:25:18","slug":"cubo-carga","status":"publish","type":"product","link":"https:\/\/comercializadoraegs.com\/es\/product\/cubo-carga\/","title":{"rendered":"CUBO CARGA CARGA EXTRA RAPIDA DE HASTA 3A, DISPOSITIVOS ANDROID Y APPLE"},"content":{"rendered":"<p>Cargador de pared TZCUBQ01 Carga Extra rapida de hasta 3A, Amplia compatibilidad: carga adaptable de casi cualquier dispositivo con alimentaci\u00f3n USB, lo que incluye dispositivos Android y Apple. Carga r\u00e1pida: la tecnolog\u00eda Qualcomm Quick Charge 3.0 recarga los dispositivos compatibles hasta un 80% en solo 35 minutos. Velocidad de carga 4 veces m\u00e1s r\u00e1pida que los cargadores convencionales.<\/p>","protected":false},"excerpt":{"rendered":"<p>Cargador de pared TZCUBQ01 Carga Extra rapida de hasta 3A, Amplia compatibilidad: carga adaptable de casi cualquier dispositivo con alimentaci\u00f3n USB, lo que incluye dispositivos Android y Apple.<\/p>\n<p>Carga r\u00e1pida: la tecnolog\u00eda Qualcomm Quick Charge 3.0 recarga los dispositivos compatibles hasta un 80% en solo 35 minutos. Velocidad de carga 4 veces m\u00e1s r\u00e1pida que los cargadores convencionales.<\/p>","protected":false},"featured_media":5165,"comment_status":"open","ping_status":"closed","template":"","meta":[],"_links":{"self":[{"href":"https:\/\/comercializadoraegs.com\/es\/wp-json\/wp\/v2\/product\/5164"}],"collection":[{"href":"https:\/\/comercializadoraegs.com\/es\/wp-json\/wp\/v2\/product"}],"about":[{"href":"https:\/\/comercializadoraegs.com\/es\/wp-json\/wp\/v2\/types\/product"}],"replies":[{"embeddable":true,"href":"https:\/\/comercializadoraegs.com\/es\/wp-json\/wp\/v2\/comments?post=5164"}],"version-history":[{"count":1,"href":"https:\/\/comercializadoraegs.com\/es\/wp-json\/wp\/v2\/product\/5164\/revisions"}],"predecessor-version":[{"id":12948,"href":"https:\/\/comercializadoraegs.com\/es\/wp-json\/wp\/v2\/product\/5164\/revisions\/12948"}],"wp:featuredmedia":[{"embeddable":true,"href":"https:\/\/comercializadoraegs.com\/es\/wp-json\/wp\/v2\/media\/5165"}],"wp:attachment":[{"href":"https:\/\/comercializadoraegs.com\/es\/wp-json\/wp\/v2\/media?parent=5164"}],"curies":[{"name":"wp","href":"https:\/\/api.w.org\/{rel}","templated":true}]}}