{"id":5167,"date":"2021-04-06T22:32:07","date_gmt":"2021-04-06T22:32:07","guid":{"rendered":"https:\/\/comercializadoraegs.com\/?post_type=product&#038;p=5167"},"modified":"2025-05-21T08:40:18","modified_gmt":"2025-05-21T08:40:18","slug":"fuente-de-poder-4","status":"publish","type":"product","link":"https:\/\/comercializadoraegs.com\/es\/product\/fuente-de-poder-4\/","title":{"rendered":"FUENTE DE PODER 500W, VORAGO"},"content":{"rendered":"<p><strong>Fuente de poder 500W<\/strong> : La eficiencia de la fuente de poder Power Supply 101 de Vorago\u2122 te permite aprovechar al m\u00e1ximo la energ\u00eda adem\u00e1s de proteger tu equipo de sobrecalentamientos, altibajos de voltaje o cortos circuitos.<br \/>\n<strong>Ventilaci\u00f3n constante<\/strong>: Su potente ventilador con amplias rejillas, mantienen la fuente a la temperatura optima de funcionamiento.<br \/>\n<strong>Practicidad<\/strong>: El cable de alimentaci\u00f3n es separable permiti\u00e9ndote una ventaja de conexi\u00f3n y pudiendo ser sustituido f\u00e1cilmente.<br \/>\n<strong>Versatilidad<\/strong>: Interruptor de 115 \/ 230 Volts para adaptarse a tus requerimientos espec\u00edficos de voltaje.<br \/>\nSeguridad y ahorro: Bot\u00f3n de encendido que te asegura la interrupci\u00f3n total de la corriente hacia tu equipo protegi\u00e9ndolo y ahorrando energ\u00eda.<br \/>\n<strong>PUERTOS E INTERFACES<\/strong><br \/>\nAlimentador de energ\u00eda para tarjeta madre20+4 pin ATX<br \/>\nN\u00famero de conectores de energ\u00eda SATA2<br \/>\nConectores de poder (4 pin) periferales (Molex)2<br \/>\nCPU P4 conector (4-pin)1<br \/>\nConector de poder floppy1<\/p>","protected":false},"excerpt":{"rendered":"<p><strong>Especificaciones<\/strong><br \/>\n<strong>Color del producto: <\/strong>Gris<br \/>\n<strong>Frecuencia de entrada<\/strong> AC47 &#8211; 63 Hz<br \/>\n<strong>Potencia nominal: <\/strong>500 W<br \/>\nUtilizar conPC<br \/>\n<strong>Voltaje de entrada AC <\/strong>90 &#8211; 264 V<\/p>","protected":false},"featured_media":5168,"comment_status":"open","ping_status":"closed","template":"","meta":[],"_links":{"self":[{"href":"https:\/\/comercializadoraegs.com\/es\/wp-json\/wp\/v2\/product\/5167"}],"collection":[{"href":"https:\/\/comercializadoraegs.com\/es\/wp-json\/wp\/v2\/product"}],"about":[{"href":"https:\/\/comercializadoraegs.com\/es\/wp-json\/wp\/v2\/types\/product"}],"replies":[{"embeddable":true,"href":"https:\/\/comercializadoraegs.com\/es\/wp-json\/wp\/v2\/comments?post=5167"}],"version-history":[{"count":1,"href":"https:\/\/comercializadoraegs.com\/es\/wp-json\/wp\/v2\/product\/5167\/revisions"}],"predecessor-version":[{"id":12949,"href":"https:\/\/comercializadoraegs.com\/es\/wp-json\/wp\/v2\/product\/5167\/revisions\/12949"}],"wp:featuredmedia":[{"embeddable":true,"href":"https:\/\/comercializadoraegs.com\/es\/wp-json\/wp\/v2\/media\/5168"}],"wp:attachment":[{"href":"https:\/\/comercializadoraegs.com\/es\/wp-json\/wp\/v2\/media?parent=5167"}],"curies":[{"name":"wp","href":"https:\/\/api.w.org\/{rel}","templated":true}]}}