{"id":5175,"date":"2021-04-06T22:52:48","date_gmt":"2021-04-06T22:52:48","guid":{"rendered":"https:\/\/comercializadoraegs.com\/?post_type=product&#038;p=5175"},"modified":"2022-02-10T18:01:41","modified_gmt":"2022-02-10T18:01:41","slug":"escaner-lide","status":"publish","type":"product","link":"https:\/\/comercializadoraegs.com\/es\/product\/escaner-lide\/","title":{"rendered":"ESCANER LIDE 2400*2400DPI, CANON"},"content":{"rendered":"<p>SCANER CANON Scan LiDE 300 (2995C003AA). Velocidad de escaneo: 10 seg. Esc\u00e1ner a color de cama plana. Resoluci\u00f3n \u00f3ptica: 2400 x 2400 dpi. Cama plana: Carta. Dise\u00f1ado para el ahorro de energia LED de 3 colores. Modo de Escaneo Autom\u00e1tico, Archivo Digital, Escaneo a Alta Velocidad, Correcci\u00f3n de Imagen. Botones del esc\u00e1ner: Escaneo Autom\u00e1tico, Copiado, PDF, Enviar. Compatibilidad: Windows y Mac. Conectividad: USB de Alta Velocidad. Dimensiones: 25x37x4.2cm. Peso: 1.7 kgs.<br \/>\n<strong>PUERTOS E INTERFACES<\/strong><br \/>\nPuerto USB<br \/>\nVersi\u00f3n USB2.0<br \/>\nInterfaz est\u00e1ndar USB 2.0<br \/>\n<strong>EXPLORACI\u00d3N<\/strong><br \/>\nTama\u00f1o m\u00e1ximo de escaneado215,9 x 297,18 mm<br \/>\nResoluci\u00f3n \u00f3ptica de esc\u00e1ner2400 x 2400 DPI<br \/>\nEsc\u00e1ner a color<br \/>\nProfundidad de entrada de color48 bit<br \/>\nProfundidad de salida de color48 bit<br \/>\nProfundidad de entrada de escala de grises16 bit<br \/>\nProfundidad de salida en escala de grises8 bit<\/p>","protected":false},"excerpt":{"rendered":"<ul>\n<li>PUERTOS E INTERFACES<\/li>\n<li>Puerto USB<\/li>\n<li>Versi\u00f3n USB2.0<\/li>\n<li>Interfaz est\u00e1ndar USB 2.0<\/li>\n<\/ul>","protected":false},"featured_media":5176,"comment_status":"open","ping_status":"closed","template":"","meta":[],"_links":{"self":[{"href":"https:\/\/comercializadoraegs.com\/es\/wp-json\/wp\/v2\/product\/5175"}],"collection":[{"href":"https:\/\/comercializadoraegs.com\/es\/wp-json\/wp\/v2\/product"}],"about":[{"href":"https:\/\/comercializadoraegs.com\/es\/wp-json\/wp\/v2\/types\/product"}],"replies":[{"embeddable":true,"href":"https:\/\/comercializadoraegs.com\/es\/wp-json\/wp\/v2\/comments?post=5175"}],"version-history":[{"count":1,"href":"https:\/\/comercializadoraegs.com\/es\/wp-json\/wp\/v2\/product\/5175\/revisions"}],"predecessor-version":[{"id":12951,"href":"https:\/\/comercializadoraegs.com\/es\/wp-json\/wp\/v2\/product\/5175\/revisions\/12951"}],"wp:featuredmedia":[{"embeddable":true,"href":"https:\/\/comercializadoraegs.com\/es\/wp-json\/wp\/v2\/media\/5176"}],"wp:attachment":[{"href":"https:\/\/comercializadoraegs.com\/es\/wp-json\/wp\/v2\/media?parent=5175"}],"curies":[{"name":"wp","href":"https:\/\/api.w.org\/{rel}","templated":true}]}}