{"id":5190,"date":"2021-04-07T15:30:58","date_gmt":"2021-04-07T15:30:58","guid":{"rendered":"https:\/\/comercializadoraegs.com\/?post_type=product&#038;p=5190"},"modified":"2022-02-10T18:01:56","modified_gmt":"2022-02-10T18:01:56","slug":"base-enfriadora","status":"publish","type":"product","link":"https:\/\/comercializadoraegs.com\/es\/product\/base-enfriadora\/","title":{"rendered":"BASE ENFRIADORA (3*33.5*25.5Cm), BROBOTIX"},"content":{"rendered":"<p>Base para laptop con sistema de enfriamiento de un ventilador que env\u00eda aire a la base del equipo para ayudarlo a trabajar a la temperatura \u00f3ptima para prolongar su vida \u00fatil. Tiene ajuste de inclinaci\u00f3n y se alimenta directamente del puerto usb.<br \/>\n<strong>DETALLES T\u00c9CNICOS<\/strong><br \/>\nN\u00famero de ventiladores incluidos1 pieza(s)<br \/>\nTama\u00f1o m\u00e1ximo de pantalla 38,1 cm (15&#8243;)<br \/>\nDi\u00e1metro de ventilador 6 cm<br \/>\nVelocidad de rotaci\u00f3n 320 RPM<br \/>\nColor del producto Negro, Azul<br \/>\n<strong>PUERTOS E INTERFACES<\/strong><br \/>\nInterfaz de host USB<br \/>\n<strong>PESO Y DIMENSIONES<\/strong><br \/>\nAncho: 3 cm<br \/>\nAltura: 33.5 cm<br \/>\nProfundidad: 25.5 cm<br \/>\nPeso: 4 kg<br \/>\n<strong>CONTROL DE ENERG\u00cdA<\/strong><br \/>\nUSB con suministro de corriente<\/p>","protected":false},"excerpt":{"rendered":"<p><strong>Especificaciones<\/strong><br \/>\nColor del producto: Azul<br \/>\nMarca compatible: Universal<br \/>\nTipo: Ventilador<\/p>","protected":false},"featured_media":5191,"comment_status":"open","ping_status":"closed","template":"","meta":[],"_links":{"self":[{"href":"https:\/\/comercializadoraegs.com\/es\/wp-json\/wp\/v2\/product\/5190"}],"collection":[{"href":"https:\/\/comercializadoraegs.com\/es\/wp-json\/wp\/v2\/product"}],"about":[{"href":"https:\/\/comercializadoraegs.com\/es\/wp-json\/wp\/v2\/types\/product"}],"replies":[{"embeddable":true,"href":"https:\/\/comercializadoraegs.com\/es\/wp-json\/wp\/v2\/comments?post=5190"}],"version-history":[{"count":1,"href":"https:\/\/comercializadoraegs.com\/es\/wp-json\/wp\/v2\/product\/5190\/revisions"}],"predecessor-version":[{"id":12952,"href":"https:\/\/comercializadoraegs.com\/es\/wp-json\/wp\/v2\/product\/5190\/revisions\/12952"}],"wp:featuredmedia":[{"embeddable":true,"href":"https:\/\/comercializadoraegs.com\/es\/wp-json\/wp\/v2\/media\/5191"}],"wp:attachment":[{"href":"https:\/\/comercializadoraegs.com\/es\/wp-json\/wp\/v2\/media?parent=5190"}],"curies":[{"name":"wp","href":"https:\/\/api.w.org\/{rel}","templated":true}]}}