{"id":5215,"date":"2021-04-07T16:34:11","date_gmt":"2021-04-07T16:34:11","guid":{"rendered":"https:\/\/comercializadoraegs.com\/?post_type=product&#038;p=5215"},"modified":"2022-06-20T18:28:33","modified_gmt":"2022-06-20T18:28:33","slug":"mouse-logitech","status":"publish","type":"product","link":"https:\/\/comercializadoraegs.com\/es\/product\/mouse-logitech\/","title":{"rendered":"MOUSE LOGITECH M90, NEGRO, USB, \u00d3PTICO, 1000 DPI"},"content":{"rendered":"<p><strong>DISPOSITIVO DE ENTRADA<\/strong><br \/>\nInterfaz del dispositivo USB<br \/>\nUtilizar con Oficina<br \/>\nTipo de botones Pressed buttons<br \/>\nCantidad de botones3<br \/>\nTipo de desplazamiento Rueda<br \/>\nTecnolog\u00eda de detecci\u00f3n de movimientos \u00d3ptico<br \/>\nUso recomendado PC\/ordenador port\u00e1til<br \/>\n<strong>EMPAQUETADO<\/strong><br \/>\nCantidad: 1<br \/>\nLa instalaci\u00f3n es r\u00e1pida y f\u00e1cil: basta con conectar el cable a un puerto USB, sin necesidad de instalar software. Como tiene cable, puede conectarlo a un puerto USB y usarlo inmediatamente.<br \/>\nComodidad total, dise\u00f1o para uso ambidiestro<br \/>\nSeguimiento \u00f3ptico de alta definici\u00f3n<br \/>\nFabricado por Logitech<\/p>","protected":false},"excerpt":{"rendered":"<p><strong>Especificaciones<\/strong><br \/>\n<strong>Color del producto<\/strong>: Negro<br \/>\n<strong>Interfaz del dispositivo<\/strong>: USB<br \/>\n<strong>Resoluci\u00f3n de movimiento<\/strong>: 1000 DPI<br \/>\n<strong>Tecnolog\u00eda de movimientos:<\/strong> \u00d3ptico<\/p>","protected":false},"featured_media":5216,"comment_status":"open","ping_status":"closed","template":"","meta":[],"_links":{"self":[{"href":"https:\/\/comercializadoraegs.com\/es\/wp-json\/wp\/v2\/product\/5215"}],"collection":[{"href":"https:\/\/comercializadoraegs.com\/es\/wp-json\/wp\/v2\/product"}],"about":[{"href":"https:\/\/comercializadoraegs.com\/es\/wp-json\/wp\/v2\/types\/product"}],"replies":[{"embeddable":true,"href":"https:\/\/comercializadoraegs.com\/es\/wp-json\/wp\/v2\/comments?post=5215"}],"version-history":[{"count":3,"href":"https:\/\/comercializadoraegs.com\/es\/wp-json\/wp\/v2\/product\/5215\/revisions"}],"predecessor-version":[{"id":13578,"href":"https:\/\/comercializadoraegs.com\/es\/wp-json\/wp\/v2\/product\/5215\/revisions\/13578"}],"wp:featuredmedia":[{"embeddable":true,"href":"https:\/\/comercializadoraegs.com\/es\/wp-json\/wp\/v2\/media\/5216"}],"wp:attachment":[{"href":"https:\/\/comercializadoraegs.com\/es\/wp-json\/wp\/v2\/media?parent=5215"}],"curies":[{"name":"wp","href":"https:\/\/api.w.org\/{rel}","templated":true}]}}