{"id":5225,"date":"2021-04-07T20:05:05","date_gmt":"2021-04-07T20:05:05","guid":{"rendered":"https:\/\/comercializadoraegs.com\/?post_type=product&#038;p=5225"},"modified":"2022-02-10T18:04:02","modified_gmt":"2022-02-10T18:04:02","slug":"memoria-ram","status":"publish","type":"product","link":"https:\/\/comercializadoraegs.com\/es\/product\/memoria-ram\/","title":{"rendered":"MEMORIA RAM ADATA 4GB PARA LAPTOP DDR3"},"content":{"rendered":"<p><strong>MEMORIA<\/strong><br \/>\nMemoria interna -&gt; 4 GB<br \/>\nTipo de memoria interna -&gt; DDR4<br \/>\nVelocidad de memoria del reloj -&gt; 2666 MHz<br \/>\nComponente para -&gt; PC\/servidor<br \/>\nForma de factor de memoria -&gt; 288-pin DIMM<br \/>\nDise\u00f1o de memoria (m\u00f3dulos x tama\u00f1o)1 x 4 GB<br \/>\nLatencia CAS19<br \/>\nVoltaje de memoria1.2 V<br \/>\nConfiguraci\u00f3n de m\u00f3dulos512M x 16<br \/>\nMemoria sin buffer<br \/>\n<strong>PESO Y DIMENSIONES<\/strong><br \/>\nAncho -&gt; 1 cm<br \/>\nAltura -&gt; 5.5 cm<br \/>\nProfundidad -&gt;17 cm<br \/>\nPeso -&gt; 0.03 kg<br \/>\n<strong>DATOS LOG\u00cdSTICOS<\/strong><br \/>\nLargo de la caja principal -&gt; 25,5 cm<br \/>\nLongitud de la caja -&gt;54,5 cm<br \/>\nAlto de la caja principal -&gt; 27,8 cm<br \/>\nCantidad por caja -&gt;300 pieza(s)<br \/>\nPeso neto de caja -&gt; 7,5 kg<br \/>\nPeso bruto de caja -&gt;8,25 kg<\/p>","protected":false},"excerpt":{"rendered":"<p><strong>Especificaciones<\/strong><br \/>\nComponente par PC\/server<br \/>\nForma de factor de memoria288-pin DIMM<br \/>\nMemoria interna4 GB<br \/>\nTipo de memoria internaDDR4<br \/>\nVelocidad del reloj2666 MHz<\/p>","protected":false},"featured_media":5226,"comment_status":"open","ping_status":"closed","template":"","meta":[],"_links":{"self":[{"href":"https:\/\/comercializadoraegs.com\/es\/wp-json\/wp\/v2\/product\/5225"}],"collection":[{"href":"https:\/\/comercializadoraegs.com\/es\/wp-json\/wp\/v2\/product"}],"about":[{"href":"https:\/\/comercializadoraegs.com\/es\/wp-json\/wp\/v2\/types\/product"}],"replies":[{"embeddable":true,"href":"https:\/\/comercializadoraegs.com\/es\/wp-json\/wp\/v2\/comments?post=5225"}],"version-history":[{"count":1,"href":"https:\/\/comercializadoraegs.com\/es\/wp-json\/wp\/v2\/product\/5225\/revisions"}],"predecessor-version":[{"id":12342,"href":"https:\/\/comercializadoraegs.com\/es\/wp-json\/wp\/v2\/product\/5225\/revisions\/12342"}],"wp:featuredmedia":[{"embeddable":true,"href":"https:\/\/comercializadoraegs.com\/es\/wp-json\/wp\/v2\/media\/5226"}],"wp:attachment":[{"href":"https:\/\/comercializadoraegs.com\/es\/wp-json\/wp\/v2\/media?parent=5225"}],"curies":[{"name":"wp","href":"https:\/\/api.w.org\/{rel}","templated":true}]}}